{"id":2142,"date":"2021-07-12T15:29:29","date_gmt":"2021-07-12T13:29:29","guid":{"rendered":"https:\/\/tsp-gis.de\/?page_id=2142"},"modified":"2022-09-15T11:37:55","modified_gmt":"2022-09-15T09:37:55","slug":"liability","status":"publish","type":"page","link":"https:\/\/tsp-gis.de\/en\/liability\/","title":{"rendered":"Liability"},"content":{"rendered":"<h1 style=\"\"><strong>T.S.P. &#8211; Company for Information Systems mbH<\/strong><\/h1>\n<p>Foundation: 1984Headquarter: Im Ermlisgrund 18, 76337 WaldbronnTel.: <a href=\"tel:0049%20-%207243%20-%2056%2042%20-%200\" style=\"outline: none;\">+49 &#8211; 7243 &#8211; 56 42 \u2013 0Fax<\/a>:&nbsp;<a href=\"mailto:+49%20-%207243%20-%2056%2042%20%E2%80%93%2080%0bE-Mail%3A%20\" style=\"outline: none;\">+49 &#8211; 7243 &#8211; 56 42 \u2013 80E-Mail:&nbsp;<\/a><a href=\"mailto:tsp@tsp-gis.de\" style=\"outline: none;\">tsp@tsp-gis.de<\/a>Rechtsform: GmbH Managing director: Alexander K\u00fchn Gerhard Sch\u00f6ninger Dipl. Math. Werner Thom\u00e9 Register Court: Amtsgericht Mannheim Register number: HRB 361035 VAT ID: DE143246178 Conception &amp; realization: Kathrin Wahl &nbsp; &nbsp; &nbsp; &nbsp; &nbsp; &nbsp; &nbsp; &nbsp; &nbsp; &nbsp; &nbsp; &nbsp; &nbsp; &nbsp; &nbsp; &nbsp; &nbsp; &nbsp; &nbsp; &nbsp; &nbsp;Caroline K\u00f6hler &nbsp; &nbsp; &nbsp; &nbsp; &nbsp; &nbsp; &nbsp; &nbsp; &nbsp; &nbsp; &nbsp; &nbsp; &nbsp; &nbsp; &nbsp; &nbsp; &nbsp; &nbsp; &nbsp; &nbsp; &nbsp;Andreas Finken &nbsp; &nbsp; &nbsp; &nbsp; &nbsp; &nbsp; &nbsp; &nbsp; &nbsp; &nbsp; &nbsp; &nbsp; &nbsp; &nbsp; &nbsp; &nbsp; &nbsp; &nbsp; &nbsp; &nbsp; &nbsp;Chris Sch\u00e4tzle<\/p>\n<p><strong>DISCLAIMER<\/strong><strong>Dispute resolutionThe&nbsp;<\/strong>European Commission provides a platform for online dispute resolution (OS): https:\/\/ec.europa.eu\/consumers\/odr. You can find our e-mail address at the top of the imprint. We are not willing or obliged to participate in dispute resolution proceedings before a consumer arbitration board.<\/p>\n<p><strong>Liability for content<\/strong><\/p>\n<p>As a service provider, we are responsible for our own content on these pages in accordance with general legislation pursuant to Section 7 (1) of the German Telemedia Act (TMG). According to \u00a7\u00a7 8 to 10 TMG, however, we are not obligated as a service provider to monitor transmitted or stored third-party information or to investigate circumstances that indicate illegal activity. Obligations to remove or block the use of information under the general laws remain unaffected. However, liability in this regard is only possible from the point in time at which a concrete infringement of the law becomes known. If we become aware of such infringements, we will remove this content immediately.&nbsp;<\/p>\n<p><strong>Liability for links<\/strong><\/p>\n<p>Our<strong>&nbsp;<\/strong>offer contains links to external websites of third parties, on whose contents we have no influence. Therefore, we cannot assume any liability for these external contents. The respective provider or operator of the pages is always responsible for the content of the linked pages. The linked pages were checked for possible legal violations at the time of linking. Illegal contents were not recognizable at the time of linking. However, a permanent control of the contents of the linked pages is not reasonable without concrete evidence of a violation of the law. If we become aware of any infringements, we will remove such links immediately.&nbsp;<\/p>\n<p><strong>Copyright<\/strong><\/p>\n<p>The<strong>&nbsp;<\/strong>content and works created by the site operators on these pages are subject to German copyright law. Duplication, processing, distribution, or any form of commercialization of such material beyond the scope of the copyright law shall require the prior written consent of its respective author or creator. Downloads and copies of this site are only permitted for private, non-commercial use. Insofar as the content on this site was not created by the operator, the copyrights of third parties are respected. In particular, third-party content is identified as such. Should you nevertheless become aware of a copyright infringement, please inform us accordingly. If we become aware of any infringements, we will remove such content immediately.&nbsp;<\/p>\n<p><strong>Legal information on warning attempts<\/strong><\/p>\n<p>If the<strong>&nbsp;<\/strong>rights of third parties or legal provisions have been violated by the presentation or content of these Internet pages, we request that you notify us accordingly without incurring any costs. We guarantee the immediate removal of the rightly objected passages, without the intervention of a legal counsel being necessary on your part. Should costs nevertheless be incurred by you without prior contact with us, these will be rejected in full. If necessary, a counterclaim&nbsp;will be filed&nbsp;for violation of the aforementioned provisions.&nbsp;<\/p>\n<p>\u00a9 2021 T.S.P. Gesellschaft f\u00fcr Informationssysteme mbH&nbsp;<\/p>\n","protected":false},"excerpt":{"rendered":"<p>T.S.P. &#8211; Company for Information Systems mbH Foundation: 1984Headquarter: Im Ermlisgrund 18, 76337 WaldbronnTel.: +49 &#8211; 7243 &#8211; 56 42 \u2013 0Fax:&nbsp;+49 &#8211; 7243 &#8211; 56 42 \u2013 80E-Mail:&nbsp;tsp@tsp-gis.deRechtsform: GmbH Managing director: Alexander K\u00fchn Gerhard Sch\u00f6ninger Dipl. Math. Werner Thom\u00e9 Register Court: Amtsgericht Mannheim Register number: HRB 361035 VAT ID: DE143246178 Conception &amp; realization: Kathrin [&hellip;]<\/p>\n","protected":false},"author":2,"featured_media":2299,"parent":0,"menu_order":0,"comment_status":"closed","ping_status":"closed","template":"","meta":{"footnotes":""},"class_list":["post-2142","page","type-page","status-publish","has-post-thumbnail","hentry","post-wrapper","thrv_wrapper"],"yoast_head":"<!-- This site is optimized with the Yoast SEO plugin v27.0 - https:\/\/yoast.com\/product\/yoast-seo-wordpress\/ -->\n<title>Imprint of T. S. P | Your partner for information systems<\/title>\n<meta name=\"robots\" content=\"index, follow, max-snippet:-1, max-image-preview:large, max-video-preview:-1\" \/>\n<link rel=\"canonical\" href=\"https:\/\/tsp-gis.de\/en\/liability\/\" \/>\n<meta property=\"og:locale\" content=\"en_US\" \/>\n<meta property=\"og:type\" content=\"article\" \/>\n<meta property=\"og:title\" content=\"Imprint of T. S. P | Your partner for information systems\" \/>\n<meta property=\"og:description\" content=\"T.S.P. &#8211; Company for Information Systems mbH Foundation: 1984Headquarter: Im Ermlisgrund 18, 76337 WaldbronnTel.: +49 &#8211; 7243 &#8211; 56 42 \u2013 0Fax:&nbsp;+49 &#8211; 7243 &#8211; 56 42 \u2013 80E-Mail:&nbsp;tsp@tsp-gis.deRechtsform: GmbH Managing director: Alexander K\u00fchn Gerhard Sch\u00f6ninger Dipl. Math. Werner Thom\u00e9 Register Court: Amtsgericht Mannheim Register number: HRB 361035 VAT ID: DE143246178 Conception &amp; realization: Kathrin [&hellip;]\" \/>\n<meta property=\"og:url\" content=\"https:\/\/tsp-gis.de\/en\/liability\/\" \/>\n<meta property=\"og:site_name\" content=\"T.S.P.\" \/>\n<meta property=\"article:modified_time\" content=\"2022-09-15T09:37:55+00:00\" \/>\n<meta property=\"og:image\" content=\"https:\/\/tsp-gis.de\/wp-content\/uploads\/2021\/07\/Startseite-scaled-e1625131083254.jpg\" \/>\n\t<meta property=\"og:image:width\" content=\"2560\" \/>\n\t<meta property=\"og:image:height\" content=\"563\" \/>\n\t<meta property=\"og:image:type\" content=\"image\/jpeg\" \/>\n<meta name=\"twitter:card\" content=\"summary_large_image\" \/>\n<meta name=\"twitter:label1\" content=\"Est. reading time\" \/>\n\t<meta name=\"twitter:data1\" content=\"3 minutes\" \/>\n<script type=\"application\/ld+json\" class=\"yoast-schema-graph\">{\"@context\":\"https:\/\/schema.org\",\"@graph\":[{\"@type\":\"WebPage\",\"@id\":\"https:\/\/tsp-gis.de\/en\/liability\/\",\"url\":\"https:\/\/tsp-gis.de\/en\/liability\/\",\"name\":\"Imprint of T. S. P | Your partner for information systems\",\"isPartOf\":{\"@id\":\"https:\/\/tsp-gis.de\/en\/#website\"},\"primaryImageOfPage\":{\"@id\":\"https:\/\/tsp-gis.de\/en\/liability\/#primaryimage\"},\"image\":{\"@id\":\"https:\/\/tsp-gis.de\/en\/liability\/#primaryimage\"},\"thumbnailUrl\":\"https:\/\/tsp-gis.de\/wp-content\/uploads\/2021\/07\/Startseite-scaled-e1625131083254.jpg\",\"datePublished\":\"2021-07-12T13:29:29+00:00\",\"dateModified\":\"2022-09-15T09:37:55+00:00\",\"breadcrumb\":{\"@id\":\"https:\/\/tsp-gis.de\/en\/liability\/#breadcrumb\"},\"inLanguage\":\"en-US\",\"potentialAction\":[{\"@type\":\"ReadAction\",\"target\":[\"https:\/\/tsp-gis.de\/en\/liability\/\"]}]},{\"@type\":\"ImageObject\",\"inLanguage\":\"en-US\",\"@id\":\"https:\/\/tsp-gis.de\/en\/liability\/#primaryimage\",\"url\":\"https:\/\/tsp-gis.de\/wp-content\/uploads\/2021\/07\/Startseite-scaled-e1625131083254.jpg\",\"contentUrl\":\"https:\/\/tsp-gis.de\/wp-content\/uploads\/2021\/07\/Startseite-scaled-e1625131083254.jpg\",\"width\":2560,\"height\":563,\"caption\":\"Sailing crew on sailboat during regatta. http:\/\/santoriniphoto.com\/Template-Sailing.jpg\"},{\"@type\":\"BreadcrumbList\",\"@id\":\"https:\/\/tsp-gis.de\/en\/liability\/#breadcrumb\",\"itemListElement\":[{\"@type\":\"ListItem\",\"position\":1,\"name\":\"Startseite\",\"item\":\"https:\/\/tsp-gis.de\/en\/\"},{\"@type\":\"ListItem\",\"position\":2,\"name\":\"Liability\"}]},{\"@type\":\"WebSite\",\"@id\":\"https:\/\/tsp-gis.de\/en\/#website\",\"url\":\"https:\/\/tsp-gis.de\/en\/\",\"name\":\"T.S.P.\",\"description\":\"Warehouse Management 4.0 and Business Continuity for IBM i\",\"publisher\":{\"@id\":\"https:\/\/tsp-gis.de\/en\/#organization\"},\"potentialAction\":[{\"@type\":\"SearchAction\",\"target\":{\"@type\":\"EntryPoint\",\"urlTemplate\":\"https:\/\/tsp-gis.de\/en\/?s={search_term_string}\"},\"query-input\":{\"@type\":\"PropertyValueSpecification\",\"valueRequired\":true,\"valueName\":\"search_term_string\"}}],\"inLanguage\":\"en-US\"},{\"@type\":\"Organization\",\"@id\":\"https:\/\/tsp-gis.de\/en\/#organization\",\"name\":\"T.S.P. Gesellschaft f\u00fcr Informationssysteme mbH\",\"url\":\"https:\/\/tsp-gis.de\/en\/\",\"logo\":{\"@type\":\"ImageObject\",\"inLanguage\":\"en-US\",\"@id\":\"https:\/\/tsp-gis.de\/en\/#\/schema\/logo\/image\/\",\"url\":\"https:\/\/tsp-gis.de\/wp-content\/uploads\/2021\/05\/logo-1.png\",\"contentUrl\":\"https:\/\/tsp-gis.de\/wp-content\/uploads\/2021\/05\/logo-1.png\",\"width\":1628,\"height\":880,\"caption\":\"T.S.P. Gesellschaft f\u00fcr Informationssysteme mbH\"},\"image\":{\"@id\":\"https:\/\/tsp-gis.de\/en\/#\/schema\/logo\/image\/\"}}]}<\/script>\n<!-- \/ Yoast SEO plugin. -->","yoast_head_json":{"title":"Imprint of T. S. P | Your partner for information systems","robots":{"index":"index","follow":"follow","max-snippet":"max-snippet:-1","max-image-preview":"max-image-preview:large","max-video-preview":"max-video-preview:-1"},"canonical":"https:\/\/tsp-gis.de\/en\/liability\/","og_locale":"en_US","og_type":"article","og_title":"Imprint of T. S. P | Your partner for information systems","og_description":"T.S.P. &#8211; Company for Information Systems mbH Foundation: 1984Headquarter: Im Ermlisgrund 18, 76337 WaldbronnTel.: +49 &#8211; 7243 &#8211; 56 42 \u2013 0Fax:&nbsp;+49 &#8211; 7243 &#8211; 56 42 \u2013 80E-Mail:&nbsp;tsp@tsp-gis.deRechtsform: GmbH Managing director: Alexander K\u00fchn Gerhard Sch\u00f6ninger Dipl. Math. Werner Thom\u00e9 Register Court: Amtsgericht Mannheim Register number: HRB 361035 VAT ID: DE143246178 Conception &amp; realization: Kathrin [&hellip;]","og_url":"https:\/\/tsp-gis.de\/en\/liability\/","og_site_name":"T.S.P.","article_modified_time":"2022-09-15T09:37:55+00:00","og_image":[{"width":2560,"height":563,"url":"https:\/\/tsp-gis.de\/wp-content\/uploads\/2021\/07\/Startseite-scaled-e1625131083254.jpg","type":"image\/jpeg"}],"twitter_card":"summary_large_image","twitter_misc":{"Est. reading time":"3 minutes"},"schema":{"@context":"https:\/\/schema.org","@graph":[{"@type":"WebPage","@id":"https:\/\/tsp-gis.de\/en\/liability\/","url":"https:\/\/tsp-gis.de\/en\/liability\/","name":"Imprint of T. S. P | Your partner for information systems","isPartOf":{"@id":"https:\/\/tsp-gis.de\/en\/#website"},"primaryImageOfPage":{"@id":"https:\/\/tsp-gis.de\/en\/liability\/#primaryimage"},"image":{"@id":"https:\/\/tsp-gis.de\/en\/liability\/#primaryimage"},"thumbnailUrl":"https:\/\/tsp-gis.de\/wp-content\/uploads\/2021\/07\/Startseite-scaled-e1625131083254.jpg","datePublished":"2021-07-12T13:29:29+00:00","dateModified":"2022-09-15T09:37:55+00:00","breadcrumb":{"@id":"https:\/\/tsp-gis.de\/en\/liability\/#breadcrumb"},"inLanguage":"en-US","potentialAction":[{"@type":"ReadAction","target":["https:\/\/tsp-gis.de\/en\/liability\/"]}]},{"@type":"ImageObject","inLanguage":"en-US","@id":"https:\/\/tsp-gis.de\/en\/liability\/#primaryimage","url":"https:\/\/tsp-gis.de\/wp-content\/uploads\/2021\/07\/Startseite-scaled-e1625131083254.jpg","contentUrl":"https:\/\/tsp-gis.de\/wp-content\/uploads\/2021\/07\/Startseite-scaled-e1625131083254.jpg","width":2560,"height":563,"caption":"Sailing crew on sailboat during regatta. http:\/\/santoriniphoto.com\/Template-Sailing.jpg"},{"@type":"BreadcrumbList","@id":"https:\/\/tsp-gis.de\/en\/liability\/#breadcrumb","itemListElement":[{"@type":"ListItem","position":1,"name":"Startseite","item":"https:\/\/tsp-gis.de\/en\/"},{"@type":"ListItem","position":2,"name":"Liability"}]},{"@type":"WebSite","@id":"https:\/\/tsp-gis.de\/en\/#website","url":"https:\/\/tsp-gis.de\/en\/","name":"T.S.P.","description":"Warehouse Management 4.0 and Business Continuity for IBM i","publisher":{"@id":"https:\/\/tsp-gis.de\/en\/#organization"},"potentialAction":[{"@type":"SearchAction","target":{"@type":"EntryPoint","urlTemplate":"https:\/\/tsp-gis.de\/en\/?s={search_term_string}"},"query-input":{"@type":"PropertyValueSpecification","valueRequired":true,"valueName":"search_term_string"}}],"inLanguage":"en-US"},{"@type":"Organization","@id":"https:\/\/tsp-gis.de\/en\/#organization","name":"T.S.P. Gesellschaft f\u00fcr Informationssysteme mbH","url":"https:\/\/tsp-gis.de\/en\/","logo":{"@type":"ImageObject","inLanguage":"en-US","@id":"https:\/\/tsp-gis.de\/en\/#\/schema\/logo\/image\/","url":"https:\/\/tsp-gis.de\/wp-content\/uploads\/2021\/05\/logo-1.png","contentUrl":"https:\/\/tsp-gis.de\/wp-content\/uploads\/2021\/05\/logo-1.png","width":1628,"height":880,"caption":"T.S.P. Gesellschaft f\u00fcr Informationssysteme mbH"},"image":{"@id":"https:\/\/tsp-gis.de\/en\/#\/schema\/logo\/image\/"}}]}},"_links":{"self":[{"href":"https:\/\/tsp-gis.de\/en\/wp-json\/wp\/v2\/pages\/2142","targetHints":{"allow":["GET"]}}],"collection":[{"href":"https:\/\/tsp-gis.de\/en\/wp-json\/wp\/v2\/pages"}],"about":[{"href":"https:\/\/tsp-gis.de\/en\/wp-json\/wp\/v2\/types\/page"}],"author":[{"embeddable":true,"href":"https:\/\/tsp-gis.de\/en\/wp-json\/wp\/v2\/users\/2"}],"replies":[{"embeddable":true,"href":"https:\/\/tsp-gis.de\/en\/wp-json\/wp\/v2\/comments?post=2142"}],"version-history":[{"count":8,"href":"https:\/\/tsp-gis.de\/en\/wp-json\/wp\/v2\/pages\/2142\/revisions"}],"predecessor-version":[{"id":3564,"href":"https:\/\/tsp-gis.de\/en\/wp-json\/wp\/v2\/pages\/2142\/revisions\/3564"}],"wp:featuredmedia":[{"embeddable":true,"href":"https:\/\/tsp-gis.de\/en\/wp-json\/wp\/v2\/media\/2299"}],"wp:attachment":[{"href":"https:\/\/tsp-gis.de\/en\/wp-json\/wp\/v2\/media?parent=2142"}],"curies":[{"name":"wp","href":"https:\/\/api.w.org\/{rel}","templated":true}]}}