{"id":2452,"date":"2021-07-17T20:25:02","date_gmt":"2021-07-17T18:25:02","guid":{"rendered":"https:\/\/tsp-gis.de\/?page_id=2452"},"modified":"2022-09-15T11:47:44","modified_gmt":"2022-09-15T09:47:44","slug":"warehouse-management","status":"publish","type":"page","link":"https:\/\/tsp-gis.de\/es\/warehouse-management\/","title":{"rendered":"Warehouse Management"},"content":{"rendered":"<h1 align=\"center\" style=\"\"><strong><span lang=\"EN-US\" style=\"\">Gesti\u00f3n de almacenes de T.S.P. &#8211; \u00a1Su r\u00e1pido retorno de la inversi\u00f3n!<\/span><\/strong><\/h1>\n<p align=\"center\"><span lang=\"EN-US\">Gesti\u00f3n de almacenes de T.S.P. &#8211; para usted, esto significa una soluci\u00f3n log\u00edstica de almac\u00e9n eficiente que ayuda a que los procesos de su almac\u00e9n sean econ\u00f3micos, eficientes y, sobre todo, transparentes.&nbsp;El sistema de gesti\u00f3n de almacenes se encarga de la gesti\u00f3n, el control y la optimizaci\u00f3n de complejos sistemas de almacenamiento y distribuci\u00f3n. Adem\u00e1s de las funciones elementales de un sistema de gesti\u00f3n de almacenes, como la gesti\u00f3n de cantidades y ubicaciones, el control de transportes y la disposici\u00f3n, el alcance de nuestro SGA 3.0 incluye tambi\u00e9n amplios m\u00e9todos y medios para controlar los estados del sistema y una selecci\u00f3n de estrategias de funcionamiento y optimizaci\u00f3n. La tarea esencial es la gesti\u00f3n y optimizaci\u00f3n de los procesos log\u00edsticos internos.<\/span><\/p>\n\n<p align=\"center\"><span lang=\"EN-US\">Mediante el uso de ordenadores m\u00f3viles basados en la web o en aplicaciones cliente-servidor y nuestras Pick by Apps, le proporcionamos una visi\u00f3n general constantemente actualizada de las existencias de su almac\u00e9n, el grado de utilizaci\u00f3n del mismo, el rendimiento de las mercanc\u00edas entrantes, la preparaci\u00f3n de pedidos y todos los procesos log\u00edsticos relevantes. Los almacenes externos de estanter\u00edas altas o los almacenes autom\u00e1ticos de piezas peque\u00f1as tambi\u00e9n est\u00e1n integrados en nuestro SGA. Los modernos dispositivos m\u00f3viles como el esc\u00e1ner, los auriculares y\/o las gafas de datos permiten optimizar el proceso intralog\u00edstico y crear un di\u00e1logo eficaz con nuestro SGA 3.0. Gracias a la mayor libertad de movimiento, los procesos se aceleran, se mejoran cualitativamente y son ergon\u00f3micos. Se eliminan las pausas ergon\u00f3micas. La consecuencia inmediata: una calidad de proceso significativamente mayor, un mejor grado de utilizaci\u00f3n de los recursos operativos y una mayor eficiencia econ\u00f3mica al utilizar los recursos disponibles.<\/span><\/p>\n<p align=\"center\" style=\"\"><strong>Esto es lo que dicen los clientes sobre nuestro sistema de gesti\u00f3n de almacenes:<\/strong><\/p>\n<p>Winner Spedition GmbH &amp; Co. KG&nbsp;<\/p>\n<h6>Herr Metin Isiktas,<\/h6>\n<h6>Head of IT&nbsp;<\/h6>\n<p><em>\u00abElegimos el SGA de T.S.P. porque tienen muchos a\u00f1os de experiencia en el sector y el sistema se adapt\u00f3 a nosotros.\u00bb<\/em><\/p><\/p>\n","protected":false},"excerpt":{"rendered":"<p>Gesti\u00f3n de almacenes de T.S.P. &#8211; \u00a1Su r\u00e1pido retorno de la inversi\u00f3n! Gesti\u00f3n de almacenes de T.S.P. &#8211; para usted, esto significa una soluci\u00f3n log\u00edstica de almac\u00e9n eficiente que ayuda a que los procesos de su almac\u00e9n sean econ\u00f3micos, eficientes y, sobre todo, transparentes.&nbsp;El sistema de gesti\u00f3n de almacenes se encarga de la gesti\u00f3n, el [&hellip;]<\/p>\n","protected":false},"author":2,"featured_media":2454,"parent":0,"menu_order":0,"comment_status":"closed","ping_status":"closed","template":"","meta":{"footnotes":""},"class_list":["post-2452","page","type-page","status-publish","has-post-thumbnail","hentry","post-wrapper","thrv_wrapper"],"yoast_head":"<!-- This site is optimized with the Yoast SEO plugin v27.0 - https:\/\/yoast.com\/product\/yoast-seo-wordpress\/ -->\n<title>Warehouse Management - T.S.P.<\/title>\n<meta name=\"robots\" content=\"index, follow, max-snippet:-1, max-image-preview:large, max-video-preview:-1\" \/>\n<link rel=\"canonical\" href=\"https:\/\/tsp-gis.de\/es\/warehouse-management\/\" \/>\n<meta property=\"og:locale\" content=\"es_ES\" \/>\n<meta property=\"og:type\" content=\"article\" \/>\n<meta property=\"og:title\" content=\"Warehouse Management - T.S.P.\" \/>\n<meta property=\"og:description\" content=\"Gesti\u00f3n de almacenes de T.S.P. &#8211; \u00a1Su r\u00e1pido retorno de la inversi\u00f3n! Gesti\u00f3n de almacenes de T.S.P. &#8211; para usted, esto significa una soluci\u00f3n log\u00edstica de almac\u00e9n eficiente que ayuda a que los procesos de su almac\u00e9n sean econ\u00f3micos, eficientes y, sobre todo, transparentes.&nbsp;El sistema de gesti\u00f3n de almacenes se encarga de la gesti\u00f3n, el [&hellip;]\" \/>\n<meta property=\"og:url\" content=\"https:\/\/tsp-gis.de\/es\/warehouse-management\/\" \/>\n<meta property=\"og:site_name\" content=\"T.S.P.\" \/>\n<meta property=\"article:modified_time\" content=\"2022-09-15T09:47:44+00:00\" \/>\n<meta property=\"og:image\" content=\"https:\/\/tsp-gis.de\/wp-content\/uploads\/2021\/07\/wms3-scaled-e1625132561892.jpg\" \/>\n\t<meta property=\"og:image:width\" content=\"2560\" \/>\n\t<meta property=\"og:image:height\" content=\"563\" \/>\n\t<meta property=\"og:image:type\" content=\"image\/jpeg\" \/>\n<meta name=\"twitter:card\" content=\"summary_large_image\" \/>\n<meta name=\"twitter:label1\" content=\"Tiempo de lectura\" \/>\n\t<meta name=\"twitter:data1\" content=\"2 minutos\" \/>\n<script type=\"application\/ld+json\" class=\"yoast-schema-graph\">{\"@context\":\"https:\/\/schema.org\",\"@graph\":[{\"@type\":\"WebPage\",\"@id\":\"https:\/\/tsp-gis.de\/es\/warehouse-management\/\",\"url\":\"https:\/\/tsp-gis.de\/es\/warehouse-management\/\",\"name\":\"Warehouse Management - T.S.P.\",\"isPartOf\":{\"@id\":\"https:\/\/tsp-gis.de\/es\/#website\"},\"primaryImageOfPage\":{\"@id\":\"https:\/\/tsp-gis.de\/es\/warehouse-management\/#primaryimage\"},\"image\":{\"@id\":\"https:\/\/tsp-gis.de\/es\/warehouse-management\/#primaryimage\"},\"thumbnailUrl\":\"https:\/\/tsp-gis.de\/wp-content\/uploads\/2021\/07\/wms3-scaled-e1625132561892.jpg\",\"datePublished\":\"2021-07-17T18:25:02+00:00\",\"dateModified\":\"2022-09-15T09:47:44+00:00\",\"breadcrumb\":{\"@id\":\"https:\/\/tsp-gis.de\/es\/warehouse-management\/#breadcrumb\"},\"inLanguage\":\"es\",\"potentialAction\":[{\"@type\":\"ReadAction\",\"target\":[\"https:\/\/tsp-gis.de\/es\/warehouse-management\/\"]}]},{\"@type\":\"ImageObject\",\"inLanguage\":\"es\",\"@id\":\"https:\/\/tsp-gis.de\/es\/warehouse-management\/#primaryimage\",\"url\":\"https:\/\/tsp-gis.de\/wp-content\/uploads\/2021\/07\/wms3-scaled-e1625132561892.jpg\",\"contentUrl\":\"https:\/\/tsp-gis.de\/wp-content\/uploads\/2021\/07\/wms3-scaled-e1625132561892.jpg\",\"width\":2560,\"height\":563,\"caption\":\"Warehousemanagement Software\"},{\"@type\":\"BreadcrumbList\",\"@id\":\"https:\/\/tsp-gis.de\/es\/warehouse-management\/#breadcrumb\",\"itemListElement\":[{\"@type\":\"ListItem\",\"position\":1,\"name\":\"Startseite\",\"item\":\"https:\/\/tsp-gis.de\/es\/\"},{\"@type\":\"ListItem\",\"position\":2,\"name\":\"Warehouse Management\"}]},{\"@type\":\"WebSite\",\"@id\":\"https:\/\/tsp-gis.de\/es\/#website\",\"url\":\"https:\/\/tsp-gis.de\/es\/\",\"name\":\"T.S.P.\",\"description\":\"Warehouse Management 4.0 and Business Continuity for IBM i\",\"publisher\":{\"@id\":\"https:\/\/tsp-gis.de\/es\/#organization\"},\"potentialAction\":[{\"@type\":\"SearchAction\",\"target\":{\"@type\":\"EntryPoint\",\"urlTemplate\":\"https:\/\/tsp-gis.de\/es\/?s={search_term_string}\"},\"query-input\":{\"@type\":\"PropertyValueSpecification\",\"valueRequired\":true,\"valueName\":\"search_term_string\"}}],\"inLanguage\":\"es\"},{\"@type\":\"Organization\",\"@id\":\"https:\/\/tsp-gis.de\/es\/#organization\",\"name\":\"T.S.P. Gesellschaft f\u00fcr Informationssysteme mbH\",\"url\":\"https:\/\/tsp-gis.de\/es\/\",\"logo\":{\"@type\":\"ImageObject\",\"inLanguage\":\"es\",\"@id\":\"https:\/\/tsp-gis.de\/es\/#\/schema\/logo\/image\/\",\"url\":\"https:\/\/tsp-gis.de\/wp-content\/uploads\/2021\/05\/logo-1.png\",\"contentUrl\":\"https:\/\/tsp-gis.de\/wp-content\/uploads\/2021\/05\/logo-1.png\",\"width\":1628,\"height\":880,\"caption\":\"T.S.P. Gesellschaft f\u00fcr Informationssysteme mbH\"},\"image\":{\"@id\":\"https:\/\/tsp-gis.de\/es\/#\/schema\/logo\/image\/\"}}]}<\/script>\n<!-- \/ Yoast SEO plugin. -->","yoast_head_json":{"title":"Warehouse Management - T.S.P.","robots":{"index":"index","follow":"follow","max-snippet":"max-snippet:-1","max-image-preview":"max-image-preview:large","max-video-preview":"max-video-preview:-1"},"canonical":"https:\/\/tsp-gis.de\/es\/warehouse-management\/","og_locale":"es_ES","og_type":"article","og_title":"Warehouse Management - T.S.P.","og_description":"Gesti\u00f3n de almacenes de T.S.P. &#8211; \u00a1Su r\u00e1pido retorno de la inversi\u00f3n! Gesti\u00f3n de almacenes de T.S.P. &#8211; para usted, esto significa una soluci\u00f3n log\u00edstica de almac\u00e9n eficiente que ayuda a que los procesos de su almac\u00e9n sean econ\u00f3micos, eficientes y, sobre todo, transparentes.&nbsp;El sistema de gesti\u00f3n de almacenes se encarga de la gesti\u00f3n, el [&hellip;]","og_url":"https:\/\/tsp-gis.de\/es\/warehouse-management\/","og_site_name":"T.S.P.","article_modified_time":"2022-09-15T09:47:44+00:00","og_image":[{"width":2560,"height":563,"url":"https:\/\/tsp-gis.de\/wp-content\/uploads\/2021\/07\/wms3-scaled-e1625132561892.jpg","type":"image\/jpeg"}],"twitter_card":"summary_large_image","twitter_misc":{"Tiempo de lectura":"2 minutos"},"schema":{"@context":"https:\/\/schema.org","@graph":[{"@type":"WebPage","@id":"https:\/\/tsp-gis.de\/es\/warehouse-management\/","url":"https:\/\/tsp-gis.de\/es\/warehouse-management\/","name":"Warehouse Management - T.S.P.","isPartOf":{"@id":"https:\/\/tsp-gis.de\/es\/#website"},"primaryImageOfPage":{"@id":"https:\/\/tsp-gis.de\/es\/warehouse-management\/#primaryimage"},"image":{"@id":"https:\/\/tsp-gis.de\/es\/warehouse-management\/#primaryimage"},"thumbnailUrl":"https:\/\/tsp-gis.de\/wp-content\/uploads\/2021\/07\/wms3-scaled-e1625132561892.jpg","datePublished":"2021-07-17T18:25:02+00:00","dateModified":"2022-09-15T09:47:44+00:00","breadcrumb":{"@id":"https:\/\/tsp-gis.de\/es\/warehouse-management\/#breadcrumb"},"inLanguage":"es","potentialAction":[{"@type":"ReadAction","target":["https:\/\/tsp-gis.de\/es\/warehouse-management\/"]}]},{"@type":"ImageObject","inLanguage":"es","@id":"https:\/\/tsp-gis.de\/es\/warehouse-management\/#primaryimage","url":"https:\/\/tsp-gis.de\/wp-content\/uploads\/2021\/07\/wms3-scaled-e1625132561892.jpg","contentUrl":"https:\/\/tsp-gis.de\/wp-content\/uploads\/2021\/07\/wms3-scaled-e1625132561892.jpg","width":2560,"height":563,"caption":"Warehousemanagement Software"},{"@type":"BreadcrumbList","@id":"https:\/\/tsp-gis.de\/es\/warehouse-management\/#breadcrumb","itemListElement":[{"@type":"ListItem","position":1,"name":"Startseite","item":"https:\/\/tsp-gis.de\/es\/"},{"@type":"ListItem","position":2,"name":"Warehouse Management"}]},{"@type":"WebSite","@id":"https:\/\/tsp-gis.de\/es\/#website","url":"https:\/\/tsp-gis.de\/es\/","name":"T.S.P.","description":"Warehouse Management 4.0 and Business Continuity for IBM i","publisher":{"@id":"https:\/\/tsp-gis.de\/es\/#organization"},"potentialAction":[{"@type":"SearchAction","target":{"@type":"EntryPoint","urlTemplate":"https:\/\/tsp-gis.de\/es\/?s={search_term_string}"},"query-input":{"@type":"PropertyValueSpecification","valueRequired":true,"valueName":"search_term_string"}}],"inLanguage":"es"},{"@type":"Organization","@id":"https:\/\/tsp-gis.de\/es\/#organization","name":"T.S.P. Gesellschaft f\u00fcr Informationssysteme mbH","url":"https:\/\/tsp-gis.de\/es\/","logo":{"@type":"ImageObject","inLanguage":"es","@id":"https:\/\/tsp-gis.de\/es\/#\/schema\/logo\/image\/","url":"https:\/\/tsp-gis.de\/wp-content\/uploads\/2021\/05\/logo-1.png","contentUrl":"https:\/\/tsp-gis.de\/wp-content\/uploads\/2021\/05\/logo-1.png","width":1628,"height":880,"caption":"T.S.P. Gesellschaft f\u00fcr Informationssysteme mbH"},"image":{"@id":"https:\/\/tsp-gis.de\/es\/#\/schema\/logo\/image\/"}}]}},"_links":{"self":[{"href":"https:\/\/tsp-gis.de\/es\/wp-json\/wp\/v2\/pages\/2452","targetHints":{"allow":["GET"]}}],"collection":[{"href":"https:\/\/tsp-gis.de\/es\/wp-json\/wp\/v2\/pages"}],"about":[{"href":"https:\/\/tsp-gis.de\/es\/wp-json\/wp\/v2\/types\/page"}],"author":[{"embeddable":true,"href":"https:\/\/tsp-gis.de\/es\/wp-json\/wp\/v2\/users\/2"}],"replies":[{"embeddable":true,"href":"https:\/\/tsp-gis.de\/es\/wp-json\/wp\/v2\/comments?post=2452"}],"version-history":[{"count":6,"href":"https:\/\/tsp-gis.de\/es\/wp-json\/wp\/v2\/pages\/2452\/revisions"}],"predecessor-version":[{"id":3577,"href":"https:\/\/tsp-gis.de\/es\/wp-json\/wp\/v2\/pages\/2452\/revisions\/3577"}],"wp:featuredmedia":[{"embeddable":true,"href":"https:\/\/tsp-gis.de\/es\/wp-json\/wp\/v2\/media\/2454"}],"wp:attachment":[{"href":"https:\/\/tsp-gis.de\/es\/wp-json\/wp\/v2\/media?parent=2452"}],"curies":[{"name":"wp","href":"https:\/\/api.w.org\/{rel}","templated":true}]}}