{"id":2457,"date":"2021-07-17T20:32:30","date_gmt":"2021-07-17T18:32:30","guid":{"rendered":"https:\/\/tsp-gis.de\/?page_id=2457"},"modified":"2024-10-29T13:16:06","modified_gmt":"2024-10-29T12:16:06","slug":"pagina-de-inicio","status":"publish","type":"page","link":"https:\/\/tsp-gis.de\/es\/","title":{"rendered":"p\u00e1gina de inicio"},"content":{"rendered":"<p><a href=\"https:\/\/tsp-gis.de\/es\/business-continuity\/\" rel=\"\"><span><img decoding=\"async\" alt=\"hochverf\u00fcgbarkeit_icon\" data-id=\"4224\" width=\"250\" data-init-width=\"1000\" height=\"250\" data-init-height=\"1000\" title=\"hochverf\u00fcgbarkeit_icon\" loading=\"lazy\" src=\"https:\/\/tsp-gis.de\/wp-content\/uploads\/2024\/10\/hochverfuegbarkeit_icon.png\" data-width=\"250\" data-height=\"250\" style=\"aspect-ratio: auto 1000 \/ 1000;\"><\/span><\/p>\n<p style=\"\">Business Continuity<\/p>\n<p><\/a><a href=\"https:\/\/tsp-gis.de\/es\/warehouse-management\/\" rel=\"\"><span><img decoding=\"async\" alt=\"WMS_icon\" data-id=\"4221\" width=\"250\" data-init-width=\"1000\" height=\"250\" data-init-height=\"1000\" title=\"WMS_icon\" loading=\"lazy\" src=\"https:\/\/tsp-gis.de\/wp-content\/uploads\/2024\/10\/WMS_icon.png\" data-width=\"250\" data-height=\"250\" style=\"aspect-ratio: auto 1000 \/ 1000;\"><\/span><\/p>\n<p style=\"\">Warehouse Management<\/p>\n<p><\/a><span><img decoding=\"async\" alt=\"\" data-id=\"4002\" width=\"249\" data-init-width=\"450\" height=\"158\" data-init-height=\"285\" title=\"IBM Gold Partner\" loading=\"lazy\" src=\"https:\/\/tsp-gis.de\/wp-content\/uploads\/2024\/08\/IBMGoldPartner.png\" data-width=\"249\" data-height=\"158\" style=\"aspect-ratio: auto 450 \/ 285;\"><\/span><\/p>\n<h1 align=\"center\" style=\"\"><strong><span lang=\"EN-US\">Nunca pierdas de vista el objetivo y aprecia el desaf\u00edo.<\/span><\/strong><\/h1>\n<p style=\"text-align: justify;\" align=\"center\">Seg\u00fan este lema, el nombre T.S.P. representa innovaci\u00f3n, \u00e9xito y creatividad desde hace 40 a\u00f1os. Somos una empresa de TI moderna y, durante a\u00f1os, hemos sido un socio competente en el desarrollo e implementaci\u00f3n de sistemas de informaci\u00f3n tanto a nivel nacional como internacional. Nuestro \u00e9xito no se debe solo a la alta calidad de nuestros productos, la larga experiencia y el conocimiento de nuestros empleados, sino tambi\u00e9n a nuestra flexibilidad para adaptarnos constantemente a los cambios del mercado y a las expectativas de nuestros clientes.<\/p>\n<p style=\"\" align=\"center\"><strong>Aprovechar las sinergias: \u00a1la base del \u00e9xito de la cooperaci\u00f3n!<\/strong><\/p>\n<p style=\"text-align: justify;\" align=\"center\">Desde julio de 2021, formamos parte del grupo de empresas n-komm GmbH de Karlsruhe, que opera a nivel mundial. La fusi\u00f3n de las dos empresas significa que ahora podemos ofrecer a nuestros clientes una gama de servicios a\u00fan m\u00e1s completa, manteniendo, por supuesto, los mismos niveles de calidad y fiabilidad. &nbsp;<\/p>\n<p style=\"text-align: justify;\" align=\"center\">Nuestra filosof\u00eda sigue siendo clara: queremos seguir adaptando todos los proyectos de forma individual, a medida y profesional a las necesidades y expectativas de nuestros clientes. Porque esta es la \u00fanica manera de crear un servicio perfecto sobre el que tambi\u00e9n se pueda construir en el futuro. &nbsp;<\/p>\n<p style=\"text-align: justify;\" align=\"center\">Con n-komm GmbH a nuestro lado, no s\u00f3lo ofrecemos a nuestros clientes y socios una perspectiva a largo plazo para nuestras soluciones BUS4i (alta disponibilidad de IBM i) y de gesti\u00f3n de almacenes, sino que, sobre todo, como parte de un din\u00e1mico grupo de servicios de TI, tambi\u00e9n les ofrecemos una perspectiva segura para el futuro.<\/p>\n<h2 style=\"text-align: center;\">Eventos<\/h2>\n<p><span><img decoding=\"async\" alt=\"\" data-id=\"4116\" width=\"533\" data-init-width=\"1200\" height=\"533\" data-init-height=\"1200\" title=\"TSP\" loading=\"lazy\" src=\"https:\/\/tsp-gis.de\/wp-content\/uploads\/2024\/09\/Bilder-LinkedIn-Posts-FG-4.png\" data-width=\"533\" data-height=\"533\" style=\"aspect-ratio: auto 1200 \/ 1200;\"><\/span><a href=\"https:\/\/live.letsgetdigital.com\/3920-pow3rkonferenz\/registration\/\" target=\"_blank\" rel=\"noopener\"><\/p>\n<p style=\"\"><strong>POW3R W\u00fcrzburg<\/strong><\/p>\n<p style=\"\">26.11.2024 &#8211; 27.11.2024<\/p>\n<p><\/a><\/p>\n","protected":false},"excerpt":{"rendered":"<p>Business Continuity Warehouse Management Nunca pierdas de vista el objetivo y aprecia el desaf\u00edo. Seg\u00fan este lema, el nombre T.S.P. representa innovaci\u00f3n, \u00e9xito y creatividad desde hace 40 a\u00f1os. Somos una empresa de TI moderna y, durante a\u00f1os, hemos sido un socio competente en el desarrollo e implementaci\u00f3n de sistemas de informaci\u00f3n tanto a nivel [&hellip;]<\/p>\n","protected":false},"author":2,"featured_media":2806,"parent":0,"menu_order":0,"comment_status":"closed","ping_status":"closed","template":"","meta":{"footnotes":""},"class_list":["post-2457","page","type-page","status-publish","has-post-thumbnail","hentry","post-wrapper","thrv_wrapper"],"yoast_head":"<!-- This site is optimized with the Yoast SEO plugin v27.0 - https:\/\/yoast.com\/product\/yoast-seo-wordpress\/ -->\n<title>Su socio para la continuidad del negocio y la log\u00edstica - T.S.P<\/title>\n<meta name=\"robots\" content=\"index, follow, max-snippet:-1, max-image-preview:large, max-video-preview:-1\" \/>\n<link rel=\"canonical\" href=\"https:\/\/tsp-gis.de\/es\/\" \/>\n<meta property=\"og:locale\" content=\"es_ES\" \/>\n<meta property=\"og:type\" content=\"article\" \/>\n<meta property=\"og:title\" content=\"Su socio para la continuidad del negocio y la log\u00edstica - T.S.P\" \/>\n<meta property=\"og:description\" content=\"Business Continuity Warehouse Management Nunca pierdas de vista el objetivo y aprecia el desaf\u00edo. Seg\u00fan este lema, el nombre T.S.P. representa innovaci\u00f3n, \u00e9xito y creatividad desde hace 40 a\u00f1os. Somos una empresa de TI moderna y, durante a\u00f1os, hemos sido un socio competente en el desarrollo e implementaci\u00f3n de sistemas de informaci\u00f3n tanto a nivel [&hellip;]\" \/>\n<meta property=\"og:url\" content=\"https:\/\/tsp-gis.de\/es\/\" \/>\n<meta property=\"og:site_name\" content=\"T.S.P.\" \/>\n<meta property=\"article:modified_time\" content=\"2024-10-29T12:16:06+00:00\" \/>\n<meta property=\"og:image\" content=\"https:\/\/tsp-gis.de\/wp-content\/uploads\/2021\/07\/Startseite-1-scaled.jpg\" \/>\n\t<meta property=\"og:image:width\" content=\"2048\" \/>\n\t<meta property=\"og:image:height\" content=\"1366\" \/>\n\t<meta property=\"og:image:type\" content=\"image\/jpeg\" \/>\n<meta name=\"twitter:card\" content=\"summary_large_image\" \/>\n<meta name=\"twitter:label1\" content=\"Tiempo de lectura\" \/>\n\t<meta name=\"twitter:data1\" content=\"3 minutos\" \/>\n<script type=\"application\/ld+json\" class=\"yoast-schema-graph\">{\"@context\":\"https:\/\/schema.org\",\"@graph\":[{\"@type\":\"WebPage\",\"@id\":\"https:\/\/tsp-gis.de\/es\/\",\"url\":\"https:\/\/tsp-gis.de\/es\/\",\"name\":\"Su socio para la continuidad del negocio y la log\u00edstica - T.S.P\",\"isPartOf\":{\"@id\":\"https:\/\/tsp-gis.de\/es\/#website\"},\"primaryImageOfPage\":{\"@id\":\"https:\/\/tsp-gis.de\/es\/#primaryimage\"},\"image\":{\"@id\":\"https:\/\/tsp-gis.de\/es\/#primaryimage\"},\"thumbnailUrl\":\"https:\/\/tsp-gis.de\/wp-content\/uploads\/2021\/07\/Startseite-1-scaled.jpg\",\"datePublished\":\"2021-07-17T18:32:30+00:00\",\"dateModified\":\"2024-10-29T12:16:06+00:00\",\"breadcrumb\":{\"@id\":\"https:\/\/tsp-gis.de\/es\/#breadcrumb\"},\"inLanguage\":\"es\",\"potentialAction\":[{\"@type\":\"ReadAction\",\"target\":[\"https:\/\/tsp-gis.de\/es\/\"]}]},{\"@type\":\"ImageObject\",\"inLanguage\":\"es\",\"@id\":\"https:\/\/tsp-gis.de\/es\/#primaryimage\",\"url\":\"https:\/\/tsp-gis.de\/wp-content\/uploads\/2021\/07\/Startseite-1-scaled.jpg\",\"contentUrl\":\"https:\/\/tsp-gis.de\/wp-content\/uploads\/2021\/07\/Startseite-1-scaled.jpg\",\"width\":2048,\"height\":1366,\"caption\":\"Sailing crew on sailboat during regatta. http:\/\/santoriniphoto.com\/Template-Sailing.jpg\"},{\"@type\":\"BreadcrumbList\",\"@id\":\"https:\/\/tsp-gis.de\/es\/#breadcrumb\",\"itemListElement\":[{\"@type\":\"ListItem\",\"position\":1,\"name\":\"Startseite\",\"item\":\"https:\/\/tsp-gis.de\/es\/\"},{\"@type\":\"ListItem\",\"position\":2,\"name\":\"p\u00e1gina de inicio\"}]},{\"@type\":\"WebSite\",\"@id\":\"https:\/\/tsp-gis.de\/es\/#website\",\"url\":\"https:\/\/tsp-gis.de\/es\/\",\"name\":\"T.S.P.\",\"description\":\"Warehouse Management 4.0 and Business Continuity for IBM i\",\"publisher\":{\"@id\":\"https:\/\/tsp-gis.de\/es\/#organization\"},\"potentialAction\":[{\"@type\":\"SearchAction\",\"target\":{\"@type\":\"EntryPoint\",\"urlTemplate\":\"https:\/\/tsp-gis.de\/es\/?s={search_term_string}\"},\"query-input\":{\"@type\":\"PropertyValueSpecification\",\"valueRequired\":true,\"valueName\":\"search_term_string\"}}],\"inLanguage\":\"es\"},{\"@type\":\"Organization\",\"@id\":\"https:\/\/tsp-gis.de\/es\/#organization\",\"name\":\"T.S.P. Gesellschaft f\u00fcr Informationssysteme mbH\",\"url\":\"https:\/\/tsp-gis.de\/es\/\",\"logo\":{\"@type\":\"ImageObject\",\"inLanguage\":\"es\",\"@id\":\"https:\/\/tsp-gis.de\/es\/#\/schema\/logo\/image\/\",\"url\":\"https:\/\/tsp-gis.de\/wp-content\/uploads\/2021\/05\/logo-1.png\",\"contentUrl\":\"https:\/\/tsp-gis.de\/wp-content\/uploads\/2021\/05\/logo-1.png\",\"width\":1628,\"height\":880,\"caption\":\"T.S.P. Gesellschaft f\u00fcr Informationssysteme mbH\"},\"image\":{\"@id\":\"https:\/\/tsp-gis.de\/es\/#\/schema\/logo\/image\/\"}}]}<\/script>\n<!-- \/ Yoast SEO plugin. -->","yoast_head_json":{"title":"Su socio para la continuidad del negocio y la log\u00edstica - T.S.P","robots":{"index":"index","follow":"follow","max-snippet":"max-snippet:-1","max-image-preview":"max-image-preview:large","max-video-preview":"max-video-preview:-1"},"canonical":"https:\/\/tsp-gis.de\/es\/","og_locale":"es_ES","og_type":"article","og_title":"Su socio para la continuidad del negocio y la log\u00edstica - T.S.P","og_description":"Business Continuity Warehouse Management Nunca pierdas de vista el objetivo y aprecia el desaf\u00edo. Seg\u00fan este lema, el nombre T.S.P. representa innovaci\u00f3n, \u00e9xito y creatividad desde hace 40 a\u00f1os. Somos una empresa de TI moderna y, durante a\u00f1os, hemos sido un socio competente en el desarrollo e implementaci\u00f3n de sistemas de informaci\u00f3n tanto a nivel [&hellip;]","og_url":"https:\/\/tsp-gis.de\/es\/","og_site_name":"T.S.P.","article_modified_time":"2024-10-29T12:16:06+00:00","og_image":[{"width":2048,"height":1366,"url":"https:\/\/tsp-gis.de\/wp-content\/uploads\/2021\/07\/Startseite-1-scaled.jpg","type":"image\/jpeg"}],"twitter_card":"summary_large_image","twitter_misc":{"Tiempo de lectura":"3 minutos"},"schema":{"@context":"https:\/\/schema.org","@graph":[{"@type":"WebPage","@id":"https:\/\/tsp-gis.de\/es\/","url":"https:\/\/tsp-gis.de\/es\/","name":"Su socio para la continuidad del negocio y la log\u00edstica - T.S.P","isPartOf":{"@id":"https:\/\/tsp-gis.de\/es\/#website"},"primaryImageOfPage":{"@id":"https:\/\/tsp-gis.de\/es\/#primaryimage"},"image":{"@id":"https:\/\/tsp-gis.de\/es\/#primaryimage"},"thumbnailUrl":"https:\/\/tsp-gis.de\/wp-content\/uploads\/2021\/07\/Startseite-1-scaled.jpg","datePublished":"2021-07-17T18:32:30+00:00","dateModified":"2024-10-29T12:16:06+00:00","breadcrumb":{"@id":"https:\/\/tsp-gis.de\/es\/#breadcrumb"},"inLanguage":"es","potentialAction":[{"@type":"ReadAction","target":["https:\/\/tsp-gis.de\/es\/"]}]},{"@type":"ImageObject","inLanguage":"es","@id":"https:\/\/tsp-gis.de\/es\/#primaryimage","url":"https:\/\/tsp-gis.de\/wp-content\/uploads\/2021\/07\/Startseite-1-scaled.jpg","contentUrl":"https:\/\/tsp-gis.de\/wp-content\/uploads\/2021\/07\/Startseite-1-scaled.jpg","width":2048,"height":1366,"caption":"Sailing crew on sailboat during regatta. http:\/\/santoriniphoto.com\/Template-Sailing.jpg"},{"@type":"BreadcrumbList","@id":"https:\/\/tsp-gis.de\/es\/#breadcrumb","itemListElement":[{"@type":"ListItem","position":1,"name":"Startseite","item":"https:\/\/tsp-gis.de\/es\/"},{"@type":"ListItem","position":2,"name":"p\u00e1gina de inicio"}]},{"@type":"WebSite","@id":"https:\/\/tsp-gis.de\/es\/#website","url":"https:\/\/tsp-gis.de\/es\/","name":"T.S.P.","description":"Warehouse Management 4.0 and Business Continuity for IBM i","publisher":{"@id":"https:\/\/tsp-gis.de\/es\/#organization"},"potentialAction":[{"@type":"SearchAction","target":{"@type":"EntryPoint","urlTemplate":"https:\/\/tsp-gis.de\/es\/?s={search_term_string}"},"query-input":{"@type":"PropertyValueSpecification","valueRequired":true,"valueName":"search_term_string"}}],"inLanguage":"es"},{"@type":"Organization","@id":"https:\/\/tsp-gis.de\/es\/#organization","name":"T.S.P. Gesellschaft f\u00fcr Informationssysteme mbH","url":"https:\/\/tsp-gis.de\/es\/","logo":{"@type":"ImageObject","inLanguage":"es","@id":"https:\/\/tsp-gis.de\/es\/#\/schema\/logo\/image\/","url":"https:\/\/tsp-gis.de\/wp-content\/uploads\/2021\/05\/logo-1.png","contentUrl":"https:\/\/tsp-gis.de\/wp-content\/uploads\/2021\/05\/logo-1.png","width":1628,"height":880,"caption":"T.S.P. Gesellschaft f\u00fcr Informationssysteme mbH"},"image":{"@id":"https:\/\/tsp-gis.de\/es\/#\/schema\/logo\/image\/"}}]}},"_links":{"self":[{"href":"https:\/\/tsp-gis.de\/es\/wp-json\/wp\/v2\/pages\/2457","targetHints":{"allow":["GET"]}}],"collection":[{"href":"https:\/\/tsp-gis.de\/es\/wp-json\/wp\/v2\/pages"}],"about":[{"href":"https:\/\/tsp-gis.de\/es\/wp-json\/wp\/v2\/types\/page"}],"author":[{"embeddable":true,"href":"https:\/\/tsp-gis.de\/es\/wp-json\/wp\/v2\/users\/2"}],"replies":[{"embeddable":true,"href":"https:\/\/tsp-gis.de\/es\/wp-json\/wp\/v2\/comments?post=2457"}],"version-history":[{"count":28,"href":"https:\/\/tsp-gis.de\/es\/wp-json\/wp\/v2\/pages\/2457\/revisions"}],"predecessor-version":[{"id":4368,"href":"https:\/\/tsp-gis.de\/es\/wp-json\/wp\/v2\/pages\/2457\/revisions\/4368"}],"wp:featuredmedia":[{"embeddable":true,"href":"https:\/\/tsp-gis.de\/es\/wp-json\/wp\/v2\/media\/2806"}],"wp:attachment":[{"href":"https:\/\/tsp-gis.de\/es\/wp-json\/wp\/v2\/media?parent=2457"}],"curies":[{"name":"wp","href":"https:\/\/api.w.org\/{rel}","templated":true}]}}