{"id":2466,"date":"2021-07-17T20:39:30","date_gmt":"2021-07-17T18:39:30","guid":{"rendered":"https:\/\/tsp-gis.de\/?page_id=2466"},"modified":"2022-09-15T13:11:25","modified_gmt":"2022-09-15T11:11:25","slug":"productos","status":"publish","type":"page","link":"https:\/\/tsp-gis.de\/es\/productos\/","title":{"rendered":"Productos"},"content":{"rendered":"<h1 style=\"text-align: center;\"><strong><span lang=\"EN-US\">Buscando el socio inform\u00e1tico adecuado&nbsp;<\/span><\/strong><span><span lang=\"EN-US\"><\/span><\/span><strong><span lang=\"EN-US\">Con nosotros lo ha encontrado!<\/span><\/strong><\/h1>\n<p align=\"center\"><span lang=\"EN-US\" style=\"font-size: 19px;\">Nuestros productos son sin\u00f3nimo de la m\u00e1s alta calidad y, por tanto, le garantizan estar siempre un paso por delante de sus competidores. Un paso que allana el camino para una cooperaci\u00f3n fiable y a largo plazo entre usted y nosotros: con un socio justo con el que puede hacer realidad sus objetivos personales.&nbsp;Con ello, le ofrecemos soluciones transparentes y orientadas al proceso para problemas individuales y nos esforzamos por satisfacer \u00f3ptimamente sus necesidades y expectativas.<\/span><\/p>\n<p><span><a href=\"https:\/\/tsp-gis.de\/business-continuity\/?lang=es\"><img decoding=\"async\" alt=\"Business_Continuity_Server Room\" data-id=\"3608\" data-init-width=\"300\" data-init-height=\"300\" title=\"Business_Continuity_Server Room\" src=\"https:\/\/tsp-gis.de\/wp-content\/uploads\/2022\/09\/Business_Continuity_Server-Room.jpg\" data-width=\"262\" data-height=\"262\" data-link-wrap=\"true\" loading=\"lazy\" width=\"262\" height=\"262\"><\/a><\/span><span><a href=\"https:\/\/tsp-gis.de\/warehouse-management\/?lang=es\" rel=\"\"><img decoding=\"async\" alt=\"Warehouse_Management_Logistics_Robot\" data-id=\"3614\" data-init-width=\"300\" data-init-height=\"300\" title=\"Warehouse_Management_Logistics_Robot\" src=\"https:\/\/tsp-gis.de\/wp-content\/uploads\/2022\/09\/Warehouse_Management_Logistics_Robot.jpg\" data-width=\"262\" data-height=\"262\" data-link-wrap=\"1\" loading=\"lazy\" width=\"262\" height=\"262\"><\/a><\/span><span><a href=\"https:\/\/tsp-gis.de\/pick-by-apps\/?lang=es\" rel=\"\"><img decoding=\"async\" alt=\"Pick_By_Apps_Storage_Room_Logistics_Data_Transfer\" data-id=\"3611\" data-init-width=\"300\" data-init-height=\"300\" title=\"Pick_By_Apps_Storage_Room_Logistics_Data_Transfer\" src=\"https:\/\/tsp-gis.de\/wp-content\/uploads\/2022\/09\/Pick_By_Apps_Storage_Room_Logistics_Data_Transfer.jpg\" data-width=\"262\" data-height=\"262\" data-link-wrap=\"1\" loading=\"lazy\" width=\"262\" height=\"262\"><\/a><\/span><span><a href=\"https:\/\/tsp-gis.de\/anwendungsentwicklung\/?lang=es\" rel=\"\"><img decoding=\"async\" alt=\"Anwendungsentsicklung_Coding\" data-id=\"3605\" data-init-width=\"300\" data-init-height=\"300\" title=\"Anwendungsentsicklung_Coding\" src=\"https:\/\/tsp-gis.de\/wp-content\/uploads\/2022\/09\/Anwendungsentsicklung_Coding.jpg\" data-width=\"807\" data-height=\"807\" data-link-wrap=\"1\" loading=\"lazy\" width=\"807\" height=\"807\"><\/a><\/span><\/p>\n","protected":false},"excerpt":{"rendered":"<p>Buscando el socio inform\u00e1tico adecuado&nbsp;Con nosotros lo ha encontrado! Nuestros productos son sin\u00f3nimo de la m\u00e1s alta calidad y, por tanto, le garantizan estar siempre un paso por delante de sus competidores. Un paso que allana el camino para una cooperaci\u00f3n fiable y a largo plazo entre usted y nosotros: con un socio justo con [&hellip;]<\/p>\n","protected":false},"author":2,"featured_media":2468,"parent":0,"menu_order":0,"comment_status":"closed","ping_status":"closed","template":"","meta":{"footnotes":""},"class_list":["post-2466","page","type-page","status-publish","has-post-thumbnail","hentry","post-wrapper","thrv_wrapper"],"yoast_head":"<!-- This site is optimized with the Yoast SEO plugin v27.0 - https:\/\/yoast.com\/product\/yoast-seo-wordpress\/ -->\n<title>Servicio IT &amp; soluciones IT para su empresa \u2013 T. S. P<\/title>\n<meta name=\"robots\" content=\"index, follow, max-snippet:-1, max-image-preview:large, max-video-preview:-1\" \/>\n<link rel=\"canonical\" href=\"https:\/\/tsp-gis.de\/es\/productos\/\" \/>\n<meta property=\"og:locale\" content=\"es_ES\" \/>\n<meta property=\"og:type\" content=\"article\" \/>\n<meta property=\"og:title\" content=\"Servicio IT &amp; soluciones IT para su empresa \u2013 T. S. P\" \/>\n<meta property=\"og:description\" content=\"Buscando el socio inform\u00e1tico adecuado&nbsp;Con nosotros lo ha encontrado! Nuestros productos son sin\u00f3nimo de la m\u00e1s alta calidad y, por tanto, le garantizan estar siempre un paso por delante de sus competidores. Un paso que allana el camino para una cooperaci\u00f3n fiable y a largo plazo entre usted y nosotros: con un socio justo con [&hellip;]\" \/>\n<meta property=\"og:url\" content=\"https:\/\/tsp-gis.de\/es\/productos\/\" \/>\n<meta property=\"og:site_name\" content=\"T.S.P.\" \/>\n<meta property=\"article:modified_time\" content=\"2022-09-15T11:11:25+00:00\" \/>\n<meta property=\"og:image\" content=\"https:\/\/tsp-gis.de\/wp-content\/uploads\/2021\/06\/produkte-scaled.jpg\" \/>\n\t<meta property=\"og:image:width\" content=\"2560\" \/>\n\t<meta property=\"og:image:height\" content=\"1707\" \/>\n\t<meta property=\"og:image:type\" content=\"image\/jpeg\" \/>\n<meta name=\"twitter:card\" content=\"summary_large_image\" \/>\n<meta name=\"twitter:label1\" content=\"Tiempo de lectura\" \/>\n\t<meta name=\"twitter:data1\" content=\"2 minutos\" \/>\n<script type=\"application\/ld+json\" class=\"yoast-schema-graph\">{\"@context\":\"https:\/\/schema.org\",\"@graph\":[{\"@type\":\"WebPage\",\"@id\":\"https:\/\/tsp-gis.de\/es\/productos\/\",\"url\":\"https:\/\/tsp-gis.de\/es\/productos\/\",\"name\":\"Servicio IT & soluciones IT para su empresa \u2013 T. S. P\",\"isPartOf\":{\"@id\":\"https:\/\/tsp-gis.de\/es\/#website\"},\"primaryImageOfPage\":{\"@id\":\"https:\/\/tsp-gis.de\/es\/productos\/#primaryimage\"},\"image\":{\"@id\":\"https:\/\/tsp-gis.de\/es\/productos\/#primaryimage\"},\"thumbnailUrl\":\"https:\/\/tsp-gis.de\/wp-content\/uploads\/2021\/06\/produkte-scaled.jpg\",\"datePublished\":\"2021-07-17T18:39:30+00:00\",\"dateModified\":\"2022-09-15T11:11:25+00:00\",\"breadcrumb\":{\"@id\":\"https:\/\/tsp-gis.de\/es\/productos\/#breadcrumb\"},\"inLanguage\":\"es\",\"potentialAction\":[{\"@type\":\"ReadAction\",\"target\":[\"https:\/\/tsp-gis.de\/es\/productos\/\"]}]},{\"@type\":\"ImageObject\",\"inLanguage\":\"es\",\"@id\":\"https:\/\/tsp-gis.de\/es\/productos\/#primaryimage\",\"url\":\"https:\/\/tsp-gis.de\/wp-content\/uploads\/2021\/06\/produkte-scaled.jpg\",\"contentUrl\":\"https:\/\/tsp-gis.de\/wp-content\/uploads\/2021\/06\/produkte-scaled.jpg\",\"width\":2560,\"height\":1707,\"caption\":\"IBM i Business Continuity - high availability\"},{\"@type\":\"BreadcrumbList\",\"@id\":\"https:\/\/tsp-gis.de\/es\/productos\/#breadcrumb\",\"itemListElement\":[{\"@type\":\"ListItem\",\"position\":1,\"name\":\"Startseite\",\"item\":\"https:\/\/tsp-gis.de\/es\/\"},{\"@type\":\"ListItem\",\"position\":2,\"name\":\"Productos\"}]},{\"@type\":\"WebSite\",\"@id\":\"https:\/\/tsp-gis.de\/es\/#website\",\"url\":\"https:\/\/tsp-gis.de\/es\/\",\"name\":\"T.S.P.\",\"description\":\"Warehouse Management 4.0 and Business Continuity for IBM i\",\"publisher\":{\"@id\":\"https:\/\/tsp-gis.de\/es\/#organization\"},\"potentialAction\":[{\"@type\":\"SearchAction\",\"target\":{\"@type\":\"EntryPoint\",\"urlTemplate\":\"https:\/\/tsp-gis.de\/es\/?s={search_term_string}\"},\"query-input\":{\"@type\":\"PropertyValueSpecification\",\"valueRequired\":true,\"valueName\":\"search_term_string\"}}],\"inLanguage\":\"es\"},{\"@type\":\"Organization\",\"@id\":\"https:\/\/tsp-gis.de\/es\/#organization\",\"name\":\"T.S.P. Gesellschaft f\u00fcr Informationssysteme mbH\",\"url\":\"https:\/\/tsp-gis.de\/es\/\",\"logo\":{\"@type\":\"ImageObject\",\"inLanguage\":\"es\",\"@id\":\"https:\/\/tsp-gis.de\/es\/#\/schema\/logo\/image\/\",\"url\":\"https:\/\/tsp-gis.de\/wp-content\/uploads\/2021\/05\/logo-1.png\",\"contentUrl\":\"https:\/\/tsp-gis.de\/wp-content\/uploads\/2021\/05\/logo-1.png\",\"width\":1628,\"height\":880,\"caption\":\"T.S.P. Gesellschaft f\u00fcr Informationssysteme mbH\"},\"image\":{\"@id\":\"https:\/\/tsp-gis.de\/es\/#\/schema\/logo\/image\/\"}}]}<\/script>\n<!-- \/ Yoast SEO plugin. -->","yoast_head_json":{"title":"Servicio IT & soluciones IT para su empresa \u2013 T. S. P","robots":{"index":"index","follow":"follow","max-snippet":"max-snippet:-1","max-image-preview":"max-image-preview:large","max-video-preview":"max-video-preview:-1"},"canonical":"https:\/\/tsp-gis.de\/es\/productos\/","og_locale":"es_ES","og_type":"article","og_title":"Servicio IT & soluciones IT para su empresa \u2013 T. S. P","og_description":"Buscando el socio inform\u00e1tico adecuado&nbsp;Con nosotros lo ha encontrado! Nuestros productos son sin\u00f3nimo de la m\u00e1s alta calidad y, por tanto, le garantizan estar siempre un paso por delante de sus competidores. Un paso que allana el camino para una cooperaci\u00f3n fiable y a largo plazo entre usted y nosotros: con un socio justo con [&hellip;]","og_url":"https:\/\/tsp-gis.de\/es\/productos\/","og_site_name":"T.S.P.","article_modified_time":"2022-09-15T11:11:25+00:00","og_image":[{"width":2560,"height":1707,"url":"https:\/\/tsp-gis.de\/wp-content\/uploads\/2021\/06\/produkte-scaled.jpg","type":"image\/jpeg"}],"twitter_card":"summary_large_image","twitter_misc":{"Tiempo de lectura":"2 minutos"},"schema":{"@context":"https:\/\/schema.org","@graph":[{"@type":"WebPage","@id":"https:\/\/tsp-gis.de\/es\/productos\/","url":"https:\/\/tsp-gis.de\/es\/productos\/","name":"Servicio IT & soluciones IT para su empresa \u2013 T. S. P","isPartOf":{"@id":"https:\/\/tsp-gis.de\/es\/#website"},"primaryImageOfPage":{"@id":"https:\/\/tsp-gis.de\/es\/productos\/#primaryimage"},"image":{"@id":"https:\/\/tsp-gis.de\/es\/productos\/#primaryimage"},"thumbnailUrl":"https:\/\/tsp-gis.de\/wp-content\/uploads\/2021\/06\/produkte-scaled.jpg","datePublished":"2021-07-17T18:39:30+00:00","dateModified":"2022-09-15T11:11:25+00:00","breadcrumb":{"@id":"https:\/\/tsp-gis.de\/es\/productos\/#breadcrumb"},"inLanguage":"es","potentialAction":[{"@type":"ReadAction","target":["https:\/\/tsp-gis.de\/es\/productos\/"]}]},{"@type":"ImageObject","inLanguage":"es","@id":"https:\/\/tsp-gis.de\/es\/productos\/#primaryimage","url":"https:\/\/tsp-gis.de\/wp-content\/uploads\/2021\/06\/produkte-scaled.jpg","contentUrl":"https:\/\/tsp-gis.de\/wp-content\/uploads\/2021\/06\/produkte-scaled.jpg","width":2560,"height":1707,"caption":"IBM i Business Continuity - high availability"},{"@type":"BreadcrumbList","@id":"https:\/\/tsp-gis.de\/es\/productos\/#breadcrumb","itemListElement":[{"@type":"ListItem","position":1,"name":"Startseite","item":"https:\/\/tsp-gis.de\/es\/"},{"@type":"ListItem","position":2,"name":"Productos"}]},{"@type":"WebSite","@id":"https:\/\/tsp-gis.de\/es\/#website","url":"https:\/\/tsp-gis.de\/es\/","name":"T.S.P.","description":"Warehouse Management 4.0 and Business Continuity for IBM i","publisher":{"@id":"https:\/\/tsp-gis.de\/es\/#organization"},"potentialAction":[{"@type":"SearchAction","target":{"@type":"EntryPoint","urlTemplate":"https:\/\/tsp-gis.de\/es\/?s={search_term_string}"},"query-input":{"@type":"PropertyValueSpecification","valueRequired":true,"valueName":"search_term_string"}}],"inLanguage":"es"},{"@type":"Organization","@id":"https:\/\/tsp-gis.de\/es\/#organization","name":"T.S.P. Gesellschaft f\u00fcr Informationssysteme mbH","url":"https:\/\/tsp-gis.de\/es\/","logo":{"@type":"ImageObject","inLanguage":"es","@id":"https:\/\/tsp-gis.de\/es\/#\/schema\/logo\/image\/","url":"https:\/\/tsp-gis.de\/wp-content\/uploads\/2021\/05\/logo-1.png","contentUrl":"https:\/\/tsp-gis.de\/wp-content\/uploads\/2021\/05\/logo-1.png","width":1628,"height":880,"caption":"T.S.P. Gesellschaft f\u00fcr Informationssysteme mbH"},"image":{"@id":"https:\/\/tsp-gis.de\/es\/#\/schema\/logo\/image\/"}}]}},"_links":{"self":[{"href":"https:\/\/tsp-gis.de\/es\/wp-json\/wp\/v2\/pages\/2466","targetHints":{"allow":["GET"]}}],"collection":[{"href":"https:\/\/tsp-gis.de\/es\/wp-json\/wp\/v2\/pages"}],"about":[{"href":"https:\/\/tsp-gis.de\/es\/wp-json\/wp\/v2\/types\/page"}],"author":[{"embeddable":true,"href":"https:\/\/tsp-gis.de\/es\/wp-json\/wp\/v2\/users\/2"}],"replies":[{"embeddable":true,"href":"https:\/\/tsp-gis.de\/es\/wp-json\/wp\/v2\/comments?post=2466"}],"version-history":[{"count":9,"href":"https:\/\/tsp-gis.de\/es\/wp-json\/wp\/v2\/pages\/2466\/revisions"}],"predecessor-version":[{"id":3617,"href":"https:\/\/tsp-gis.de\/es\/wp-json\/wp\/v2\/pages\/2466\/revisions\/3617"}],"wp:featuredmedia":[{"embeddable":true,"href":"https:\/\/tsp-gis.de\/es\/wp-json\/wp\/v2\/media\/2468"}],"wp:attachment":[{"href":"https:\/\/tsp-gis.de\/es\/wp-json\/wp\/v2\/media?parent=2466"}],"curies":[{"name":"wp","href":"https:\/\/api.w.org\/{rel}","templated":true}]}}