{"id":2473,"date":"2021-07-17T20:42:34","date_gmt":"2021-07-17T18:42:34","guid":{"rendered":"https:\/\/tsp-gis.de\/?page_id=2473"},"modified":"2022-09-15T11:41:30","modified_gmt":"2022-09-15T09:41:30","slug":"sobre-nosotros","status":"publish","type":"page","link":"https:\/\/tsp-gis.de\/es\/sobre-nosotros\/","title":{"rendered":"Sobre nosotros"},"content":{"rendered":"<h1 style=\"text-align: center;\"><strong><span lang=\"EN-US\">La filosof\u00eda de nuestra empresa<\/span><\/strong><span lang=\"EN-US\"><span><\/span><strong><span>Nunca pierdas de vista el objetivo y aprecia el desaf\u00edo.<\/span><\/strong><\/span><\/h1>\n<p align=\"center\"><span style=\"font-size: 19px;\" lang=\"EN-US\">Seg\u00fan este lema, el nombre T.S.P. con sus dos directores generales, el Sr. Werner Thome y el Sr. Gerhard Sch\u00f6ninger, es sin\u00f3nimo de innovaci\u00f3n, \u00e9xito y creatividad desde hace m\u00e1s de 35 a\u00f1os. Debemos nuestro \u00e9xito no s\u00f3lo a la alta calidad de nuestros productos, a nuestros muchos a\u00f1os de experiencia y a los conocimientos t\u00e9cnicos de nuestros empleados, sino tambi\u00e9n a nuestra flexibilidad para adaptarnos constantemente a los cambios del mercado y a las expectativas de nuestros clientes.&nbsp;Nuestra amplia gama de soluciones es sin\u00f3nimo de la m\u00e1s alta calidad y, por lo tanto, garantiza que siempre estar\u00e1 un paso por delante de sus competidores. Un paso que allana el camino para una cooperaci\u00f3n fiable y a largo plazo entre usted y nosotros: con un socio justo con el que puede alcanzar con \u00e9xito sus objetivos personales.<\/span><\/p>\n<p style=\"text-align: center;\">Nuestra historia<\/p>\n<p><span style=\"\"><img decoding=\"async\" alt=\"\" data-id=\"3056\" data-init-width=\"2560\" data-init-height=\"740\" title=\"ZeitstrahlES\" loading=\"lazy\" src=\"https:\/\/tsp-gis.de\/wp-content\/uploads\/2021\/08\/ZeitstrahlES-scaled.jpg\" data-width=\"1375\" data-height=\"397\" style=\"\" mt-d=\"0\" ml-d=\"-3.4375\" center-v-d=\"false\" width=\"1375\" height=\"397\"><\/span><\/p>\n<p style=\"\" align=\"center\"><strong><span lang=\"EN-US\">Nuestro impulso &#8211; \u00a1nuestra motivaci\u00f3n!<\/span><\/strong><\/p>\n<p align=\"center\"><span style=\"font-size: 19px;\" lang=\"EN-US\">Como cliente, usted es nuestro socio y, por tanto, tambi\u00e9n se le atiende como tal. Nuestra filosof\u00eda es clara:&nbsp;<strong>trabajamos para usted de forma individual, a medida y profesional.&nbsp;<\/strong>Con nosotros, cada cliente y cada proyecto son atendidos de forma individual.&nbsp;Con ideas a medida de personas que llevan a\u00f1os haciendo un trabajo profesional en su campo.&nbsp;La personalidad, la individualidad y la libertad creativa est\u00e1n en la vanguardia de nuestro trabajo, siempre tratando de satisfacer de forma \u00f3ptima las necesidades y expectativas de nuestros clientes.<\/span><\/p>\n","protected":false},"excerpt":{"rendered":"<p>La filosof\u00eda de nuestra empresaNunca pierdas de vista el objetivo y aprecia el desaf\u00edo. Seg\u00fan este lema, el nombre T.S.P. con sus dos directores generales, el Sr. Werner Thome y el Sr. Gerhard Sch\u00f6ninger, es sin\u00f3nimo de innovaci\u00f3n, \u00e9xito y creatividad desde hace m\u00e1s de 35 a\u00f1os. Debemos nuestro \u00e9xito no s\u00f3lo a la alta [&hellip;]<\/p>\n","protected":false},"author":2,"featured_media":2475,"parent":0,"menu_order":0,"comment_status":"closed","ping_status":"closed","template":"","meta":{"footnotes":""},"class_list":["post-2473","page","type-page","status-publish","has-post-thumbnail","hentry","post-wrapper","thrv_wrapper"],"yoast_head":"<!-- This site is optimized with the Yoast SEO plugin v27.0 - https:\/\/yoast.com\/product\/yoast-seo-wordpress\/ -->\n<title>Innovaci\u00f3n, \u00c9xito y Creatividad durante 35 A\u00f1os \u2013 T. S. P<\/title>\n<meta name=\"robots\" content=\"index, follow, max-snippet:-1, max-image-preview:large, max-video-preview:-1\" \/>\n<link rel=\"canonical\" href=\"https:\/\/tsp-gis.de\/es\/sobre-nosotros\/\" \/>\n<meta property=\"og:locale\" content=\"es_ES\" \/>\n<meta property=\"og:type\" content=\"article\" \/>\n<meta property=\"og:title\" content=\"Innovaci\u00f3n, \u00c9xito y Creatividad durante 35 A\u00f1os \u2013 T. S. P\" \/>\n<meta property=\"og:description\" content=\"La filosof\u00eda de nuestra empresaNunca pierdas de vista el objetivo y aprecia el desaf\u00edo. Seg\u00fan este lema, el nombre T.S.P. con sus dos directores generales, el Sr. Werner Thome y el Sr. Gerhard Sch\u00f6ninger, es sin\u00f3nimo de innovaci\u00f3n, \u00e9xito y creatividad desde hace m\u00e1s de 35 a\u00f1os. Debemos nuestro \u00e9xito no s\u00f3lo a la alta [&hellip;]\" \/>\n<meta property=\"og:url\" content=\"https:\/\/tsp-gis.de\/es\/sobre-nosotros\/\" \/>\n<meta property=\"og:site_name\" content=\"T.S.P.\" \/>\n<meta property=\"article:modified_time\" content=\"2022-09-15T09:41:30+00:00\" \/>\n<meta property=\"og:image\" content=\"https:\/\/tsp-gis.de\/wp-content\/uploads\/2021\/06\/Gebaeude-642-1-scaled.jpg\" \/>\n\t<meta property=\"og:image:width\" content=\"2560\" \/>\n\t<meta property=\"og:image:height\" content=\"1714\" \/>\n\t<meta property=\"og:image:type\" content=\"image\/jpeg\" \/>\n<meta name=\"twitter:card\" content=\"summary_large_image\" \/>\n<meta name=\"twitter:label1\" content=\"Tiempo de lectura\" \/>\n\t<meta name=\"twitter:data1\" content=\"2 minutos\" \/>\n<script type=\"application\/ld+json\" class=\"yoast-schema-graph\">{\"@context\":\"https:\/\/schema.org\",\"@graph\":[{\"@type\":\"WebPage\",\"@id\":\"https:\/\/tsp-gis.de\/es\/sobre-nosotros\/\",\"url\":\"https:\/\/tsp-gis.de\/es\/sobre-nosotros\/\",\"name\":\"Innovaci\u00f3n, \u00c9xito y Creatividad durante 35 A\u00f1os \u2013 T. S. P\",\"isPartOf\":{\"@id\":\"https:\/\/tsp-gis.de\/es\/#website\"},\"primaryImageOfPage\":{\"@id\":\"https:\/\/tsp-gis.de\/es\/sobre-nosotros\/#primaryimage\"},\"image\":{\"@id\":\"https:\/\/tsp-gis.de\/es\/sobre-nosotros\/#primaryimage\"},\"thumbnailUrl\":\"https:\/\/tsp-gis.de\/wp-content\/uploads\/2021\/06\/Gebaeude-642-1-scaled.jpg\",\"datePublished\":\"2021-07-17T18:42:34+00:00\",\"dateModified\":\"2022-09-15T09:41:30+00:00\",\"breadcrumb\":{\"@id\":\"https:\/\/tsp-gis.de\/es\/sobre-nosotros\/#breadcrumb\"},\"inLanguage\":\"es\",\"potentialAction\":[{\"@type\":\"ReadAction\",\"target\":[\"https:\/\/tsp-gis.de\/es\/sobre-nosotros\/\"]}]},{\"@type\":\"ImageObject\",\"inLanguage\":\"es\",\"@id\":\"https:\/\/tsp-gis.de\/es\/sobre-nosotros\/#primaryimage\",\"url\":\"https:\/\/tsp-gis.de\/wp-content\/uploads\/2021\/06\/Gebaeude-642-1-scaled.jpg\",\"contentUrl\":\"https:\/\/tsp-gis.de\/wp-content\/uploads\/2021\/06\/Gebaeude-642-1-scaled.jpg\",\"width\":2560,\"height\":1714,\"caption\":\"TSP Geb\u00e4ude\"},{\"@type\":\"BreadcrumbList\",\"@id\":\"https:\/\/tsp-gis.de\/es\/sobre-nosotros\/#breadcrumb\",\"itemListElement\":[{\"@type\":\"ListItem\",\"position\":1,\"name\":\"Startseite\",\"item\":\"https:\/\/tsp-gis.de\/es\/\"},{\"@type\":\"ListItem\",\"position\":2,\"name\":\"Sobre nosotros\"}]},{\"@type\":\"WebSite\",\"@id\":\"https:\/\/tsp-gis.de\/es\/#website\",\"url\":\"https:\/\/tsp-gis.de\/es\/\",\"name\":\"T.S.P.\",\"description\":\"Warehouse Management 4.0 and Business Continuity for IBM i\",\"publisher\":{\"@id\":\"https:\/\/tsp-gis.de\/es\/#organization\"},\"potentialAction\":[{\"@type\":\"SearchAction\",\"target\":{\"@type\":\"EntryPoint\",\"urlTemplate\":\"https:\/\/tsp-gis.de\/es\/?s={search_term_string}\"},\"query-input\":{\"@type\":\"PropertyValueSpecification\",\"valueRequired\":true,\"valueName\":\"search_term_string\"}}],\"inLanguage\":\"es\"},{\"@type\":\"Organization\",\"@id\":\"https:\/\/tsp-gis.de\/es\/#organization\",\"name\":\"T.S.P. Gesellschaft f\u00fcr Informationssysteme mbH\",\"url\":\"https:\/\/tsp-gis.de\/es\/\",\"logo\":{\"@type\":\"ImageObject\",\"inLanguage\":\"es\",\"@id\":\"https:\/\/tsp-gis.de\/es\/#\/schema\/logo\/image\/\",\"url\":\"https:\/\/tsp-gis.de\/wp-content\/uploads\/2021\/05\/logo-1.png\",\"contentUrl\":\"https:\/\/tsp-gis.de\/wp-content\/uploads\/2021\/05\/logo-1.png\",\"width\":1628,\"height\":880,\"caption\":\"T.S.P. Gesellschaft f\u00fcr Informationssysteme mbH\"},\"image\":{\"@id\":\"https:\/\/tsp-gis.de\/es\/#\/schema\/logo\/image\/\"}}]}<\/script>\n<!-- \/ Yoast SEO plugin. -->","yoast_head_json":{"title":"Innovaci\u00f3n, \u00c9xito y Creatividad durante 35 A\u00f1os \u2013 T. S. P","robots":{"index":"index","follow":"follow","max-snippet":"max-snippet:-1","max-image-preview":"max-image-preview:large","max-video-preview":"max-video-preview:-1"},"canonical":"https:\/\/tsp-gis.de\/es\/sobre-nosotros\/","og_locale":"es_ES","og_type":"article","og_title":"Innovaci\u00f3n, \u00c9xito y Creatividad durante 35 A\u00f1os \u2013 T. S. P","og_description":"La filosof\u00eda de nuestra empresaNunca pierdas de vista el objetivo y aprecia el desaf\u00edo. Seg\u00fan este lema, el nombre T.S.P. con sus dos directores generales, el Sr. Werner Thome y el Sr. Gerhard Sch\u00f6ninger, es sin\u00f3nimo de innovaci\u00f3n, \u00e9xito y creatividad desde hace m\u00e1s de 35 a\u00f1os. Debemos nuestro \u00e9xito no s\u00f3lo a la alta [&hellip;]","og_url":"https:\/\/tsp-gis.de\/es\/sobre-nosotros\/","og_site_name":"T.S.P.","article_modified_time":"2022-09-15T09:41:30+00:00","og_image":[{"width":2560,"height":1714,"url":"https:\/\/tsp-gis.de\/wp-content\/uploads\/2021\/06\/Gebaeude-642-1-scaled.jpg","type":"image\/jpeg"}],"twitter_card":"summary_large_image","twitter_misc":{"Tiempo de lectura":"2 minutos"},"schema":{"@context":"https:\/\/schema.org","@graph":[{"@type":"WebPage","@id":"https:\/\/tsp-gis.de\/es\/sobre-nosotros\/","url":"https:\/\/tsp-gis.de\/es\/sobre-nosotros\/","name":"Innovaci\u00f3n, \u00c9xito y Creatividad durante 35 A\u00f1os \u2013 T. S. P","isPartOf":{"@id":"https:\/\/tsp-gis.de\/es\/#website"},"primaryImageOfPage":{"@id":"https:\/\/tsp-gis.de\/es\/sobre-nosotros\/#primaryimage"},"image":{"@id":"https:\/\/tsp-gis.de\/es\/sobre-nosotros\/#primaryimage"},"thumbnailUrl":"https:\/\/tsp-gis.de\/wp-content\/uploads\/2021\/06\/Gebaeude-642-1-scaled.jpg","datePublished":"2021-07-17T18:42:34+00:00","dateModified":"2022-09-15T09:41:30+00:00","breadcrumb":{"@id":"https:\/\/tsp-gis.de\/es\/sobre-nosotros\/#breadcrumb"},"inLanguage":"es","potentialAction":[{"@type":"ReadAction","target":["https:\/\/tsp-gis.de\/es\/sobre-nosotros\/"]}]},{"@type":"ImageObject","inLanguage":"es","@id":"https:\/\/tsp-gis.de\/es\/sobre-nosotros\/#primaryimage","url":"https:\/\/tsp-gis.de\/wp-content\/uploads\/2021\/06\/Gebaeude-642-1-scaled.jpg","contentUrl":"https:\/\/tsp-gis.de\/wp-content\/uploads\/2021\/06\/Gebaeude-642-1-scaled.jpg","width":2560,"height":1714,"caption":"TSP Geb\u00e4ude"},{"@type":"BreadcrumbList","@id":"https:\/\/tsp-gis.de\/es\/sobre-nosotros\/#breadcrumb","itemListElement":[{"@type":"ListItem","position":1,"name":"Startseite","item":"https:\/\/tsp-gis.de\/es\/"},{"@type":"ListItem","position":2,"name":"Sobre nosotros"}]},{"@type":"WebSite","@id":"https:\/\/tsp-gis.de\/es\/#website","url":"https:\/\/tsp-gis.de\/es\/","name":"T.S.P.","description":"Warehouse Management 4.0 and Business Continuity for IBM i","publisher":{"@id":"https:\/\/tsp-gis.de\/es\/#organization"},"potentialAction":[{"@type":"SearchAction","target":{"@type":"EntryPoint","urlTemplate":"https:\/\/tsp-gis.de\/es\/?s={search_term_string}"},"query-input":{"@type":"PropertyValueSpecification","valueRequired":true,"valueName":"search_term_string"}}],"inLanguage":"es"},{"@type":"Organization","@id":"https:\/\/tsp-gis.de\/es\/#organization","name":"T.S.P. Gesellschaft f\u00fcr Informationssysteme mbH","url":"https:\/\/tsp-gis.de\/es\/","logo":{"@type":"ImageObject","inLanguage":"es","@id":"https:\/\/tsp-gis.de\/es\/#\/schema\/logo\/image\/","url":"https:\/\/tsp-gis.de\/wp-content\/uploads\/2021\/05\/logo-1.png","contentUrl":"https:\/\/tsp-gis.de\/wp-content\/uploads\/2021\/05\/logo-1.png","width":1628,"height":880,"caption":"T.S.P. Gesellschaft f\u00fcr Informationssysteme mbH"},"image":{"@id":"https:\/\/tsp-gis.de\/es\/#\/schema\/logo\/image\/"}}]}},"_links":{"self":[{"href":"https:\/\/tsp-gis.de\/es\/wp-json\/wp\/v2\/pages\/2473","targetHints":{"allow":["GET"]}}],"collection":[{"href":"https:\/\/tsp-gis.de\/es\/wp-json\/wp\/v2\/pages"}],"about":[{"href":"https:\/\/tsp-gis.de\/es\/wp-json\/wp\/v2\/types\/page"}],"author":[{"embeddable":true,"href":"https:\/\/tsp-gis.de\/es\/wp-json\/wp\/v2\/users\/2"}],"replies":[{"embeddable":true,"href":"https:\/\/tsp-gis.de\/es\/wp-json\/wp\/v2\/comments?post=2473"}],"version-history":[{"count":8,"href":"https:\/\/tsp-gis.de\/es\/wp-json\/wp\/v2\/pages\/2473\/revisions"}],"predecessor-version":[{"id":3567,"href":"https:\/\/tsp-gis.de\/es\/wp-json\/wp\/v2\/pages\/2473\/revisions\/3567"}],"wp:featuredmedia":[{"embeddable":true,"href":"https:\/\/tsp-gis.de\/es\/wp-json\/wp\/v2\/media\/2475"}],"wp:attachment":[{"href":"https:\/\/tsp-gis.de\/es\/wp-json\/wp\/v2\/media?parent=2473"}],"curies":[{"name":"wp","href":"https:\/\/api.w.org\/{rel}","templated":true}]}}