{"id":2481,"date":"2021-07-17T20:48:32","date_gmt":"2021-07-17T18:48:32","guid":{"rendered":"https:\/\/tsp-gis.de\/?page_id=2481"},"modified":"2022-09-15T11:53:21","modified_gmt":"2022-09-15T09:53:21","slug":"desarrollo-de-aplicaciones","status":"publish","type":"page","link":"https:\/\/tsp-gis.de\/es\/desarrollo-de-aplicaciones\/","title":{"rendered":"Desarrollo de aplicaciones"},"content":{"rendered":"<h1 style=\"text-align: center;\"><strong><span lang=\"EN-US\">\u00bfBusca una soluci\u00f3n de software adaptada a sus necesidades?&nbsp;<\/span><\/strong><strong><span lang=\"EN-US\"><span><\/span><strong><span>Entonces, \u00a1est\u00e1 bien con nosotros!<\/span><\/strong><\/span><\/strong><\/h1>\n<p align=\"center\"><strong><span lang=\"EN-US\" style=\"font-size: 19px;\">Porque nuestra filosof\u00eda es clara:&nbsp;<\/span><\/strong><span style=\"font-size: 19px;\"><span lang=\"EN-US\">trabajamos para nuestros clientes de forma individual, a medida, creativa y profesional.&nbsp;<strong><\/strong>Nuestro equipo de expertos en tecnolog\u00edas de la informaci\u00f3n, innovadores y muy ambiciosos, se esfuerza siempre por satisfacer de forma \u00f3ptima sus deseos y expectativas. Porque esta es la \u00fanica manera de crear un rendimiento perfecto sobre el que se pueda construir en el futuro. Esto es un requisito para que usted est\u00e9 siempre un paso por delante de sus competidores y para nosotros la base com\u00fan para una cooperaci\u00f3n exitosa y a largo plazo.&nbsp;Seg\u00fan la cita de Henry Ford:&nbsp;<\/span><\/span><\/p>\n<p align=\"center\"><span lang=\"EN-US\"><span style=\"font-size: 19px;\">\u00abReunirse es un comienzo, permanecer juntos es un progreso, vivir juntos es un \u00e9xito\u00bb, para nosotros el \u00e9xito com\u00fan est\u00e1 en primer plano y es la medida de todas las cosas.<\/span><strong><span style=\"font-size: 19px;\">\u00danase a nosotros! Porque su \u00e9xito es nuestro reto.<\/span><\/strong><\/span><\/p>\n\n","protected":false},"excerpt":{"rendered":"<p>\u00bfBusca una soluci\u00f3n de software adaptada a sus necesidades?&nbsp;Entonces, \u00a1est\u00e1 bien con nosotros! Porque nuestra filosof\u00eda es clara:&nbsp;trabajamos para nuestros clientes de forma individual, a medida, creativa y profesional.&nbsp;Nuestro equipo de expertos en tecnolog\u00edas de la informaci\u00f3n, innovadores y muy ambiciosos, se esfuerza siempre por satisfacer de forma \u00f3ptima sus deseos y expectativas. Porque esta [&hellip;]<\/p>\n","protected":false},"author":2,"featured_media":2483,"parent":0,"menu_order":0,"comment_status":"closed","ping_status":"closed","template":"","meta":{"footnotes":""},"class_list":["post-2481","page","type-page","status-publish","has-post-thumbnail","hentry","post-wrapper","thrv_wrapper"],"yoast_head":"<!-- This site is optimized with the Yoast SEO plugin v27.0 - https:\/\/yoast.com\/product\/yoast-seo-wordpress\/ -->\n<title>Desarrollo de aplicaciones | Soluciones de software \u2013 T. S. P<\/title>\n<meta name=\"robots\" content=\"index, follow, max-snippet:-1, max-image-preview:large, max-video-preview:-1\" \/>\n<link rel=\"canonical\" href=\"https:\/\/tsp-gis.de\/es\/desarrollo-de-aplicaciones\/\" \/>\n<meta property=\"og:locale\" content=\"es_ES\" \/>\n<meta property=\"og:type\" content=\"article\" \/>\n<meta property=\"og:title\" content=\"Desarrollo de aplicaciones | Soluciones de software \u2013 T. S. P\" \/>\n<meta property=\"og:description\" content=\"\u00bfBusca una soluci\u00f3n de software adaptada a sus necesidades?&nbsp;Entonces, \u00a1est\u00e1 bien con nosotros! Porque nuestra filosof\u00eda es clara:&nbsp;trabajamos para nuestros clientes de forma individual, a medida, creativa y profesional.&nbsp;Nuestro equipo de expertos en tecnolog\u00edas de la informaci\u00f3n, innovadores y muy ambiciosos, se esfuerza siempre por satisfacer de forma \u00f3ptima sus deseos y expectativas. Porque esta [&hellip;]\" \/>\n<meta property=\"og:url\" content=\"https:\/\/tsp-gis.de\/es\/desarrollo-de-aplicaciones\/\" \/>\n<meta property=\"og:site_name\" content=\"T.S.P.\" \/>\n<meta property=\"article:modified_time\" content=\"2022-09-15T09:53:21+00:00\" \/>\n<meta property=\"og:image\" content=\"https:\/\/tsp-gis.de\/wp-content\/uploads\/2021\/06\/iStock-1047259374-1-scaled-e1623657239291.jpg\" \/>\n\t<meta property=\"og:image:width\" content=\"1708\" \/>\n\t<meta property=\"og:image:height\" content=\"1708\" \/>\n\t<meta property=\"og:image:type\" content=\"image\/jpeg\" \/>\n<meta name=\"twitter:card\" content=\"summary_large_image\" \/>\n<meta name=\"twitter:label1\" content=\"Tiempo de lectura\" \/>\n\t<meta name=\"twitter:data1\" content=\"1 minuto\" \/>\n<script type=\"application\/ld+json\" class=\"yoast-schema-graph\">{\"@context\":\"https:\/\/schema.org\",\"@graph\":[{\"@type\":\"WebPage\",\"@id\":\"https:\/\/tsp-gis.de\/es\/desarrollo-de-aplicaciones\/\",\"url\":\"https:\/\/tsp-gis.de\/es\/desarrollo-de-aplicaciones\/\",\"name\":\"Desarrollo de aplicaciones | Soluciones de software \u2013 T. S. P\",\"isPartOf\":{\"@id\":\"https:\/\/tsp-gis.de\/es\/#website\"},\"primaryImageOfPage\":{\"@id\":\"https:\/\/tsp-gis.de\/es\/desarrollo-de-aplicaciones\/#primaryimage\"},\"image\":{\"@id\":\"https:\/\/tsp-gis.de\/es\/desarrollo-de-aplicaciones\/#primaryimage\"},\"thumbnailUrl\":\"https:\/\/tsp-gis.de\/wp-content\/uploads\/2021\/06\/iStock-1047259374-1-scaled-e1623657239291.jpg\",\"datePublished\":\"2021-07-17T18:48:32+00:00\",\"dateModified\":\"2022-09-15T09:53:21+00:00\",\"breadcrumb\":{\"@id\":\"https:\/\/tsp-gis.de\/es\/desarrollo-de-aplicaciones\/#breadcrumb\"},\"inLanguage\":\"es\",\"potentialAction\":[{\"@type\":\"ReadAction\",\"target\":[\"https:\/\/tsp-gis.de\/es\/desarrollo-de-aplicaciones\/\"]}]},{\"@type\":\"ImageObject\",\"inLanguage\":\"es\",\"@id\":\"https:\/\/tsp-gis.de\/es\/desarrollo-de-aplicaciones\/#primaryimage\",\"url\":\"https:\/\/tsp-gis.de\/wp-content\/uploads\/2021\/06\/iStock-1047259374-1-scaled-e1623657239291.jpg\",\"contentUrl\":\"https:\/\/tsp-gis.de\/wp-content\/uploads\/2021\/06\/iStock-1047259374-1-scaled-e1623657239291.jpg\",\"width\":1708,\"height\":1708,\"caption\":\"Warehousemanagement Software\"},{\"@type\":\"BreadcrumbList\",\"@id\":\"https:\/\/tsp-gis.de\/es\/desarrollo-de-aplicaciones\/#breadcrumb\",\"itemListElement\":[{\"@type\":\"ListItem\",\"position\":1,\"name\":\"Startseite\",\"item\":\"https:\/\/tsp-gis.de\/es\/\"},{\"@type\":\"ListItem\",\"position\":2,\"name\":\"Desarrollo de aplicaciones\"}]},{\"@type\":\"WebSite\",\"@id\":\"https:\/\/tsp-gis.de\/es\/#website\",\"url\":\"https:\/\/tsp-gis.de\/es\/\",\"name\":\"T.S.P.\",\"description\":\"Warehouse Management 4.0 and Business Continuity for IBM i\",\"publisher\":{\"@id\":\"https:\/\/tsp-gis.de\/es\/#organization\"},\"potentialAction\":[{\"@type\":\"SearchAction\",\"target\":{\"@type\":\"EntryPoint\",\"urlTemplate\":\"https:\/\/tsp-gis.de\/es\/?s={search_term_string}\"},\"query-input\":{\"@type\":\"PropertyValueSpecification\",\"valueRequired\":true,\"valueName\":\"search_term_string\"}}],\"inLanguage\":\"es\"},{\"@type\":\"Organization\",\"@id\":\"https:\/\/tsp-gis.de\/es\/#organization\",\"name\":\"T.S.P. Gesellschaft f\u00fcr Informationssysteme mbH\",\"url\":\"https:\/\/tsp-gis.de\/es\/\",\"logo\":{\"@type\":\"ImageObject\",\"inLanguage\":\"es\",\"@id\":\"https:\/\/tsp-gis.de\/es\/#\/schema\/logo\/image\/\",\"url\":\"https:\/\/tsp-gis.de\/wp-content\/uploads\/2021\/05\/logo-1.png\",\"contentUrl\":\"https:\/\/tsp-gis.de\/wp-content\/uploads\/2021\/05\/logo-1.png\",\"width\":1628,\"height\":880,\"caption\":\"T.S.P. Gesellschaft f\u00fcr Informationssysteme mbH\"},\"image\":{\"@id\":\"https:\/\/tsp-gis.de\/es\/#\/schema\/logo\/image\/\"}}]}<\/script>\n<!-- \/ Yoast SEO plugin. -->","yoast_head_json":{"title":"Desarrollo de aplicaciones | Soluciones de software \u2013 T. S. P","robots":{"index":"index","follow":"follow","max-snippet":"max-snippet:-1","max-image-preview":"max-image-preview:large","max-video-preview":"max-video-preview:-1"},"canonical":"https:\/\/tsp-gis.de\/es\/desarrollo-de-aplicaciones\/","og_locale":"es_ES","og_type":"article","og_title":"Desarrollo de aplicaciones | Soluciones de software \u2013 T. S. P","og_description":"\u00bfBusca una soluci\u00f3n de software adaptada a sus necesidades?&nbsp;Entonces, \u00a1est\u00e1 bien con nosotros! Porque nuestra filosof\u00eda es clara:&nbsp;trabajamos para nuestros clientes de forma individual, a medida, creativa y profesional.&nbsp;Nuestro equipo de expertos en tecnolog\u00edas de la informaci\u00f3n, innovadores y muy ambiciosos, se esfuerza siempre por satisfacer de forma \u00f3ptima sus deseos y expectativas. Porque esta [&hellip;]","og_url":"https:\/\/tsp-gis.de\/es\/desarrollo-de-aplicaciones\/","og_site_name":"T.S.P.","article_modified_time":"2022-09-15T09:53:21+00:00","og_image":[{"width":1708,"height":1708,"url":"https:\/\/tsp-gis.de\/wp-content\/uploads\/2021\/06\/iStock-1047259374-1-scaled-e1623657239291.jpg","type":"image\/jpeg"}],"twitter_card":"summary_large_image","twitter_misc":{"Tiempo de lectura":"1 minuto"},"schema":{"@context":"https:\/\/schema.org","@graph":[{"@type":"WebPage","@id":"https:\/\/tsp-gis.de\/es\/desarrollo-de-aplicaciones\/","url":"https:\/\/tsp-gis.de\/es\/desarrollo-de-aplicaciones\/","name":"Desarrollo de aplicaciones | Soluciones de software \u2013 T. S. P","isPartOf":{"@id":"https:\/\/tsp-gis.de\/es\/#website"},"primaryImageOfPage":{"@id":"https:\/\/tsp-gis.de\/es\/desarrollo-de-aplicaciones\/#primaryimage"},"image":{"@id":"https:\/\/tsp-gis.de\/es\/desarrollo-de-aplicaciones\/#primaryimage"},"thumbnailUrl":"https:\/\/tsp-gis.de\/wp-content\/uploads\/2021\/06\/iStock-1047259374-1-scaled-e1623657239291.jpg","datePublished":"2021-07-17T18:48:32+00:00","dateModified":"2022-09-15T09:53:21+00:00","breadcrumb":{"@id":"https:\/\/tsp-gis.de\/es\/desarrollo-de-aplicaciones\/#breadcrumb"},"inLanguage":"es","potentialAction":[{"@type":"ReadAction","target":["https:\/\/tsp-gis.de\/es\/desarrollo-de-aplicaciones\/"]}]},{"@type":"ImageObject","inLanguage":"es","@id":"https:\/\/tsp-gis.de\/es\/desarrollo-de-aplicaciones\/#primaryimage","url":"https:\/\/tsp-gis.de\/wp-content\/uploads\/2021\/06\/iStock-1047259374-1-scaled-e1623657239291.jpg","contentUrl":"https:\/\/tsp-gis.de\/wp-content\/uploads\/2021\/06\/iStock-1047259374-1-scaled-e1623657239291.jpg","width":1708,"height":1708,"caption":"Warehousemanagement Software"},{"@type":"BreadcrumbList","@id":"https:\/\/tsp-gis.de\/es\/desarrollo-de-aplicaciones\/#breadcrumb","itemListElement":[{"@type":"ListItem","position":1,"name":"Startseite","item":"https:\/\/tsp-gis.de\/es\/"},{"@type":"ListItem","position":2,"name":"Desarrollo de aplicaciones"}]},{"@type":"WebSite","@id":"https:\/\/tsp-gis.de\/es\/#website","url":"https:\/\/tsp-gis.de\/es\/","name":"T.S.P.","description":"Warehouse Management 4.0 and Business Continuity for IBM i","publisher":{"@id":"https:\/\/tsp-gis.de\/es\/#organization"},"potentialAction":[{"@type":"SearchAction","target":{"@type":"EntryPoint","urlTemplate":"https:\/\/tsp-gis.de\/es\/?s={search_term_string}"},"query-input":{"@type":"PropertyValueSpecification","valueRequired":true,"valueName":"search_term_string"}}],"inLanguage":"es"},{"@type":"Organization","@id":"https:\/\/tsp-gis.de\/es\/#organization","name":"T.S.P. Gesellschaft f\u00fcr Informationssysteme mbH","url":"https:\/\/tsp-gis.de\/es\/","logo":{"@type":"ImageObject","inLanguage":"es","@id":"https:\/\/tsp-gis.de\/es\/#\/schema\/logo\/image\/","url":"https:\/\/tsp-gis.de\/wp-content\/uploads\/2021\/05\/logo-1.png","contentUrl":"https:\/\/tsp-gis.de\/wp-content\/uploads\/2021\/05\/logo-1.png","width":1628,"height":880,"caption":"T.S.P. Gesellschaft f\u00fcr Informationssysteme mbH"},"image":{"@id":"https:\/\/tsp-gis.de\/es\/#\/schema\/logo\/image\/"}}]}},"_links":{"self":[{"href":"https:\/\/tsp-gis.de\/es\/wp-json\/wp\/v2\/pages\/2481","targetHints":{"allow":["GET"]}}],"collection":[{"href":"https:\/\/tsp-gis.de\/es\/wp-json\/wp\/v2\/pages"}],"about":[{"href":"https:\/\/tsp-gis.de\/es\/wp-json\/wp\/v2\/types\/page"}],"author":[{"embeddable":true,"href":"https:\/\/tsp-gis.de\/es\/wp-json\/wp\/v2\/users\/2"}],"replies":[{"embeddable":true,"href":"https:\/\/tsp-gis.de\/es\/wp-json\/wp\/v2\/comments?post=2481"}],"version-history":[{"count":6,"href":"https:\/\/tsp-gis.de\/es\/wp-json\/wp\/v2\/pages\/2481\/revisions"}],"predecessor-version":[{"id":3582,"href":"https:\/\/tsp-gis.de\/es\/wp-json\/wp\/v2\/pages\/2481\/revisions\/3582"}],"wp:featuredmedia":[{"embeddable":true,"href":"https:\/\/tsp-gis.de\/es\/wp-json\/wp\/v2\/media\/2483"}],"wp:attachment":[{"href":"https:\/\/tsp-gis.de\/es\/wp-json\/wp\/v2\/media?parent=2481"}],"curies":[{"name":"wp","href":"https:\/\/api.w.org\/{rel}","templated":true}]}}