{"id":2490,"date":"2021-07-17T20:54:51","date_gmt":"2021-07-17T18:54:51","guid":{"rendered":"https:\/\/tsp-gis.de\/?page_id=2490"},"modified":"2024-09-09T12:53:03","modified_gmt":"2024-09-09T10:53:03","slug":"apoyo","status":"publish","type":"page","link":"https:\/\/tsp-gis.de\/es\/apoyo\/","title":{"rendered":"Soporte"},"content":{"rendered":"<h1 style=\"text-align: center;\"><strong>\u00bfTiene alguna pregunta? Te ayudamos!<\/strong><\/h1>\n<p align=\"center\"><span style=\"font-size: 19px;\">Para procesar su solicitud de forma r\u00e1pida y espec\u00edfica, le pedimos una descripci\u00f3n detallada de su problema, as\u00ed como del producto al que se refiere. En cualquier caso, introduzca su direcci\u00f3n de correo electr\u00f3nico o su n\u00famero de tel\u00e9fono a trav\u00e9s de nuestro bot\u00f3n de contacto para que podamos ponernos en contacto con usted lo antes posible.<\/span><\/p>\n<p style=\"\" align=\"center\">Si desea m\u00e1s informaci\u00f3n sobre nuestros productos, puede descargar las descripciones correspondientes en formato PDF.<\/p>\n<h2>\u00c1rea de descarga&nbsp;<\/h2>\n<p><span><img decoding=\"async\" alt=\"\" data-id=\"2851\" data-init-width=\"1491\" data-init-height=\"1491\" title=\"Server room center exchanging cyber datas and connections 3D rendering\" loading=\"lazy\" src=\"https:\/\/tsp-gis.de\/wp-content\/uploads\/2021\/07\/businesscontinuity-1-scaled-e1626696194852.jpg\" data-width=\"173\" data-height=\"173\" style=\"aspect-ratio: auto 1491 \/ 1491;\" width=\"173\" height=\"173\"><\/span><\/p>\n<h3 style=\"\">Continuidad de negocio<\/h3>\n<p>Descargue aqu\u00ed informaci\u00f3n sobre la Continuidad del Negocio.<\/p>\n<ol>\n<li style=\"text-align: center;\">Para el acceso a nuestras \u00faltimas actualizaciones tenemos un \u00e1rea de acceso adicional. Aqu\u00ed podr\u00e1 descargar f\u00e1cilmente todas las actualizaciones y los manuales de instalaci\u00f3n.<\/li>\n<\/ol>\n","protected":false},"excerpt":{"rendered":"<p>\u00bfTiene alguna pregunta? Te ayudamos! Para procesar su solicitud de forma r\u00e1pida y espec\u00edfica, le pedimos una descripci\u00f3n detallada de su problema, as\u00ed como del producto al que se refiere. En cualquier caso, introduzca su direcci\u00f3n de correo electr\u00f3nico o su n\u00famero de tel\u00e9fono a trav\u00e9s de nuestro bot\u00f3n de contacto para que podamos ponernos [&hellip;]<\/p>\n","protected":false},"author":2,"featured_media":2794,"parent":0,"menu_order":0,"comment_status":"closed","ping_status":"closed","template":"","meta":{"footnotes":""},"class_list":["post-2490","page","type-page","status-publish","has-post-thumbnail","hentry","post-wrapper","thrv_wrapper"],"yoast_head":"<!-- This site is optimized with the Yoast SEO plugin v27.0 - https:\/\/yoast.com\/product\/yoast-seo-wordpress\/ -->\n<title>Soporte | Servicios de ayuda, contacto e informaci\u00f3n \u2013 T. S. P<\/title>\n<meta name=\"robots\" content=\"index, follow, max-snippet:-1, max-image-preview:large, max-video-preview:-1\" \/>\n<link rel=\"canonical\" href=\"https:\/\/tsp-gis.de\/es\/apoyo\/\" \/>\n<meta property=\"og:locale\" content=\"es_ES\" \/>\n<meta property=\"og:type\" content=\"article\" \/>\n<meta property=\"og:title\" content=\"Soporte | Servicios de ayuda, contacto e informaci\u00f3n \u2013 T. S. P\" \/>\n<meta property=\"og:description\" content=\"\u00bfTiene alguna pregunta? Te ayudamos! Para procesar su solicitud de forma r\u00e1pida y espec\u00edfica, le pedimos una descripci\u00f3n detallada de su problema, as\u00ed como del producto al que se refiere. En cualquier caso, introduzca su direcci\u00f3n de correo electr\u00f3nico o su n\u00famero de tel\u00e9fono a trav\u00e9s de nuestro bot\u00f3n de contacto para que podamos ponernos [&hellip;]\" \/>\n<meta property=\"og:url\" content=\"https:\/\/tsp-gis.de\/es\/apoyo\/\" \/>\n<meta property=\"og:site_name\" content=\"T.S.P.\" \/>\n<meta property=\"article:modified_time\" content=\"2024-09-09T10:53:03+00:00\" \/>\n<meta property=\"og:image\" content=\"https:\/\/tsp-gis.de\/wp-content\/uploads\/2021\/07\/support-2-scaled.jpg\" \/>\n\t<meta property=\"og:image:width\" content=\"2560\" \/>\n\t<meta property=\"og:image:height\" content=\"1350\" \/>\n\t<meta property=\"og:image:type\" content=\"image\/jpeg\" \/>\n<meta name=\"twitter:card\" content=\"summary_large_image\" \/>\n<meta name=\"twitter:label1\" content=\"Tiempo de lectura\" \/>\n\t<meta name=\"twitter:data1\" content=\"2 minutos\" \/>\n<script type=\"application\/ld+json\" class=\"yoast-schema-graph\">{\"@context\":\"https:\/\/schema.org\",\"@graph\":[{\"@type\":\"WebPage\",\"@id\":\"https:\/\/tsp-gis.de\/es\/apoyo\/\",\"url\":\"https:\/\/tsp-gis.de\/es\/apoyo\/\",\"name\":\"Soporte | Servicios de ayuda, contacto e informaci\u00f3n \u2013 T. S. P\",\"isPartOf\":{\"@id\":\"https:\/\/tsp-gis.de\/es\/#website\"},\"primaryImageOfPage\":{\"@id\":\"https:\/\/tsp-gis.de\/es\/apoyo\/#primaryimage\"},\"image\":{\"@id\":\"https:\/\/tsp-gis.de\/es\/apoyo\/#primaryimage\"},\"thumbnailUrl\":\"https:\/\/tsp-gis.de\/wp-content\/uploads\/2021\/07\/support-2-scaled.jpg\",\"datePublished\":\"2021-07-17T18:54:51+00:00\",\"dateModified\":\"2024-09-09T10:53:03+00:00\",\"breadcrumb\":{\"@id\":\"https:\/\/tsp-gis.de\/es\/apoyo\/#breadcrumb\"},\"inLanguage\":\"es\",\"potentialAction\":[{\"@type\":\"ReadAction\",\"target\":[\"https:\/\/tsp-gis.de\/es\/apoyo\/\"]}]},{\"@type\":\"ImageObject\",\"inLanguage\":\"es\",\"@id\":\"https:\/\/tsp-gis.de\/es\/apoyo\/#primaryimage\",\"url\":\"https:\/\/tsp-gis.de\/wp-content\/uploads\/2021\/07\/support-2-scaled.jpg\",\"contentUrl\":\"https:\/\/tsp-gis.de\/wp-content\/uploads\/2021\/07\/support-2-scaled.jpg\",\"width\":2560,\"height\":1350,\"caption\":\"Support Button on Computer Keyboard\"},{\"@type\":\"BreadcrumbList\",\"@id\":\"https:\/\/tsp-gis.de\/es\/apoyo\/#breadcrumb\",\"itemListElement\":[{\"@type\":\"ListItem\",\"position\":1,\"name\":\"Startseite\",\"item\":\"https:\/\/tsp-gis.de\/es\/\"},{\"@type\":\"ListItem\",\"position\":2,\"name\":\"Soporte\"}]},{\"@type\":\"WebSite\",\"@id\":\"https:\/\/tsp-gis.de\/es\/#website\",\"url\":\"https:\/\/tsp-gis.de\/es\/\",\"name\":\"T.S.P.\",\"description\":\"Warehouse Management 4.0 and Business Continuity for IBM i\",\"publisher\":{\"@id\":\"https:\/\/tsp-gis.de\/es\/#organization\"},\"potentialAction\":[{\"@type\":\"SearchAction\",\"target\":{\"@type\":\"EntryPoint\",\"urlTemplate\":\"https:\/\/tsp-gis.de\/es\/?s={search_term_string}\"},\"query-input\":{\"@type\":\"PropertyValueSpecification\",\"valueRequired\":true,\"valueName\":\"search_term_string\"}}],\"inLanguage\":\"es\"},{\"@type\":\"Organization\",\"@id\":\"https:\/\/tsp-gis.de\/es\/#organization\",\"name\":\"T.S.P. Gesellschaft f\u00fcr Informationssysteme mbH\",\"url\":\"https:\/\/tsp-gis.de\/es\/\",\"logo\":{\"@type\":\"ImageObject\",\"inLanguage\":\"es\",\"@id\":\"https:\/\/tsp-gis.de\/es\/#\/schema\/logo\/image\/\",\"url\":\"https:\/\/tsp-gis.de\/wp-content\/uploads\/2021\/05\/logo-1.png\",\"contentUrl\":\"https:\/\/tsp-gis.de\/wp-content\/uploads\/2021\/05\/logo-1.png\",\"width\":1628,\"height\":880,\"caption\":\"T.S.P. Gesellschaft f\u00fcr Informationssysteme mbH\"},\"image\":{\"@id\":\"https:\/\/tsp-gis.de\/es\/#\/schema\/logo\/image\/\"}}]}<\/script>\n<!-- \/ Yoast SEO plugin. -->","yoast_head_json":{"title":"Soporte | Servicios de ayuda, contacto e informaci\u00f3n \u2013 T. S. P","robots":{"index":"index","follow":"follow","max-snippet":"max-snippet:-1","max-image-preview":"max-image-preview:large","max-video-preview":"max-video-preview:-1"},"canonical":"https:\/\/tsp-gis.de\/es\/apoyo\/","og_locale":"es_ES","og_type":"article","og_title":"Soporte | Servicios de ayuda, contacto e informaci\u00f3n \u2013 T. S. P","og_description":"\u00bfTiene alguna pregunta? Te ayudamos! Para procesar su solicitud de forma r\u00e1pida y espec\u00edfica, le pedimos una descripci\u00f3n detallada de su problema, as\u00ed como del producto al que se refiere. En cualquier caso, introduzca su direcci\u00f3n de correo electr\u00f3nico o su n\u00famero de tel\u00e9fono a trav\u00e9s de nuestro bot\u00f3n de contacto para que podamos ponernos [&hellip;]","og_url":"https:\/\/tsp-gis.de\/es\/apoyo\/","og_site_name":"T.S.P.","article_modified_time":"2024-09-09T10:53:03+00:00","og_image":[{"width":2560,"height":1350,"url":"https:\/\/tsp-gis.de\/wp-content\/uploads\/2021\/07\/support-2-scaled.jpg","type":"image\/jpeg"}],"twitter_card":"summary_large_image","twitter_misc":{"Tiempo de lectura":"2 minutos"},"schema":{"@context":"https:\/\/schema.org","@graph":[{"@type":"WebPage","@id":"https:\/\/tsp-gis.de\/es\/apoyo\/","url":"https:\/\/tsp-gis.de\/es\/apoyo\/","name":"Soporte | Servicios de ayuda, contacto e informaci\u00f3n \u2013 T. S. P","isPartOf":{"@id":"https:\/\/tsp-gis.de\/es\/#website"},"primaryImageOfPage":{"@id":"https:\/\/tsp-gis.de\/es\/apoyo\/#primaryimage"},"image":{"@id":"https:\/\/tsp-gis.de\/es\/apoyo\/#primaryimage"},"thumbnailUrl":"https:\/\/tsp-gis.de\/wp-content\/uploads\/2021\/07\/support-2-scaled.jpg","datePublished":"2021-07-17T18:54:51+00:00","dateModified":"2024-09-09T10:53:03+00:00","breadcrumb":{"@id":"https:\/\/tsp-gis.de\/es\/apoyo\/#breadcrumb"},"inLanguage":"es","potentialAction":[{"@type":"ReadAction","target":["https:\/\/tsp-gis.de\/es\/apoyo\/"]}]},{"@type":"ImageObject","inLanguage":"es","@id":"https:\/\/tsp-gis.de\/es\/apoyo\/#primaryimage","url":"https:\/\/tsp-gis.de\/wp-content\/uploads\/2021\/07\/support-2-scaled.jpg","contentUrl":"https:\/\/tsp-gis.de\/wp-content\/uploads\/2021\/07\/support-2-scaled.jpg","width":2560,"height":1350,"caption":"Support Button on Computer Keyboard"},{"@type":"BreadcrumbList","@id":"https:\/\/tsp-gis.de\/es\/apoyo\/#breadcrumb","itemListElement":[{"@type":"ListItem","position":1,"name":"Startseite","item":"https:\/\/tsp-gis.de\/es\/"},{"@type":"ListItem","position":2,"name":"Soporte"}]},{"@type":"WebSite","@id":"https:\/\/tsp-gis.de\/es\/#website","url":"https:\/\/tsp-gis.de\/es\/","name":"T.S.P.","description":"Warehouse Management 4.0 and Business Continuity for IBM i","publisher":{"@id":"https:\/\/tsp-gis.de\/es\/#organization"},"potentialAction":[{"@type":"SearchAction","target":{"@type":"EntryPoint","urlTemplate":"https:\/\/tsp-gis.de\/es\/?s={search_term_string}"},"query-input":{"@type":"PropertyValueSpecification","valueRequired":true,"valueName":"search_term_string"}}],"inLanguage":"es"},{"@type":"Organization","@id":"https:\/\/tsp-gis.de\/es\/#organization","name":"T.S.P. Gesellschaft f\u00fcr Informationssysteme mbH","url":"https:\/\/tsp-gis.de\/es\/","logo":{"@type":"ImageObject","inLanguage":"es","@id":"https:\/\/tsp-gis.de\/es\/#\/schema\/logo\/image\/","url":"https:\/\/tsp-gis.de\/wp-content\/uploads\/2021\/05\/logo-1.png","contentUrl":"https:\/\/tsp-gis.de\/wp-content\/uploads\/2021\/05\/logo-1.png","width":1628,"height":880,"caption":"T.S.P. Gesellschaft f\u00fcr Informationssysteme mbH"},"image":{"@id":"https:\/\/tsp-gis.de\/es\/#\/schema\/logo\/image\/"}}]}},"_links":{"self":[{"href":"https:\/\/tsp-gis.de\/es\/wp-json\/wp\/v2\/pages\/2490","targetHints":{"allow":["GET"]}}],"collection":[{"href":"https:\/\/tsp-gis.de\/es\/wp-json\/wp\/v2\/pages"}],"about":[{"href":"https:\/\/tsp-gis.de\/es\/wp-json\/wp\/v2\/types\/page"}],"author":[{"embeddable":true,"href":"https:\/\/tsp-gis.de\/es\/wp-json\/wp\/v2\/users\/2"}],"replies":[{"embeddable":true,"href":"https:\/\/tsp-gis.de\/es\/wp-json\/wp\/v2\/comments?post=2490"}],"version-history":[{"count":19,"href":"https:\/\/tsp-gis.de\/es\/wp-json\/wp\/v2\/pages\/2490\/revisions"}],"predecessor-version":[{"id":4111,"href":"https:\/\/tsp-gis.de\/es\/wp-json\/wp\/v2\/pages\/2490\/revisions\/4111"}],"wp:featuredmedia":[{"embeddable":true,"href":"https:\/\/tsp-gis.de\/es\/wp-json\/wp\/v2\/media\/2794"}],"wp:attachment":[{"href":"https:\/\/tsp-gis.de\/es\/wp-json\/wp\/v2\/media?parent=2490"}],"curies":[{"name":"wp","href":"https:\/\/api.w.org\/{rel}","templated":true}]}}