{"id":2495,"date":"2021-07-17T20:57:46","date_gmt":"2021-07-17T18:57:46","guid":{"rendered":"https:\/\/tsp-gis.de\/?page_id=2495"},"modified":"2022-09-15T11:42:48","modified_gmt":"2022-09-15T09:42:48","slug":"carrera","status":"publish","type":"page","link":"https:\/\/tsp-gis.de\/es\/carrera\/","title":{"rendered":"Carrera"},"content":{"rendered":"<h1 style=\"text-align: center;\"><strong>\u00bfQuieres volar alto? Nosotros tambi\u00e9n.<\/strong><\/h1>\n<p align=\"center\"><span style=\"font-size: 19px;\">T.S.P. sigue una trayectoria de crecimiento estable. Por lo tanto, buscamos constantemente colegas comprometidos para un empleo permanente o un trabajo independiente para el camino com\u00fan hacia la cima.&nbsp;Somos una moderna empresa de TI y desde 1984 somos un socio competente en el desarrollo e implantaci\u00f3n de sistemas de informaci\u00f3n en el pa\u00eds y en el extranjero.&nbsp;Nuestro enfoque principal se centra en las \u00e1reas de:&nbsp;<strong>Continuidad de negocio, gesti\u00f3n de almacenes, pick by apps y desarrollo de aplicaciones.<\/strong>La personalidad, la individualidad y la libertad creativa est\u00e1n en la vanguardia de nuestro trabajo.&nbsp;As\u00ed pues, si le gusta trabajar en un equipo motivado y creativo, sin grandes jerarqu\u00edas, es usted quien est\u00e1 en nuestra casa. Nuestra familia T.S.P. es una buena mezcla de j\u00f3venes y mayores y todos mantenemos un intercambio a la altura de los ojos.<\/span><\/p>\n<p style=\"\" align=\"center\"><strong>Otras ventajas:<\/strong><\/p>\n<p style=\"\"><span lang=\"EN-US\">Mediante el tiempo parcial tambi\u00e9n la conciliaci\u00f3n de la vida laboral y familiar<\/span><\/p>\n<p style=\"\">Posibilidad de oficina en casa por acuerdo<\/p>\n<p style=\"\">Agradable y buen ambiente de trabajo<\/p>\n<p style=\"\">Almuerzos conjuntos<\/p>\n<p style=\"\" align=\"center\">\u00bfEres desarrollador de software y te apetece un nuevo reto en un equipo motivado?&nbsp;Ya sea a tiempo completo, a tiempo parcial o por reincorporaci\u00f3n, esperamos su solicitud.<\/p>\n<p align=\"center\"><strong>Haga clic aqu\u00ed para ver nuestras ofertas de trabajo actuales.<\/strong><\/p>\n<p style=\"text-align: center;\" tve-droppable\"\"=\"\"><span style=\"font-size: 19px;\"><span style=\"font-family: Arial, Helvetica, sans-serif;\"><span lang=\"EN-US\">Aplique ahora en<\/span><\/span><strong><span style=\"font-family: Arial, Helvetica, sans-serif;\">&nbsp;<\/span><\/strong><strong><span style=\"font-family: Arial, Helvetica, sans-serif;\"><a href=\"mailto:karin.schwarz@tsp-gis.de\" target=\"_blank\" style=\"outline: none;\" data-tcb_hover_state_parent=\"\" rel=\"noopener\">karin.schwarz@tsp-gis.de<\/a><\/span><\/strong><strong style=\"outline: none;\"><span style=\"font-family: Arial, Helvetica, sans-serif;\"> <\/span><\/strong><span style=\"font-family: Arial, Helvetica, sans-serif;\"><span lang=\"EN-US\">o rellene nuestro&nbsp;<\/span><\/span><\/span><span style=\"font-family: Arial, Helvetica, sans-serif; font-size: 19px;\"><\/span><strong style=\"outline: none;\"><span lang=\"EN-US\"><a href=\"https:\/\/tsp-gis.de\/es\/bewerbungsformular\/\" target=\"_blank\" style=\"outline: none;\" data-tcb_hover_state_parent=\"\" rel=\"noopener\">formulario de solicitud<\/a>!<\/span><\/strong><span style=\"font-family: Arial, Helvetica, sans-serif; font-size: 19px;\"><\/span><\/p>\n","protected":false},"excerpt":{"rendered":"<p>\u00bfQuieres volar alto? Nosotros tambi\u00e9n. T.S.P. sigue una trayectoria de crecimiento estable. Por lo tanto, buscamos constantemente colegas comprometidos para un empleo permanente o un trabajo independiente para el camino com\u00fan hacia la cima.&nbsp;Somos una moderna empresa de TI y desde 1984 somos un socio competente en el desarrollo e implantaci\u00f3n de sistemas de informaci\u00f3n [&hellip;]<\/p>\n","protected":false},"author":2,"featured_media":2798,"parent":0,"menu_order":0,"comment_status":"closed","ping_status":"closed","template":"","meta":{"footnotes":""},"class_list":["post-2495","page","type-page","status-publish","has-post-thumbnail","hentry","post-wrapper","thrv_wrapper"],"yoast_head":"<!-- This site is optimized with the Yoast SEO plugin v27.0 - https:\/\/yoast.com\/product\/yoast-seo-wordpress\/ -->\n<title>Carrera en TI | Ofertas de empleo y ventajas laborales \u2013 T. S. P<\/title>\n<meta name=\"robots\" content=\"index, follow, max-snippet:-1, max-image-preview:large, max-video-preview:-1\" \/>\n<link rel=\"canonical\" href=\"https:\/\/tsp-gis.de\/es\/carrera\/\" \/>\n<meta property=\"og:locale\" content=\"es_ES\" \/>\n<meta property=\"og:type\" content=\"article\" \/>\n<meta property=\"og:title\" content=\"Carrera en TI | Ofertas de empleo y ventajas laborales \u2013 T. S. P\" \/>\n<meta property=\"og:description\" content=\"\u00bfQuieres volar alto? Nosotros tambi\u00e9n. T.S.P. sigue una trayectoria de crecimiento estable. Por lo tanto, buscamos constantemente colegas comprometidos para un empleo permanente o un trabajo independiente para el camino com\u00fan hacia la cima.&nbsp;Somos una moderna empresa de TI y desde 1984 somos un socio competente en el desarrollo e implantaci\u00f3n de sistemas de informaci\u00f3n [&hellip;]\" \/>\n<meta property=\"og:url\" content=\"https:\/\/tsp-gis.de\/es\/carrera\/\" \/>\n<meta property=\"og:site_name\" content=\"T.S.P.\" \/>\n<meta property=\"article:modified_time\" content=\"2022-09-15T09:42:48+00:00\" \/>\n<meta property=\"og:image\" content=\"https:\/\/tsp-gis.de\/wp-content\/uploads\/2021\/07\/karriere-2-scaled.jpg\" \/>\n\t<meta property=\"og:image:width\" content=\"2560\" \/>\n\t<meta property=\"og:image:height\" content=\"1707\" \/>\n\t<meta property=\"og:image:type\" content=\"image\/jpeg\" \/>\n<meta name=\"twitter:card\" content=\"summary_large_image\" \/>\n<meta name=\"twitter:label1\" content=\"Tiempo de lectura\" \/>\n\t<meta name=\"twitter:data1\" content=\"2 minutos\" \/>\n<script type=\"application\/ld+json\" class=\"yoast-schema-graph\">{\"@context\":\"https:\/\/schema.org\",\"@graph\":[{\"@type\":\"WebPage\",\"@id\":\"https:\/\/tsp-gis.de\/es\/carrera\/\",\"url\":\"https:\/\/tsp-gis.de\/es\/carrera\/\",\"name\":\"Carrera en TI | Ofertas de empleo y ventajas laborales \u2013 T. S. P\",\"isPartOf\":{\"@id\":\"https:\/\/tsp-gis.de\/es\/#website\"},\"primaryImageOfPage\":{\"@id\":\"https:\/\/tsp-gis.de\/es\/carrera\/#primaryimage\"},\"image\":{\"@id\":\"https:\/\/tsp-gis.de\/es\/carrera\/#primaryimage\"},\"thumbnailUrl\":\"https:\/\/tsp-gis.de\/wp-content\/uploads\/2021\/07\/karriere-2-scaled.jpg\",\"datePublished\":\"2021-07-17T18:57:46+00:00\",\"dateModified\":\"2022-09-15T09:42:48+00:00\",\"breadcrumb\":{\"@id\":\"https:\/\/tsp-gis.de\/es\/carrera\/#breadcrumb\"},\"inLanguage\":\"es\",\"potentialAction\":[{\"@type\":\"ReadAction\",\"target\":[\"https:\/\/tsp-gis.de\/es\/carrera\/\"]}]},{\"@type\":\"ImageObject\",\"inLanguage\":\"es\",\"@id\":\"https:\/\/tsp-gis.de\/es\/carrera\/#primaryimage\",\"url\":\"https:\/\/tsp-gis.de\/wp-content\/uploads\/2021\/07\/karriere-2-scaled.jpg\",\"contentUrl\":\"https:\/\/tsp-gis.de\/wp-content\/uploads\/2021\/07\/karriere-2-scaled.jpg\",\"width\":2048,\"height\":1366,\"caption\":\"Successful businessman running fast upstairs Success concept\"},{\"@type\":\"BreadcrumbList\",\"@id\":\"https:\/\/tsp-gis.de\/es\/carrera\/#breadcrumb\",\"itemListElement\":[{\"@type\":\"ListItem\",\"position\":1,\"name\":\"Startseite\",\"item\":\"https:\/\/tsp-gis.de\/es\/\"},{\"@type\":\"ListItem\",\"position\":2,\"name\":\"Carrera\"}]},{\"@type\":\"WebSite\",\"@id\":\"https:\/\/tsp-gis.de\/es\/#website\",\"url\":\"https:\/\/tsp-gis.de\/es\/\",\"name\":\"T.S.P.\",\"description\":\"Warehouse Management 4.0 and Business Continuity for IBM i\",\"publisher\":{\"@id\":\"https:\/\/tsp-gis.de\/es\/#organization\"},\"potentialAction\":[{\"@type\":\"SearchAction\",\"target\":{\"@type\":\"EntryPoint\",\"urlTemplate\":\"https:\/\/tsp-gis.de\/es\/?s={search_term_string}\"},\"query-input\":{\"@type\":\"PropertyValueSpecification\",\"valueRequired\":true,\"valueName\":\"search_term_string\"}}],\"inLanguage\":\"es\"},{\"@type\":\"Organization\",\"@id\":\"https:\/\/tsp-gis.de\/es\/#organization\",\"name\":\"T.S.P. Gesellschaft f\u00fcr Informationssysteme mbH\",\"url\":\"https:\/\/tsp-gis.de\/es\/\",\"logo\":{\"@type\":\"ImageObject\",\"inLanguage\":\"es\",\"@id\":\"https:\/\/tsp-gis.de\/es\/#\/schema\/logo\/image\/\",\"url\":\"https:\/\/tsp-gis.de\/wp-content\/uploads\/2021\/05\/logo-1.png\",\"contentUrl\":\"https:\/\/tsp-gis.de\/wp-content\/uploads\/2021\/05\/logo-1.png\",\"width\":1628,\"height\":880,\"caption\":\"T.S.P. Gesellschaft f\u00fcr Informationssysteme mbH\"},\"image\":{\"@id\":\"https:\/\/tsp-gis.de\/es\/#\/schema\/logo\/image\/\"}}]}<\/script>\n<!-- \/ Yoast SEO plugin. -->","yoast_head_json":{"title":"Carrera en TI | Ofertas de empleo y ventajas laborales \u2013 T. S. P","robots":{"index":"index","follow":"follow","max-snippet":"max-snippet:-1","max-image-preview":"max-image-preview:large","max-video-preview":"max-video-preview:-1"},"canonical":"https:\/\/tsp-gis.de\/es\/carrera\/","og_locale":"es_ES","og_type":"article","og_title":"Carrera en TI | Ofertas de empleo y ventajas laborales \u2013 T. S. P","og_description":"\u00bfQuieres volar alto? Nosotros tambi\u00e9n. T.S.P. sigue una trayectoria de crecimiento estable. Por lo tanto, buscamos constantemente colegas comprometidos para un empleo permanente o un trabajo independiente para el camino com\u00fan hacia la cima.&nbsp;Somos una moderna empresa de TI y desde 1984 somos un socio competente en el desarrollo e implantaci\u00f3n de sistemas de informaci\u00f3n [&hellip;]","og_url":"https:\/\/tsp-gis.de\/es\/carrera\/","og_site_name":"T.S.P.","article_modified_time":"2022-09-15T09:42:48+00:00","og_image":[{"width":2560,"height":1707,"url":"https:\/\/tsp-gis.de\/wp-content\/uploads\/2021\/07\/karriere-2-scaled.jpg","type":"image\/jpeg"}],"twitter_card":"summary_large_image","twitter_misc":{"Tiempo de lectura":"2 minutos"},"schema":{"@context":"https:\/\/schema.org","@graph":[{"@type":"WebPage","@id":"https:\/\/tsp-gis.de\/es\/carrera\/","url":"https:\/\/tsp-gis.de\/es\/carrera\/","name":"Carrera en TI | Ofertas de empleo y ventajas laborales \u2013 T. S. P","isPartOf":{"@id":"https:\/\/tsp-gis.de\/es\/#website"},"primaryImageOfPage":{"@id":"https:\/\/tsp-gis.de\/es\/carrera\/#primaryimage"},"image":{"@id":"https:\/\/tsp-gis.de\/es\/carrera\/#primaryimage"},"thumbnailUrl":"https:\/\/tsp-gis.de\/wp-content\/uploads\/2021\/07\/karriere-2-scaled.jpg","datePublished":"2021-07-17T18:57:46+00:00","dateModified":"2022-09-15T09:42:48+00:00","breadcrumb":{"@id":"https:\/\/tsp-gis.de\/es\/carrera\/#breadcrumb"},"inLanguage":"es","potentialAction":[{"@type":"ReadAction","target":["https:\/\/tsp-gis.de\/es\/carrera\/"]}]},{"@type":"ImageObject","inLanguage":"es","@id":"https:\/\/tsp-gis.de\/es\/carrera\/#primaryimage","url":"https:\/\/tsp-gis.de\/wp-content\/uploads\/2021\/07\/karriere-2-scaled.jpg","contentUrl":"https:\/\/tsp-gis.de\/wp-content\/uploads\/2021\/07\/karriere-2-scaled.jpg","width":2048,"height":1366,"caption":"Successful businessman running fast upstairs Success concept"},{"@type":"BreadcrumbList","@id":"https:\/\/tsp-gis.de\/es\/carrera\/#breadcrumb","itemListElement":[{"@type":"ListItem","position":1,"name":"Startseite","item":"https:\/\/tsp-gis.de\/es\/"},{"@type":"ListItem","position":2,"name":"Carrera"}]},{"@type":"WebSite","@id":"https:\/\/tsp-gis.de\/es\/#website","url":"https:\/\/tsp-gis.de\/es\/","name":"T.S.P.","description":"Warehouse Management 4.0 and Business Continuity for IBM i","publisher":{"@id":"https:\/\/tsp-gis.de\/es\/#organization"},"potentialAction":[{"@type":"SearchAction","target":{"@type":"EntryPoint","urlTemplate":"https:\/\/tsp-gis.de\/es\/?s={search_term_string}"},"query-input":{"@type":"PropertyValueSpecification","valueRequired":true,"valueName":"search_term_string"}}],"inLanguage":"es"},{"@type":"Organization","@id":"https:\/\/tsp-gis.de\/es\/#organization","name":"T.S.P. Gesellschaft f\u00fcr Informationssysteme mbH","url":"https:\/\/tsp-gis.de\/es\/","logo":{"@type":"ImageObject","inLanguage":"es","@id":"https:\/\/tsp-gis.de\/es\/#\/schema\/logo\/image\/","url":"https:\/\/tsp-gis.de\/wp-content\/uploads\/2021\/05\/logo-1.png","contentUrl":"https:\/\/tsp-gis.de\/wp-content\/uploads\/2021\/05\/logo-1.png","width":1628,"height":880,"caption":"T.S.P. Gesellschaft f\u00fcr Informationssysteme mbH"},"image":{"@id":"https:\/\/tsp-gis.de\/es\/#\/schema\/logo\/image\/"}}]}},"_links":{"self":[{"href":"https:\/\/tsp-gis.de\/es\/wp-json\/wp\/v2\/pages\/2495","targetHints":{"allow":["GET"]}}],"collection":[{"href":"https:\/\/tsp-gis.de\/es\/wp-json\/wp\/v2\/pages"}],"about":[{"href":"https:\/\/tsp-gis.de\/es\/wp-json\/wp\/v2\/types\/page"}],"author":[{"embeddable":true,"href":"https:\/\/tsp-gis.de\/es\/wp-json\/wp\/v2\/users\/2"}],"replies":[{"embeddable":true,"href":"https:\/\/tsp-gis.de\/es\/wp-json\/wp\/v2\/comments?post=2495"}],"version-history":[{"count":11,"href":"https:\/\/tsp-gis.de\/es\/wp-json\/wp\/v2\/pages\/2495\/revisions"}],"predecessor-version":[{"id":3569,"href":"https:\/\/tsp-gis.de\/es\/wp-json\/wp\/v2\/pages\/2495\/revisions\/3569"}],"wp:featuredmedia":[{"embeddable":true,"href":"https:\/\/tsp-gis.de\/es\/wp-json\/wp\/v2\/media\/2798"}],"wp:attachment":[{"href":"https:\/\/tsp-gis.de\/es\/wp-json\/wp\/v2\/media?parent=2495"}],"curies":[{"name":"wp","href":"https:\/\/api.w.org\/{rel}","templated":true}]}}