{"id":2503,"date":"2021-07-17T21:04:50","date_gmt":"2021-07-17T19:04:50","guid":{"rendered":"https:\/\/tsp-gis.de\/?page_id=2503"},"modified":"2022-09-15T11:55:00","modified_gmt":"2022-09-15T09:55:00","slug":"responsabilidad","status":"publish","type":"page","link":"https:\/\/tsp-gis.de\/es\/responsabilidad\/","title":{"rendered":"Responsabilidad"},"content":{"rendered":"<h1 style=\"\"><strong>T.S.P. &#8211; Sociedad de Sistemas de Informaci\u00f3n mbH<\/strong><\/h1>\n<p>Fundaci\u00f3n: 1984 Sede: 76337 Waldbronn | Im Ermlisgrund 18Tel.: 0049 <a href=\"tel:0049%20-%207243%20-%2056%2042%20-%200\" style=\"outline: none;\">&#8211; 7243 &#8211; 56 42 \u2013 0&nbsp;<\/a>Fax:&nbsp;<a href=\"tel:0049%20-%207243%20-%2056%2042%20-%2080\" style=\"outline: none;\">0049 &#8211; 7243 &#8211; 56 42 &#8211; 80&nbsp;<\/a>E-Mail: tsp@tsp-gis.deRechtsform: GmbH&nbsp;Director general: Alexander K\u00fchn&nbsp;Gerhard Sch\u00f6ninger&nbsp;Dipl. Math. Werner Thom\u00e9Tribunal de registro: Amtsgericht MannheimN\u00famero de registro: HRB 361035N\u00famero de identificaci\u00f3n de usuario: DE 143246178Concepci\u00f3n y realizaci\u00f3n: Kathrin Wahl &nbsp; &nbsp; &nbsp; &nbsp; &nbsp; &nbsp; &nbsp; &nbsp; &nbsp; &nbsp; &nbsp; &nbsp; &nbsp; &nbsp; &nbsp; &nbsp; &nbsp; &nbsp; &nbsp; &nbsp; &nbsp; Caroline K\u00f6hler &nbsp; &nbsp; &nbsp; &nbsp; &nbsp; &nbsp; &nbsp; &nbsp; &nbsp; &nbsp; &nbsp; &nbsp; &nbsp; &nbsp; &nbsp; &nbsp; &nbsp; &nbsp; &nbsp; &nbsp; &nbsp; Andreas Finken &nbsp; &nbsp; &nbsp; &nbsp; &nbsp; &nbsp; &nbsp; &nbsp; &nbsp; &nbsp; &nbsp; &nbsp; &nbsp; &nbsp; &nbsp; &nbsp; &nbsp; &nbsp; &nbsp; &nbsp; &nbsp; Chris Sch\u00e4tzle<\/p>\n<p><strong>DESCARGO DE RESPONSABILIDAD<\/strong><\/p>\n<p><strong>Resoluci\u00f3n de litigios.<\/strong><\/p>\n<p>La<strong>&nbsp;<\/strong>Comisi\u00f3n Europea ofrece una plataforma de resoluci\u00f3n de litigios en l\u00ednea (OS): https:\/\/ec.europa.eu\/consumers\/odr. Puede encontrar nuestra direcci\u00f3n de correo electr\u00f3nico en el pie de imprenta de arriba. No estamos dispuestos ni obligados a participar en un procedimiento de resoluci\u00f3n de conflictos ante una junta de arbitraje de consumo.<\/p>\n<p><strong>Responsabilidad por los contenidos.<\/strong><\/p>\n<p>Como proveedor de servicios, somos responsables de los contenidos propios de estas p\u00e1ginas de acuerdo con la legislaci\u00f3n general seg\u00fan el art\u00edculo 7 (1) de la Ley alemana de medios de comunicaci\u00f3n (TMG). Seg\u00fan los art\u00edculos 8 a 10 de la TMG, no estamos obligados a controlar la informaci\u00f3n transmitida o almacenada ni a investigar las circunstancias que indiquen una actividad ilegal. Las obligaciones de eliminar o bloquear el uso de la informaci\u00f3n seg\u00fan las leyes generales no se ven afectadas por esto. Sin embargo, la responsabilidad a este respecto s\u00f3lo es posible a partir del momento en que se conoce una infracci\u00f3n concreta de la ley. Si tenemos conocimiento de tales infracciones, eliminaremos el contenido correspondiente inmediatamente.&nbsp;<\/p>\n<p><strong>Responsabilidad por los enlaces.<\/strong><\/p>\n<p>Nuestra oferta contiene enlaces a p\u00e1ginas web externas de terceros, sobre cuyos contenidos no tenemos ninguna influencia. Por lo tanto, no podemos asumir ninguna responsabilidad por estos contenidos externos. El proveedor u operador de las p\u00e1ginas es siempre responsable del contenido de las p\u00e1ginas enlazadas. Las p\u00e1ginas enlazadas fueron revisadas para detectar posibles infracciones legales en el momento de enlazarlas. Los contenidos ilegales no eran reconocibles en el momento de la vinculaci\u00f3n. Sin embargo, un control permanente de los contenidos de las p\u00e1ginas enlazadas no es razonable sin pruebas concretas de una violaci\u00f3n de la ley. Si tenemos conocimiento de alguna infracci\u00f3n, eliminaremos dichos enlaces inmediatamente.&nbsp;<\/p>\n<p><strong>Derechos de autor.<\/strong><\/p>\n<p>Los<strong>&nbsp;<\/strong>contenidos y obras creados por los operadores del sitio en estas p\u00e1ginas est\u00e1n sujetos a la legislaci\u00f3n alemana sobre derechos de autor. La duplicaci\u00f3n, el procesamiento, la distribuci\u00f3n o cualquier forma de comercializaci\u00f3n de dicho material m\u00e1s all\u00e1 del alcance de la ley de derechos de autor requerir\u00e1 el consentimiento previo por escrito de su respectivo autor o creador. Las descargas y copias de este sitio s\u00f3lo est\u00e1n permitidas para uso privado y no comercial. En la medida en que el contenido de este sitio no haya sido creado por el operador, se respetan los derechos de autor de terceros. En particular, los contenidos de terceros se identifican como tales. No obstante, si tiene conocimiento de una infracci\u00f3n de los derechos de autor, le rogamos que nos informe al respecto. Si tenemos conocimiento de alguna infracci\u00f3n, eliminaremos dicho contenido inmediatamente.<\/p>\n<p><strong>Informaci\u00f3n legal sobre intentos de advertencia.<\/strong><\/p>\n<p>Si se<strong>&nbsp;<\/strong>han violado los derechos de terceros o las normas legales por la presentaci\u00f3n o el contenido de estas p\u00e1ginas de Internet, le pedimos que nos env\u00ede un mensaje correspondiente sin nota de coste. Garantizamos la eliminaci\u00f3n inmediata de los pasajes justamente denunciados, sin que sea necesaria la intervenci\u00f3n de un asesor legal de su parte. Si, a pesar de todo, incurre en gastos sin ponerse en contacto con nosotros, \u00e9stos ser\u00e1n rechazados en su totalidad. Si es necesario, se presentar\u00e1 una contrademanda por violaci\u00f3n de las disposiciones mencionadas.&nbsp;<\/p>\n<p>2021 T.S.P. Gesellschaft f\u00fcr Informationssysteme mbH&nbsp;<\/p>\n","protected":false},"excerpt":{"rendered":"<p>T.S.P. &#8211; Sociedad de Sistemas de Informaci\u00f3n mbH Fundaci\u00f3n: 1984 Sede: 76337 Waldbronn | Im Ermlisgrund 18Tel.: 0049 &#8211; 7243 &#8211; 56 42 \u2013 0&nbsp;Fax:&nbsp;0049 &#8211; 7243 &#8211; 56 42 &#8211; 80&nbsp;E-Mail: tsp@tsp-gis.deRechtsform: GmbH&nbsp;Director general: Alexander K\u00fchn&nbsp;Gerhard Sch\u00f6ninger&nbsp;Dipl. Math. Werner Thom\u00e9Tribunal de registro: Amtsgericht MannheimN\u00famero de registro: HRB 361035N\u00famero de identificaci\u00f3n de usuario: DE 143246178Concepci\u00f3n [&hellip;]<\/p>\n","protected":false},"author":2,"featured_media":2806,"parent":0,"menu_order":0,"comment_status":"closed","ping_status":"closed","template":"","meta":{"footnotes":""},"class_list":["post-2503","page","type-page","status-publish","has-post-thumbnail","hentry","post-wrapper","thrv_wrapper"],"yoast_head":"<!-- This site is optimized with the Yoast SEO plugin v27.0 - https:\/\/yoast.com\/product\/yoast-seo-wordpress\/ -->\n<title>Impresi\u00f3n de T. S. P | Su socio para sistemas de informaci\u00f3n<\/title>\n<meta name=\"robots\" content=\"index, follow, max-snippet:-1, max-image-preview:large, max-video-preview:-1\" \/>\n<link rel=\"canonical\" href=\"https:\/\/tsp-gis.de\/es\/responsabilidad\/\" \/>\n<meta property=\"og:locale\" content=\"es_ES\" \/>\n<meta property=\"og:type\" content=\"article\" \/>\n<meta property=\"og:title\" content=\"Impresi\u00f3n de T. S. P | Su socio para sistemas de informaci\u00f3n\" \/>\n<meta property=\"og:description\" content=\"T.S.P. &#8211; Sociedad de Sistemas de Informaci\u00f3n mbH Fundaci\u00f3n: 1984 Sede: 76337 Waldbronn | Im Ermlisgrund 18Tel.: 0049 &#8211; 7243 &#8211; 56 42 \u2013 0&nbsp;Fax:&nbsp;0049 &#8211; 7243 &#8211; 56 42 &#8211; 80&nbsp;E-Mail: tsp@tsp-gis.deRechtsform: GmbH&nbsp;Director general: Alexander K\u00fchn&nbsp;Gerhard Sch\u00f6ninger&nbsp;Dipl. Math. Werner Thom\u00e9Tribunal de registro: Amtsgericht MannheimN\u00famero de registro: HRB 361035N\u00famero de identificaci\u00f3n de usuario: DE 143246178Concepci\u00f3n [&hellip;]\" \/>\n<meta property=\"og:url\" content=\"https:\/\/tsp-gis.de\/es\/responsabilidad\/\" \/>\n<meta property=\"og:site_name\" content=\"T.S.P.\" \/>\n<meta property=\"article:modified_time\" content=\"2022-09-15T09:55:00+00:00\" \/>\n<meta property=\"og:image\" content=\"https:\/\/tsp-gis.de\/wp-content\/uploads\/2021\/07\/Startseite-1-scaled.jpg\" \/>\n\t<meta property=\"og:image:width\" content=\"2560\" \/>\n\t<meta property=\"og:image:height\" content=\"1707\" \/>\n\t<meta property=\"og:image:type\" content=\"image\/jpeg\" \/>\n<meta name=\"twitter:card\" content=\"summary_large_image\" \/>\n<meta name=\"twitter:label1\" content=\"Tiempo de lectura\" \/>\n\t<meta name=\"twitter:data1\" content=\"4 minutos\" \/>\n<script type=\"application\/ld+json\" class=\"yoast-schema-graph\">{\"@context\":\"https:\/\/schema.org\",\"@graph\":[{\"@type\":\"WebPage\",\"@id\":\"https:\/\/tsp-gis.de\/es\/responsabilidad\/\",\"url\":\"https:\/\/tsp-gis.de\/es\/responsabilidad\/\",\"name\":\"Impresi\u00f3n de T. S. P | Su socio para sistemas de informaci\u00f3n\",\"isPartOf\":{\"@id\":\"https:\/\/tsp-gis.de\/es\/#website\"},\"primaryImageOfPage\":{\"@id\":\"https:\/\/tsp-gis.de\/es\/responsabilidad\/#primaryimage\"},\"image\":{\"@id\":\"https:\/\/tsp-gis.de\/es\/responsabilidad\/#primaryimage\"},\"thumbnailUrl\":\"https:\/\/tsp-gis.de\/wp-content\/uploads\/2021\/07\/Startseite-1-scaled.jpg\",\"datePublished\":\"2021-07-17T19:04:50+00:00\",\"dateModified\":\"2022-09-15T09:55:00+00:00\",\"breadcrumb\":{\"@id\":\"https:\/\/tsp-gis.de\/es\/responsabilidad\/#breadcrumb\"},\"inLanguage\":\"es\",\"potentialAction\":[{\"@type\":\"ReadAction\",\"target\":[\"https:\/\/tsp-gis.de\/es\/responsabilidad\/\"]}]},{\"@type\":\"ImageObject\",\"inLanguage\":\"es\",\"@id\":\"https:\/\/tsp-gis.de\/es\/responsabilidad\/#primaryimage\",\"url\":\"https:\/\/tsp-gis.de\/wp-content\/uploads\/2021\/07\/Startseite-1-scaled.jpg\",\"contentUrl\":\"https:\/\/tsp-gis.de\/wp-content\/uploads\/2021\/07\/Startseite-1-scaled.jpg\",\"width\":2048,\"height\":1366,\"caption\":\"Sailing crew on sailboat during regatta. http:\/\/santoriniphoto.com\/Template-Sailing.jpg\"},{\"@type\":\"BreadcrumbList\",\"@id\":\"https:\/\/tsp-gis.de\/es\/responsabilidad\/#breadcrumb\",\"itemListElement\":[{\"@type\":\"ListItem\",\"position\":1,\"name\":\"Startseite\",\"item\":\"https:\/\/tsp-gis.de\/es\/\"},{\"@type\":\"ListItem\",\"position\":2,\"name\":\"Responsabilidad\"}]},{\"@type\":\"WebSite\",\"@id\":\"https:\/\/tsp-gis.de\/es\/#website\",\"url\":\"https:\/\/tsp-gis.de\/es\/\",\"name\":\"T.S.P.\",\"description\":\"Warehouse Management 4.0 and Business Continuity for IBM i\",\"publisher\":{\"@id\":\"https:\/\/tsp-gis.de\/es\/#organization\"},\"potentialAction\":[{\"@type\":\"SearchAction\",\"target\":{\"@type\":\"EntryPoint\",\"urlTemplate\":\"https:\/\/tsp-gis.de\/es\/?s={search_term_string}\"},\"query-input\":{\"@type\":\"PropertyValueSpecification\",\"valueRequired\":true,\"valueName\":\"search_term_string\"}}],\"inLanguage\":\"es\"},{\"@type\":\"Organization\",\"@id\":\"https:\/\/tsp-gis.de\/es\/#organization\",\"name\":\"T.S.P. Gesellschaft f\u00fcr Informationssysteme mbH\",\"url\":\"https:\/\/tsp-gis.de\/es\/\",\"logo\":{\"@type\":\"ImageObject\",\"inLanguage\":\"es\",\"@id\":\"https:\/\/tsp-gis.de\/es\/#\/schema\/logo\/image\/\",\"url\":\"https:\/\/tsp-gis.de\/wp-content\/uploads\/2021\/05\/logo-1.png\",\"contentUrl\":\"https:\/\/tsp-gis.de\/wp-content\/uploads\/2021\/05\/logo-1.png\",\"width\":1628,\"height\":880,\"caption\":\"T.S.P. Gesellschaft f\u00fcr Informationssysteme mbH\"},\"image\":{\"@id\":\"https:\/\/tsp-gis.de\/es\/#\/schema\/logo\/image\/\"}}]}<\/script>\n<!-- \/ Yoast SEO plugin. -->","yoast_head_json":{"title":"Impresi\u00f3n de T. S. P | Su socio para sistemas de informaci\u00f3n","robots":{"index":"index","follow":"follow","max-snippet":"max-snippet:-1","max-image-preview":"max-image-preview:large","max-video-preview":"max-video-preview:-1"},"canonical":"https:\/\/tsp-gis.de\/es\/responsabilidad\/","og_locale":"es_ES","og_type":"article","og_title":"Impresi\u00f3n de T. S. P | Su socio para sistemas de informaci\u00f3n","og_description":"T.S.P. &#8211; Sociedad de Sistemas de Informaci\u00f3n mbH Fundaci\u00f3n: 1984 Sede: 76337 Waldbronn | Im Ermlisgrund 18Tel.: 0049 &#8211; 7243 &#8211; 56 42 \u2013 0&nbsp;Fax:&nbsp;0049 &#8211; 7243 &#8211; 56 42 &#8211; 80&nbsp;E-Mail: tsp@tsp-gis.deRechtsform: GmbH&nbsp;Director general: Alexander K\u00fchn&nbsp;Gerhard Sch\u00f6ninger&nbsp;Dipl. Math. Werner Thom\u00e9Tribunal de registro: Amtsgericht MannheimN\u00famero de registro: HRB 361035N\u00famero de identificaci\u00f3n de usuario: DE 143246178Concepci\u00f3n [&hellip;]","og_url":"https:\/\/tsp-gis.de\/es\/responsabilidad\/","og_site_name":"T.S.P.","article_modified_time":"2022-09-15T09:55:00+00:00","og_image":[{"width":2560,"height":1707,"url":"https:\/\/tsp-gis.de\/wp-content\/uploads\/2021\/07\/Startseite-1-scaled.jpg","type":"image\/jpeg"}],"twitter_card":"summary_large_image","twitter_misc":{"Tiempo de lectura":"4 minutos"},"schema":{"@context":"https:\/\/schema.org","@graph":[{"@type":"WebPage","@id":"https:\/\/tsp-gis.de\/es\/responsabilidad\/","url":"https:\/\/tsp-gis.de\/es\/responsabilidad\/","name":"Impresi\u00f3n de T. S. P | Su socio para sistemas de informaci\u00f3n","isPartOf":{"@id":"https:\/\/tsp-gis.de\/es\/#website"},"primaryImageOfPage":{"@id":"https:\/\/tsp-gis.de\/es\/responsabilidad\/#primaryimage"},"image":{"@id":"https:\/\/tsp-gis.de\/es\/responsabilidad\/#primaryimage"},"thumbnailUrl":"https:\/\/tsp-gis.de\/wp-content\/uploads\/2021\/07\/Startseite-1-scaled.jpg","datePublished":"2021-07-17T19:04:50+00:00","dateModified":"2022-09-15T09:55:00+00:00","breadcrumb":{"@id":"https:\/\/tsp-gis.de\/es\/responsabilidad\/#breadcrumb"},"inLanguage":"es","potentialAction":[{"@type":"ReadAction","target":["https:\/\/tsp-gis.de\/es\/responsabilidad\/"]}]},{"@type":"ImageObject","inLanguage":"es","@id":"https:\/\/tsp-gis.de\/es\/responsabilidad\/#primaryimage","url":"https:\/\/tsp-gis.de\/wp-content\/uploads\/2021\/07\/Startseite-1-scaled.jpg","contentUrl":"https:\/\/tsp-gis.de\/wp-content\/uploads\/2021\/07\/Startseite-1-scaled.jpg","width":2048,"height":1366,"caption":"Sailing crew on sailboat during regatta. http:\/\/santoriniphoto.com\/Template-Sailing.jpg"},{"@type":"BreadcrumbList","@id":"https:\/\/tsp-gis.de\/es\/responsabilidad\/#breadcrumb","itemListElement":[{"@type":"ListItem","position":1,"name":"Startseite","item":"https:\/\/tsp-gis.de\/es\/"},{"@type":"ListItem","position":2,"name":"Responsabilidad"}]},{"@type":"WebSite","@id":"https:\/\/tsp-gis.de\/es\/#website","url":"https:\/\/tsp-gis.de\/es\/","name":"T.S.P.","description":"Warehouse Management 4.0 and Business Continuity for IBM i","publisher":{"@id":"https:\/\/tsp-gis.de\/es\/#organization"},"potentialAction":[{"@type":"SearchAction","target":{"@type":"EntryPoint","urlTemplate":"https:\/\/tsp-gis.de\/es\/?s={search_term_string}"},"query-input":{"@type":"PropertyValueSpecification","valueRequired":true,"valueName":"search_term_string"}}],"inLanguage":"es"},{"@type":"Organization","@id":"https:\/\/tsp-gis.de\/es\/#organization","name":"T.S.P. Gesellschaft f\u00fcr Informationssysteme mbH","url":"https:\/\/tsp-gis.de\/es\/","logo":{"@type":"ImageObject","inLanguage":"es","@id":"https:\/\/tsp-gis.de\/es\/#\/schema\/logo\/image\/","url":"https:\/\/tsp-gis.de\/wp-content\/uploads\/2021\/05\/logo-1.png","contentUrl":"https:\/\/tsp-gis.de\/wp-content\/uploads\/2021\/05\/logo-1.png","width":1628,"height":880,"caption":"T.S.P. Gesellschaft f\u00fcr Informationssysteme mbH"},"image":{"@id":"https:\/\/tsp-gis.de\/es\/#\/schema\/logo\/image\/"}}]}},"_links":{"self":[{"href":"https:\/\/tsp-gis.de\/es\/wp-json\/wp\/v2\/pages\/2503","targetHints":{"allow":["GET"]}}],"collection":[{"href":"https:\/\/tsp-gis.de\/es\/wp-json\/wp\/v2\/pages"}],"about":[{"href":"https:\/\/tsp-gis.de\/es\/wp-json\/wp\/v2\/types\/page"}],"author":[{"embeddable":true,"href":"https:\/\/tsp-gis.de\/es\/wp-json\/wp\/v2\/users\/2"}],"replies":[{"embeddable":true,"href":"https:\/\/tsp-gis.de\/es\/wp-json\/wp\/v2\/comments?post=2503"}],"version-history":[{"count":7,"href":"https:\/\/tsp-gis.de\/es\/wp-json\/wp\/v2\/pages\/2503\/revisions"}],"predecessor-version":[{"id":3584,"href":"https:\/\/tsp-gis.de\/es\/wp-json\/wp\/v2\/pages\/2503\/revisions\/3584"}],"wp:featuredmedia":[{"embeddable":true,"href":"https:\/\/tsp-gis.de\/es\/wp-json\/wp\/v2\/media\/2806"}],"wp:attachment":[{"href":"https:\/\/tsp-gis.de\/es\/wp-json\/wp\/v2\/media?parent=2503"}],"curies":[{"name":"wp","href":"https:\/\/api.w.org\/{rel}","templated":true}]}}