{"id":2512,"date":"2021-07-17T21:09:13","date_gmt":"2021-07-17T19:09:13","guid":{"rendered":"https:\/\/tsp-gis.de\/?page_id=2512"},"modified":"2022-09-16T09:27:13","modified_gmt":"2022-09-16T07:27:13","slug":"pick-by-apps","status":"publish","type":"page","link":"https:\/\/tsp-gis.de\/es\/pick-by-apps\/","title":{"rendered":"Pick by Apps"},"content":{"rendered":"<h1 style=\"text-align: center;\"><strong><span lang=\"EN-US\">Pick by Apps de T.S.P.: \u00a1eficiente, transparente y segura!<\/span><\/strong><\/h1>\n<p align=\"center\"><span style=\"font-size: 19px;\" lang=\"EN-US\">Productos individuales, requisitos de alta calidad y plazos de entrega cortos: las exigencias de nuestros clientes son cada vez mayores. Una prestaci\u00f3n de servicios r\u00e1pida y sin errores es un factor de \u00e9xito fundamental.&nbsp;<\/span><span style=\"font-size: 19px;\"><span lang=\"EN-US\"><\/span><span lang=\"EN-US\">Por lo tanto, es a\u00fan m\u00e1s importante que, adem\u00e1s del almacenamiento, los procesos intralog\u00edsticos, como la preparaci\u00f3n de pedidos dentro de la cadena de suministro, tambi\u00e9n sean correctos. Tanto si se trata de un pedido \u00fanico, como de un pedido m\u00faltiple, de un pedido paralelo o de un pedido en dos etapas, T.S.P. examina los procesos junto con usted. As\u00ed, las oportunidades de optimizaci\u00f3n se aprovechan al m\u00e1ximo.<\/span><span lang=\"EN-US\"><\/span><\/span><span style=\"font-size: 19px;\" lang=\"EN-US\">Con nuestras aplicaciones, tambi\u00e9n puede almacenar, transferir, asegurar el suministro a la producci\u00f3n a trav\u00e9s de KanBan y gestionar otros procesos intralog\u00edsticos sin papeleo. Pick by App digitaliza y moderniza los flujos de procesos en la log\u00edstica. <\/span><\/p>\n<p style=\"text-align: center;\"><strong>Pick by Apps de T.S.P. de un vistazo:<\/strong><\/p>\n<p><span><a href=\"https:\/\/tsp-gis.de\/es\/pick-by-scan\/\"><img decoding=\"async\" alt=\"Barcode getting scanned by a device\" data-id=\"3631\" data-init-width=\"300\" data-init-height=\"300\" title=\"Pick By Scan\" src=\"https:\/\/tsp-gis.de\/wp-content\/uploads\/2022\/09\/Pick-By-Scan.jpg\" data-width=\"221\" data-height=\"221\" data-link-wrap=\"true\" loading=\"lazy\" width=\"221\" height=\"221\"><\/a><\/span><span><a href=\"https:\/\/tsp-gis.de\/es\/pick-by-vision\/\"><img decoding=\"async\" alt=\"Logistics worker with dataglasses\" data-id=\"3634\" data-init-width=\"300\" data-init-height=\"300\" title=\"Pick By Vision\" src=\"https:\/\/tsp-gis.de\/wp-content\/uploads\/2022\/09\/Pick-By-Vision.jpg\" data-width=\"240\" data-height=\"240\" data-link-wrap=\"true\" loading=\"lazy\" width=\"240\" height=\"240\"><\/a><\/span><span><a href=\"https:\/\/tsp-gis.de\/es\/pick-by-voice\/\"><img decoding=\"async\" alt=\"Young woman with headset scaning a box\" data-id=\"3637\" data-init-width=\"300\" data-init-height=\"300\" title=\"Pick by Voice\" src=\"https:\/\/tsp-gis.de\/wp-content\/uploads\/2022\/09\/Pick-by-Voice.jpg\" data-width=\"240\" data-height=\"240\" data-link-wrap=\"true\" loading=\"lazy\" width=\"240\" height=\"240\"><\/a><\/span><\/p>\n<p style=\"\" align=\"center\"><span lang=\"EN-US\">\u00bf<\/span><span lang=\"EN-US\">Cu\u00e1l de los distintos m\u00e9todos que se utiliza realmente en un almac\u00e9n se basa principalmente en los requisitos dados, como la estructura del almac\u00e9n, el tama\u00f1o y el peso de los art\u00edculos presentes o la industria<\/span><span lang=\"EN-US\">?<\/span><span lang=\"EN-US\">&nbsp;Al final, el sistema que mejor se adapte a sus necesidades en t\u00e9rminos de rentabilidad, calidad, flexibilidad y eficiencia ser\u00e1 el mejor.<\/span><\/p>\n","protected":false},"excerpt":{"rendered":"<p>Pick by Apps de T.S.P.: \u00a1eficiente, transparente y segura! Productos individuales, requisitos de alta calidad y plazos de entrega cortos: las exigencias de nuestros clientes son cada vez mayores. Una prestaci\u00f3n de servicios r\u00e1pida y sin errores es un factor de \u00e9xito fundamental.&nbsp;Por lo tanto, es a\u00fan m\u00e1s importante que, adem\u00e1s del almacenamiento, los procesos [&hellip;]<\/p>\n","protected":false},"author":2,"featured_media":2514,"parent":0,"menu_order":0,"comment_status":"closed","ping_status":"closed","template":"","meta":{"footnotes":""},"class_list":["post-2512","page","type-page","status-publish","has-post-thumbnail","hentry","post-wrapper","thrv_wrapper"],"yoast_head":"<!-- This site is optimized with the Yoast SEO plugin v27.0 - https:\/\/yoast.com\/product\/yoast-seo-wordpress\/ -->\n<title>Eficaz, transparente y seguro | Pick by Apps \u2013 T. S. P<\/title>\n<meta name=\"robots\" content=\"index, follow, max-snippet:-1, max-image-preview:large, max-video-preview:-1\" \/>\n<link rel=\"canonical\" href=\"https:\/\/tsp-gis.de\/es\/pick-by-apps\/\" \/>\n<meta property=\"og:locale\" content=\"es_ES\" \/>\n<meta property=\"og:type\" content=\"article\" \/>\n<meta property=\"og:title\" content=\"Eficaz, transparente y seguro | Pick by Apps \u2013 T. S. P\" \/>\n<meta property=\"og:description\" content=\"Pick by Apps de T.S.P.: \u00a1eficiente, transparente y segura! Productos individuales, requisitos de alta calidad y plazos de entrega cortos: las exigencias de nuestros clientes son cada vez mayores. Una prestaci\u00f3n de servicios r\u00e1pida y sin errores es un factor de \u00e9xito fundamental.&nbsp;Por lo tanto, es a\u00fan m\u00e1s importante que, adem\u00e1s del almacenamiento, los procesos [&hellip;]\" \/>\n<meta property=\"og:url\" content=\"https:\/\/tsp-gis.de\/es\/pick-by-apps\/\" \/>\n<meta property=\"og:site_name\" content=\"T.S.P.\" \/>\n<meta property=\"article:modified_time\" content=\"2022-09-16T07:27:13+00:00\" \/>\n<meta property=\"og:image\" content=\"https:\/\/tsp-gis.de\/wp-content\/uploads\/2021\/06\/iStock-1299660112-1-scaled-e1623657255395.jpg\" \/>\n\t<meta property=\"og:image:width\" content=\"1708\" \/>\n\t<meta property=\"og:image:height\" content=\"1708\" \/>\n\t<meta property=\"og:image:type\" content=\"image\/jpeg\" \/>\n<meta name=\"twitter:card\" content=\"summary_large_image\" \/>\n<meta name=\"twitter:label1\" content=\"Tiempo de lectura\" \/>\n\t<meta name=\"twitter:data1\" content=\"2 minutos\" \/>\n<script type=\"application\/ld+json\" class=\"yoast-schema-graph\">{\"@context\":\"https:\/\/schema.org\",\"@graph\":[{\"@type\":\"WebPage\",\"@id\":\"https:\/\/tsp-gis.de\/es\/pick-by-apps\/\",\"url\":\"https:\/\/tsp-gis.de\/es\/pick-by-apps\/\",\"name\":\"Eficaz, transparente y seguro | Pick by Apps \u2013 T. S. P\",\"isPartOf\":{\"@id\":\"https:\/\/tsp-gis.de\/es\/#website\"},\"primaryImageOfPage\":{\"@id\":\"https:\/\/tsp-gis.de\/es\/pick-by-apps\/#primaryimage\"},\"image\":{\"@id\":\"https:\/\/tsp-gis.de\/es\/pick-by-apps\/#primaryimage\"},\"thumbnailUrl\":\"https:\/\/tsp-gis.de\/wp-content\/uploads\/2021\/06\/iStock-1299660112-1-scaled-e1623657255395.jpg\",\"datePublished\":\"2021-07-17T19:09:13+00:00\",\"dateModified\":\"2022-09-16T07:27:13+00:00\",\"breadcrumb\":{\"@id\":\"https:\/\/tsp-gis.de\/es\/pick-by-apps\/#breadcrumb\"},\"inLanguage\":\"es\",\"potentialAction\":[{\"@type\":\"ReadAction\",\"target\":[\"https:\/\/tsp-gis.de\/es\/pick-by-apps\/\"]}]},{\"@type\":\"ImageObject\",\"inLanguage\":\"es\",\"@id\":\"https:\/\/tsp-gis.de\/es\/pick-by-apps\/#primaryimage\",\"url\":\"https:\/\/tsp-gis.de\/wp-content\/uploads\/2021\/06\/iStock-1299660112-1-scaled-e1623657255395.jpg\",\"contentUrl\":\"https:\/\/tsp-gis.de\/wp-content\/uploads\/2021\/06\/iStock-1299660112-1-scaled-e1623657255395.jpg\",\"width\":1708,\"height\":1708,\"caption\":\"Warehousemanagement Software\"},{\"@type\":\"BreadcrumbList\",\"@id\":\"https:\/\/tsp-gis.de\/es\/pick-by-apps\/#breadcrumb\",\"itemListElement\":[{\"@type\":\"ListItem\",\"position\":1,\"name\":\"Startseite\",\"item\":\"https:\/\/tsp-gis.de\/es\/\"},{\"@type\":\"ListItem\",\"position\":2,\"name\":\"Pick by Apps\"}]},{\"@type\":\"WebSite\",\"@id\":\"https:\/\/tsp-gis.de\/es\/#website\",\"url\":\"https:\/\/tsp-gis.de\/es\/\",\"name\":\"T.S.P.\",\"description\":\"Warehouse Management 4.0 and Business Continuity for IBM i\",\"publisher\":{\"@id\":\"https:\/\/tsp-gis.de\/es\/#organization\"},\"potentialAction\":[{\"@type\":\"SearchAction\",\"target\":{\"@type\":\"EntryPoint\",\"urlTemplate\":\"https:\/\/tsp-gis.de\/es\/?s={search_term_string}\"},\"query-input\":{\"@type\":\"PropertyValueSpecification\",\"valueRequired\":true,\"valueName\":\"search_term_string\"}}],\"inLanguage\":\"es\"},{\"@type\":\"Organization\",\"@id\":\"https:\/\/tsp-gis.de\/es\/#organization\",\"name\":\"T.S.P. Gesellschaft f\u00fcr Informationssysteme mbH\",\"url\":\"https:\/\/tsp-gis.de\/es\/\",\"logo\":{\"@type\":\"ImageObject\",\"inLanguage\":\"es\",\"@id\":\"https:\/\/tsp-gis.de\/es\/#\/schema\/logo\/image\/\",\"url\":\"https:\/\/tsp-gis.de\/wp-content\/uploads\/2021\/05\/logo-1.png\",\"contentUrl\":\"https:\/\/tsp-gis.de\/wp-content\/uploads\/2021\/05\/logo-1.png\",\"width\":1628,\"height\":880,\"caption\":\"T.S.P. Gesellschaft f\u00fcr Informationssysteme mbH\"},\"image\":{\"@id\":\"https:\/\/tsp-gis.de\/es\/#\/schema\/logo\/image\/\"}}]}<\/script>\n<!-- \/ Yoast SEO plugin. -->","yoast_head_json":{"title":"Eficaz, transparente y seguro | Pick by Apps \u2013 T. S. P","robots":{"index":"index","follow":"follow","max-snippet":"max-snippet:-1","max-image-preview":"max-image-preview:large","max-video-preview":"max-video-preview:-1"},"canonical":"https:\/\/tsp-gis.de\/es\/pick-by-apps\/","og_locale":"es_ES","og_type":"article","og_title":"Eficaz, transparente y seguro | Pick by Apps \u2013 T. S. P","og_description":"Pick by Apps de T.S.P.: \u00a1eficiente, transparente y segura! Productos individuales, requisitos de alta calidad y plazos de entrega cortos: las exigencias de nuestros clientes son cada vez mayores. Una prestaci\u00f3n de servicios r\u00e1pida y sin errores es un factor de \u00e9xito fundamental.&nbsp;Por lo tanto, es a\u00fan m\u00e1s importante que, adem\u00e1s del almacenamiento, los procesos [&hellip;]","og_url":"https:\/\/tsp-gis.de\/es\/pick-by-apps\/","og_site_name":"T.S.P.","article_modified_time":"2022-09-16T07:27:13+00:00","og_image":[{"width":1708,"height":1708,"url":"https:\/\/tsp-gis.de\/wp-content\/uploads\/2021\/06\/iStock-1299660112-1-scaled-e1623657255395.jpg","type":"image\/jpeg"}],"twitter_card":"summary_large_image","twitter_misc":{"Tiempo de lectura":"2 minutos"},"schema":{"@context":"https:\/\/schema.org","@graph":[{"@type":"WebPage","@id":"https:\/\/tsp-gis.de\/es\/pick-by-apps\/","url":"https:\/\/tsp-gis.de\/es\/pick-by-apps\/","name":"Eficaz, transparente y seguro | Pick by Apps \u2013 T. S. P","isPartOf":{"@id":"https:\/\/tsp-gis.de\/es\/#website"},"primaryImageOfPage":{"@id":"https:\/\/tsp-gis.de\/es\/pick-by-apps\/#primaryimage"},"image":{"@id":"https:\/\/tsp-gis.de\/es\/pick-by-apps\/#primaryimage"},"thumbnailUrl":"https:\/\/tsp-gis.de\/wp-content\/uploads\/2021\/06\/iStock-1299660112-1-scaled-e1623657255395.jpg","datePublished":"2021-07-17T19:09:13+00:00","dateModified":"2022-09-16T07:27:13+00:00","breadcrumb":{"@id":"https:\/\/tsp-gis.de\/es\/pick-by-apps\/#breadcrumb"},"inLanguage":"es","potentialAction":[{"@type":"ReadAction","target":["https:\/\/tsp-gis.de\/es\/pick-by-apps\/"]}]},{"@type":"ImageObject","inLanguage":"es","@id":"https:\/\/tsp-gis.de\/es\/pick-by-apps\/#primaryimage","url":"https:\/\/tsp-gis.de\/wp-content\/uploads\/2021\/06\/iStock-1299660112-1-scaled-e1623657255395.jpg","contentUrl":"https:\/\/tsp-gis.de\/wp-content\/uploads\/2021\/06\/iStock-1299660112-1-scaled-e1623657255395.jpg","width":1708,"height":1708,"caption":"Warehousemanagement Software"},{"@type":"BreadcrumbList","@id":"https:\/\/tsp-gis.de\/es\/pick-by-apps\/#breadcrumb","itemListElement":[{"@type":"ListItem","position":1,"name":"Startseite","item":"https:\/\/tsp-gis.de\/es\/"},{"@type":"ListItem","position":2,"name":"Pick by Apps"}]},{"@type":"WebSite","@id":"https:\/\/tsp-gis.de\/es\/#website","url":"https:\/\/tsp-gis.de\/es\/","name":"T.S.P.","description":"Warehouse Management 4.0 and Business Continuity for IBM i","publisher":{"@id":"https:\/\/tsp-gis.de\/es\/#organization"},"potentialAction":[{"@type":"SearchAction","target":{"@type":"EntryPoint","urlTemplate":"https:\/\/tsp-gis.de\/es\/?s={search_term_string}"},"query-input":{"@type":"PropertyValueSpecification","valueRequired":true,"valueName":"search_term_string"}}],"inLanguage":"es"},{"@type":"Organization","@id":"https:\/\/tsp-gis.de\/es\/#organization","name":"T.S.P. Gesellschaft f\u00fcr Informationssysteme mbH","url":"https:\/\/tsp-gis.de\/es\/","logo":{"@type":"ImageObject","inLanguage":"es","@id":"https:\/\/tsp-gis.de\/es\/#\/schema\/logo\/image\/","url":"https:\/\/tsp-gis.de\/wp-content\/uploads\/2021\/05\/logo-1.png","contentUrl":"https:\/\/tsp-gis.de\/wp-content\/uploads\/2021\/05\/logo-1.png","width":1628,"height":880,"caption":"T.S.P. Gesellschaft f\u00fcr Informationssysteme mbH"},"image":{"@id":"https:\/\/tsp-gis.de\/es\/#\/schema\/logo\/image\/"}}]}},"_links":{"self":[{"href":"https:\/\/tsp-gis.de\/es\/wp-json\/wp\/v2\/pages\/2512","targetHints":{"allow":["GET"]}}],"collection":[{"href":"https:\/\/tsp-gis.de\/es\/wp-json\/wp\/v2\/pages"}],"about":[{"href":"https:\/\/tsp-gis.de\/es\/wp-json\/wp\/v2\/types\/page"}],"author":[{"embeddable":true,"href":"https:\/\/tsp-gis.de\/es\/wp-json\/wp\/v2\/users\/2"}],"replies":[{"embeddable":true,"href":"https:\/\/tsp-gis.de\/es\/wp-json\/wp\/v2\/comments?post=2512"}],"version-history":[{"count":7,"href":"https:\/\/tsp-gis.de\/es\/wp-json\/wp\/v2\/pages\/2512\/revisions"}],"predecessor-version":[{"id":3647,"href":"https:\/\/tsp-gis.de\/es\/wp-json\/wp\/v2\/pages\/2512\/revisions\/3647"}],"wp:featuredmedia":[{"embeddable":true,"href":"https:\/\/tsp-gis.de\/es\/wp-json\/wp\/v2\/media\/2514"}],"wp:attachment":[{"href":"https:\/\/tsp-gis.de\/es\/wp-json\/wp\/v2\/media?parent=2512"}],"curies":[{"name":"wp","href":"https:\/\/api.w.org\/{rel}","templated":true}]}}