{"id":2517,"date":"2021-07-17T21:11:52","date_gmt":"2021-07-17T19:11:52","guid":{"rendered":"https:\/\/tsp-gis.de\/?page_id=2517"},"modified":"2022-09-15T11:48:54","modified_gmt":"2022-09-15T09:48:54","slug":"pick-by-scan","status":"publish","type":"page","link":"https:\/\/tsp-gis.de\/es\/pick-by-scan\/","title":{"rendered":"Pick by Scan"},"content":{"rendered":"<h1 style=\"text-align: center;\"><strong><span lang=\"EN-US\">Pick by Scan &#8211; \u00a1Picking por escaneo de c\u00f3digo de barras!<\/span><\/strong><\/h1>\n<p align=\"center\"><span lang=\"EN-US\" style=\"font-size: 19px;\">El picking por escaneo es uno de los m\u00e9todos de picking m\u00e1s consolidado.<\/span><span style=\"font-size: 19px;\"><span lang=\"EN-US\"><\/span><span lang=\"EN-US\">En este caso, los dispositivos m\u00f3viles de captura de datos sustituyen al cl\u00e1sico trabajo de picking en papel. Se utilizan ordenadores m\u00f3viles con esc\u00e1neres de c\u00f3digos de barras integrados, que gu\u00edan al empleado paso a paso y de forma optimizada por las distintas posiciones de picking. Los pr\u00e1cticos ordenadores m\u00f3viles pueden ser llevados por sus empleados en el brazo o en una bolsa en el cintur\u00f3n. Tambi\u00e9n se pueden montar en un cami\u00f3n industrial.&nbsp;<\/span><span lang=\"EN-US\"><\/span><span lang=\"EN-US\">Los innovadores esc\u00e1neres de dorso de mano equipados con disparadores autom\u00e1ticos completan nuestra cartera de productos en t\u00e9rminos de ergonom\u00eda.<\/span><span lang=\"EN-US\"><\/span><\/span><span lang=\"EN-US\" style=\"font-size: 19px;\">Toda la informaci\u00f3n importante sobre los pedidos a los puestos de picking individuales es proporcionada por el puesto de control o el terminal m\u00f3vil. Con nuestro adaptador online\/offline especialmente desarrollado, estar\u00e1 siempre al d\u00eda. Independientemente de la variante que prefiera, en cuanto el peque\u00f1o ordenador m\u00f3vil ha capturado un c\u00f3digo de barras, pasa al siguiente paso del proceso.<\/span><\/p>\n\n","protected":false},"excerpt":{"rendered":"<p>Pick by Scan &#8211; \u00a1Picking por escaneo de c\u00f3digo de barras! El picking por escaneo es uno de los m\u00e9todos de picking m\u00e1s consolidado.En este caso, los dispositivos m\u00f3viles de captura de datos sustituyen al cl\u00e1sico trabajo de picking en papel. Se utilizan ordenadores m\u00f3viles con esc\u00e1neres de c\u00f3digos de barras integrados, que gu\u00edan al [&hellip;]<\/p>\n","protected":false},"author":2,"featured_media":2519,"parent":0,"menu_order":0,"comment_status":"closed","ping_status":"closed","template":"","meta":{"footnotes":""},"class_list":["post-2517","page","type-page","status-publish","has-post-thumbnail","hentry","post-wrapper","thrv_wrapper"],"yoast_head":"<!-- This site is optimized with the Yoast SEO plugin v27.0 - https:\/\/yoast.com\/product\/yoast-seo-wordpress\/ -->\n<title>Pick by Scan | Barcodescan capture device \u2013 T. S. P<\/title>\n<meta name=\"robots\" content=\"index, follow, max-snippet:-1, max-image-preview:large, max-video-preview:-1\" \/>\n<link rel=\"canonical\" href=\"https:\/\/tsp-gis.de\/es\/pick-by-scan\/\" \/>\n<meta property=\"og:locale\" content=\"es_ES\" \/>\n<meta property=\"og:type\" content=\"article\" \/>\n<meta property=\"og:title\" content=\"Pick by Scan | Barcodescan capture device \u2013 T. S. P\" \/>\n<meta property=\"og:description\" content=\"Pick by Scan &#8211; \u00a1Picking por escaneo de c\u00f3digo de barras! El picking por escaneo es uno de los m\u00e9todos de picking m\u00e1s consolidado.En este caso, los dispositivos m\u00f3viles de captura de datos sustituyen al cl\u00e1sico trabajo de picking en papel. Se utilizan ordenadores m\u00f3viles con esc\u00e1neres de c\u00f3digos de barras integrados, que gu\u00edan al [&hellip;]\" \/>\n<meta property=\"og:url\" content=\"https:\/\/tsp-gis.de\/es\/pick-by-scan\/\" \/>\n<meta property=\"og:site_name\" content=\"T.S.P.\" \/>\n<meta property=\"article:modified_time\" content=\"2022-09-15T09:48:54+00:00\" \/>\n<meta property=\"og:image\" content=\"https:\/\/tsp-gis.de\/wp-content\/uploads\/2021\/06\/iStock-1179564014-1-scaled.jpg\" \/>\n\t<meta property=\"og:image:width\" content=\"2560\" \/>\n\t<meta property=\"og:image:height\" content=\"1707\" \/>\n\t<meta property=\"og:image:type\" content=\"image\/jpeg\" \/>\n<meta name=\"twitter:card\" content=\"summary_large_image\" \/>\n<meta name=\"twitter:label1\" content=\"Tiempo de lectura\" \/>\n\t<meta name=\"twitter:data1\" content=\"1 minuto\" \/>\n<script type=\"application\/ld+json\" class=\"yoast-schema-graph\">{\"@context\":\"https:\/\/schema.org\",\"@graph\":[{\"@type\":\"WebPage\",\"@id\":\"https:\/\/tsp-gis.de\/es\/pick-by-scan\/\",\"url\":\"https:\/\/tsp-gis.de\/es\/pick-by-scan\/\",\"name\":\"Pick by Scan | Barcodescan capture device \u2013 T. S. P\",\"isPartOf\":{\"@id\":\"https:\/\/tsp-gis.de\/es\/#website\"},\"primaryImageOfPage\":{\"@id\":\"https:\/\/tsp-gis.de\/es\/pick-by-scan\/#primaryimage\"},\"image\":{\"@id\":\"https:\/\/tsp-gis.de\/es\/pick-by-scan\/#primaryimage\"},\"thumbnailUrl\":\"https:\/\/tsp-gis.de\/wp-content\/uploads\/2021\/06\/iStock-1179564014-1-scaled.jpg\",\"datePublished\":\"2021-07-17T19:11:52+00:00\",\"dateModified\":\"2022-09-15T09:48:54+00:00\",\"breadcrumb\":{\"@id\":\"https:\/\/tsp-gis.de\/es\/pick-by-scan\/#breadcrumb\"},\"inLanguage\":\"es\",\"potentialAction\":[{\"@type\":\"ReadAction\",\"target\":[\"https:\/\/tsp-gis.de\/es\/pick-by-scan\/\"]}]},{\"@type\":\"ImageObject\",\"inLanguage\":\"es\",\"@id\":\"https:\/\/tsp-gis.de\/es\/pick-by-scan\/#primaryimage\",\"url\":\"https:\/\/tsp-gis.de\/wp-content\/uploads\/2021\/06\/iStock-1179564014-1-scaled.jpg\",\"contentUrl\":\"https:\/\/tsp-gis.de\/wp-content\/uploads\/2021\/06\/iStock-1179564014-1-scaled.jpg\",\"width\":2560,\"height\":1707,\"caption\":\"Pick by Scan\"},{\"@type\":\"BreadcrumbList\",\"@id\":\"https:\/\/tsp-gis.de\/es\/pick-by-scan\/#breadcrumb\",\"itemListElement\":[{\"@type\":\"ListItem\",\"position\":1,\"name\":\"Startseite\",\"item\":\"https:\/\/tsp-gis.de\/es\/\"},{\"@type\":\"ListItem\",\"position\":2,\"name\":\"Pick by Scan\"}]},{\"@type\":\"WebSite\",\"@id\":\"https:\/\/tsp-gis.de\/es\/#website\",\"url\":\"https:\/\/tsp-gis.de\/es\/\",\"name\":\"T.S.P.\",\"description\":\"Warehouse Management 4.0 and Business Continuity for IBM i\",\"publisher\":{\"@id\":\"https:\/\/tsp-gis.de\/es\/#organization\"},\"potentialAction\":[{\"@type\":\"SearchAction\",\"target\":{\"@type\":\"EntryPoint\",\"urlTemplate\":\"https:\/\/tsp-gis.de\/es\/?s={search_term_string}\"},\"query-input\":{\"@type\":\"PropertyValueSpecification\",\"valueRequired\":true,\"valueName\":\"search_term_string\"}}],\"inLanguage\":\"es\"},{\"@type\":\"Organization\",\"@id\":\"https:\/\/tsp-gis.de\/es\/#organization\",\"name\":\"T.S.P. Gesellschaft f\u00fcr Informationssysteme mbH\",\"url\":\"https:\/\/tsp-gis.de\/es\/\",\"logo\":{\"@type\":\"ImageObject\",\"inLanguage\":\"es\",\"@id\":\"https:\/\/tsp-gis.de\/es\/#\/schema\/logo\/image\/\",\"url\":\"https:\/\/tsp-gis.de\/wp-content\/uploads\/2021\/05\/logo-1.png\",\"contentUrl\":\"https:\/\/tsp-gis.de\/wp-content\/uploads\/2021\/05\/logo-1.png\",\"width\":1628,\"height\":880,\"caption\":\"T.S.P. Gesellschaft f\u00fcr Informationssysteme mbH\"},\"image\":{\"@id\":\"https:\/\/tsp-gis.de\/es\/#\/schema\/logo\/image\/\"}}]}<\/script>\n<!-- \/ Yoast SEO plugin. -->","yoast_head_json":{"title":"Pick by Scan | Barcodescan capture device \u2013 T. S. P","robots":{"index":"index","follow":"follow","max-snippet":"max-snippet:-1","max-image-preview":"max-image-preview:large","max-video-preview":"max-video-preview:-1"},"canonical":"https:\/\/tsp-gis.de\/es\/pick-by-scan\/","og_locale":"es_ES","og_type":"article","og_title":"Pick by Scan | Barcodescan capture device \u2013 T. S. P","og_description":"Pick by Scan &#8211; \u00a1Picking por escaneo de c\u00f3digo de barras! El picking por escaneo es uno de los m\u00e9todos de picking m\u00e1s consolidado.En este caso, los dispositivos m\u00f3viles de captura de datos sustituyen al cl\u00e1sico trabajo de picking en papel. Se utilizan ordenadores m\u00f3viles con esc\u00e1neres de c\u00f3digos de barras integrados, que gu\u00edan al [&hellip;]","og_url":"https:\/\/tsp-gis.de\/es\/pick-by-scan\/","og_site_name":"T.S.P.","article_modified_time":"2022-09-15T09:48:54+00:00","og_image":[{"width":2560,"height":1707,"url":"https:\/\/tsp-gis.de\/wp-content\/uploads\/2021\/06\/iStock-1179564014-1-scaled.jpg","type":"image\/jpeg"}],"twitter_card":"summary_large_image","twitter_misc":{"Tiempo de lectura":"1 minuto"},"schema":{"@context":"https:\/\/schema.org","@graph":[{"@type":"WebPage","@id":"https:\/\/tsp-gis.de\/es\/pick-by-scan\/","url":"https:\/\/tsp-gis.de\/es\/pick-by-scan\/","name":"Pick by Scan | Barcodescan capture device \u2013 T. S. P","isPartOf":{"@id":"https:\/\/tsp-gis.de\/es\/#website"},"primaryImageOfPage":{"@id":"https:\/\/tsp-gis.de\/es\/pick-by-scan\/#primaryimage"},"image":{"@id":"https:\/\/tsp-gis.de\/es\/pick-by-scan\/#primaryimage"},"thumbnailUrl":"https:\/\/tsp-gis.de\/wp-content\/uploads\/2021\/06\/iStock-1179564014-1-scaled.jpg","datePublished":"2021-07-17T19:11:52+00:00","dateModified":"2022-09-15T09:48:54+00:00","breadcrumb":{"@id":"https:\/\/tsp-gis.de\/es\/pick-by-scan\/#breadcrumb"},"inLanguage":"es","potentialAction":[{"@type":"ReadAction","target":["https:\/\/tsp-gis.de\/es\/pick-by-scan\/"]}]},{"@type":"ImageObject","inLanguage":"es","@id":"https:\/\/tsp-gis.de\/es\/pick-by-scan\/#primaryimage","url":"https:\/\/tsp-gis.de\/wp-content\/uploads\/2021\/06\/iStock-1179564014-1-scaled.jpg","contentUrl":"https:\/\/tsp-gis.de\/wp-content\/uploads\/2021\/06\/iStock-1179564014-1-scaled.jpg","width":2560,"height":1707,"caption":"Pick by Scan"},{"@type":"BreadcrumbList","@id":"https:\/\/tsp-gis.de\/es\/pick-by-scan\/#breadcrumb","itemListElement":[{"@type":"ListItem","position":1,"name":"Startseite","item":"https:\/\/tsp-gis.de\/es\/"},{"@type":"ListItem","position":2,"name":"Pick by Scan"}]},{"@type":"WebSite","@id":"https:\/\/tsp-gis.de\/es\/#website","url":"https:\/\/tsp-gis.de\/es\/","name":"T.S.P.","description":"Warehouse Management 4.0 and Business Continuity for IBM i","publisher":{"@id":"https:\/\/tsp-gis.de\/es\/#organization"},"potentialAction":[{"@type":"SearchAction","target":{"@type":"EntryPoint","urlTemplate":"https:\/\/tsp-gis.de\/es\/?s={search_term_string}"},"query-input":{"@type":"PropertyValueSpecification","valueRequired":true,"valueName":"search_term_string"}}],"inLanguage":"es"},{"@type":"Organization","@id":"https:\/\/tsp-gis.de\/es\/#organization","name":"T.S.P. Gesellschaft f\u00fcr Informationssysteme mbH","url":"https:\/\/tsp-gis.de\/es\/","logo":{"@type":"ImageObject","inLanguage":"es","@id":"https:\/\/tsp-gis.de\/es\/#\/schema\/logo\/image\/","url":"https:\/\/tsp-gis.de\/wp-content\/uploads\/2021\/05\/logo-1.png","contentUrl":"https:\/\/tsp-gis.de\/wp-content\/uploads\/2021\/05\/logo-1.png","width":1628,"height":880,"caption":"T.S.P. Gesellschaft f\u00fcr Informationssysteme mbH"},"image":{"@id":"https:\/\/tsp-gis.de\/es\/#\/schema\/logo\/image\/"}}]}},"_links":{"self":[{"href":"https:\/\/tsp-gis.de\/es\/wp-json\/wp\/v2\/pages\/2517","targetHints":{"allow":["GET"]}}],"collection":[{"href":"https:\/\/tsp-gis.de\/es\/wp-json\/wp\/v2\/pages"}],"about":[{"href":"https:\/\/tsp-gis.de\/es\/wp-json\/wp\/v2\/types\/page"}],"author":[{"embeddable":true,"href":"https:\/\/tsp-gis.de\/es\/wp-json\/wp\/v2\/users\/2"}],"replies":[{"embeddable":true,"href":"https:\/\/tsp-gis.de\/es\/wp-json\/wp\/v2\/comments?post=2517"}],"version-history":[{"count":5,"href":"https:\/\/tsp-gis.de\/es\/wp-json\/wp\/v2\/pages\/2517\/revisions"}],"predecessor-version":[{"id":3579,"href":"https:\/\/tsp-gis.de\/es\/wp-json\/wp\/v2\/pages\/2517\/revisions\/3579"}],"wp:featuredmedia":[{"embeddable":true,"href":"https:\/\/tsp-gis.de\/es\/wp-json\/wp\/v2\/media\/2519"}],"wp:attachment":[{"href":"https:\/\/tsp-gis.de\/es\/wp-json\/wp\/v2\/media?parent=2517"}],"curies":[{"name":"wp","href":"https:\/\/api.w.org\/{rel}","templated":true}]}}