{"id":2522,"date":"2021-07-17T21:14:27","date_gmt":"2021-07-17T19:14:27","guid":{"rendered":"https:\/\/tsp-gis.de\/?page_id=2522"},"modified":"2022-09-15T11:49:27","modified_gmt":"2022-09-15T09:49:27","slug":"pick-by-vision","status":"publish","type":"page","link":"https:\/\/tsp-gis.de\/es\/pick-by-vision\/","title":{"rendered":"Pick by Vision"},"content":{"rendered":"<h1 style=\"text-align: center;\"><strong>Pick by Vision &#8211; \u00a1las gafas de datos mantienen el pick a la vista en todo momento!<\/strong><\/h1>\n<p align=\"center\"><span style=\"font-size: 19px;\">Pick by Vision es la innovaci\u00f3n en log\u00edstica y es uno de los \u00faltimos m\u00e9todos de picking. Con la ayuda de la m\u00e1s alta calidad y nitidez de imagen, la informaci\u00f3n se muestra a trav\u00e9s de las gafas de datos directamente en el campo de visi\u00f3n de su empleado, permitiendo as\u00ed un picking sin errores con rutas \u00f3ptimas. El entorno, los dem\u00e1s empleados y los montacargas siempre est\u00e1n en el punto de mira.La pantalla ofrece un color, un contraste y una nitidez superiores y una distancia de enfoque optimizada para las aplicaciones HMD con el fin de minimizar la fatiga ocular.El recolector trabaja sin ser molestado, con las manos libres y s\u00f3lo recibe la informaci\u00f3n relevante en tiempo real en sus gafas, de modo que siempre tiene a la vista el estado actual de su pedido.<\/span><\/p>\n\n","protected":false},"excerpt":{"rendered":"<p>Pick by Vision &#8211; \u00a1las gafas de datos mantienen el pick a la vista en todo momento! Pick by Vision es la innovaci\u00f3n en log\u00edstica y es uno de los \u00faltimos m\u00e9todos de picking. Con la ayuda de la m\u00e1s alta calidad y nitidez de imagen, la informaci\u00f3n se muestra a trav\u00e9s de las gafas [&hellip;]<\/p>\n","protected":false},"author":2,"featured_media":2524,"parent":0,"menu_order":0,"comment_status":"closed","ping_status":"closed","template":"","meta":{"footnotes":""},"class_list":["post-2522","page","type-page","status-publish","has-post-thumbnail","hentry","post-wrapper","thrv_wrapper"],"yoast_head":"<!-- This site is optimized with the Yoast SEO plugin v27.0 - https:\/\/yoast.com\/product\/yoast-seo-wordpress\/ -->\n<title>Pick by Vision | La selecci\u00f3n a la vista con gafas \u2013 T. S. P<\/title>\n<meta name=\"robots\" content=\"index, follow, max-snippet:-1, max-image-preview:large, max-video-preview:-1\" \/>\n<link rel=\"canonical\" href=\"https:\/\/tsp-gis.de\/es\/pick-by-vision\/\" \/>\n<meta property=\"og:locale\" content=\"es_ES\" \/>\n<meta property=\"og:type\" content=\"article\" \/>\n<meta property=\"og:title\" content=\"Pick by Vision | La selecci\u00f3n a la vista con gafas \u2013 T. S. P\" \/>\n<meta property=\"og:description\" content=\"Pick by Vision &#8211; \u00a1las gafas de datos mantienen el pick a la vista en todo momento! Pick by Vision es la innovaci\u00f3n en log\u00edstica y es uno de los \u00faltimos m\u00e9todos de picking. Con la ayuda de la m\u00e1s alta calidad y nitidez de imagen, la informaci\u00f3n se muestra a trav\u00e9s de las gafas [&hellip;]\" \/>\n<meta property=\"og:url\" content=\"https:\/\/tsp-gis.de\/es\/pick-by-vision\/\" \/>\n<meta property=\"og:site_name\" content=\"T.S.P.\" \/>\n<meta property=\"article:modified_time\" content=\"2022-09-15T09:49:27+00:00\" \/>\n<meta property=\"og:image\" content=\"https:\/\/tsp-gis.de\/wp-content\/uploads\/2021\/06\/warehouse-photography-application-1-1-scaled.jpg\" \/>\n\t<meta property=\"og:image:width\" content=\"2560\" \/>\n\t<meta property=\"og:image:height\" content=\"1707\" \/>\n\t<meta property=\"og:image:type\" content=\"image\/jpeg\" \/>\n<meta name=\"twitter:card\" content=\"summary_large_image\" \/>\n<meta name=\"twitter:label1\" content=\"Tiempo de lectura\" \/>\n\t<meta name=\"twitter:data1\" content=\"1 minuto\" \/>\n<script type=\"application\/ld+json\" class=\"yoast-schema-graph\">{\"@context\":\"https:\/\/schema.org\",\"@graph\":[{\"@type\":\"WebPage\",\"@id\":\"https:\/\/tsp-gis.de\/es\/pick-by-vision\/\",\"url\":\"https:\/\/tsp-gis.de\/es\/pick-by-vision\/\",\"name\":\"Pick by Vision | La selecci\u00f3n a la vista con gafas \u2013 T. S. P\",\"isPartOf\":{\"@id\":\"https:\/\/tsp-gis.de\/es\/#website\"},\"primaryImageOfPage\":{\"@id\":\"https:\/\/tsp-gis.de\/es\/pick-by-vision\/#primaryimage\"},\"image\":{\"@id\":\"https:\/\/tsp-gis.de\/es\/pick-by-vision\/#primaryimage\"},\"thumbnailUrl\":\"https:\/\/tsp-gis.de\/wp-content\/uploads\/2021\/06\/warehouse-photography-application-1-1-scaled.jpg\",\"datePublished\":\"2021-07-17T19:14:27+00:00\",\"dateModified\":\"2022-09-15T09:49:27+00:00\",\"breadcrumb\":{\"@id\":\"https:\/\/tsp-gis.de\/es\/pick-by-vision\/#breadcrumb\"},\"inLanguage\":\"es\",\"potentialAction\":[{\"@type\":\"ReadAction\",\"target\":[\"https:\/\/tsp-gis.de\/es\/pick-by-vision\/\"]}]},{\"@type\":\"ImageObject\",\"inLanguage\":\"es\",\"@id\":\"https:\/\/tsp-gis.de\/es\/pick-by-vision\/#primaryimage\",\"url\":\"https:\/\/tsp-gis.de\/wp-content\/uploads\/2021\/06\/warehouse-photography-application-1-1-scaled.jpg\",\"contentUrl\":\"https:\/\/tsp-gis.de\/wp-content\/uploads\/2021\/06\/warehouse-photography-application-1-1-scaled.jpg\",\"width\":2560,\"height\":1707,\"caption\":\"Pick by Scan\"},{\"@type\":\"BreadcrumbList\",\"@id\":\"https:\/\/tsp-gis.de\/es\/pick-by-vision\/#breadcrumb\",\"itemListElement\":[{\"@type\":\"ListItem\",\"position\":1,\"name\":\"Startseite\",\"item\":\"https:\/\/tsp-gis.de\/es\/\"},{\"@type\":\"ListItem\",\"position\":2,\"name\":\"Pick by Vision\"}]},{\"@type\":\"WebSite\",\"@id\":\"https:\/\/tsp-gis.de\/es\/#website\",\"url\":\"https:\/\/tsp-gis.de\/es\/\",\"name\":\"T.S.P.\",\"description\":\"Warehouse Management 4.0 and Business Continuity for IBM i\",\"publisher\":{\"@id\":\"https:\/\/tsp-gis.de\/es\/#organization\"},\"potentialAction\":[{\"@type\":\"SearchAction\",\"target\":{\"@type\":\"EntryPoint\",\"urlTemplate\":\"https:\/\/tsp-gis.de\/es\/?s={search_term_string}\"},\"query-input\":{\"@type\":\"PropertyValueSpecification\",\"valueRequired\":true,\"valueName\":\"search_term_string\"}}],\"inLanguage\":\"es\"},{\"@type\":\"Organization\",\"@id\":\"https:\/\/tsp-gis.de\/es\/#organization\",\"name\":\"T.S.P. Gesellschaft f\u00fcr Informationssysteme mbH\",\"url\":\"https:\/\/tsp-gis.de\/es\/\",\"logo\":{\"@type\":\"ImageObject\",\"inLanguage\":\"es\",\"@id\":\"https:\/\/tsp-gis.de\/es\/#\/schema\/logo\/image\/\",\"url\":\"https:\/\/tsp-gis.de\/wp-content\/uploads\/2021\/05\/logo-1.png\",\"contentUrl\":\"https:\/\/tsp-gis.de\/wp-content\/uploads\/2021\/05\/logo-1.png\",\"width\":1628,\"height\":880,\"caption\":\"T.S.P. Gesellschaft f\u00fcr Informationssysteme mbH\"},\"image\":{\"@id\":\"https:\/\/tsp-gis.de\/es\/#\/schema\/logo\/image\/\"}}]}<\/script>\n<!-- \/ Yoast SEO plugin. -->","yoast_head_json":{"title":"Pick by Vision | La selecci\u00f3n a la vista con gafas \u2013 T. S. P","robots":{"index":"index","follow":"follow","max-snippet":"max-snippet:-1","max-image-preview":"max-image-preview:large","max-video-preview":"max-video-preview:-1"},"canonical":"https:\/\/tsp-gis.de\/es\/pick-by-vision\/","og_locale":"es_ES","og_type":"article","og_title":"Pick by Vision | La selecci\u00f3n a la vista con gafas \u2013 T. S. P","og_description":"Pick by Vision &#8211; \u00a1las gafas de datos mantienen el pick a la vista en todo momento! Pick by Vision es la innovaci\u00f3n en log\u00edstica y es uno de los \u00faltimos m\u00e9todos de picking. Con la ayuda de la m\u00e1s alta calidad y nitidez de imagen, la informaci\u00f3n se muestra a trav\u00e9s de las gafas [&hellip;]","og_url":"https:\/\/tsp-gis.de\/es\/pick-by-vision\/","og_site_name":"T.S.P.","article_modified_time":"2022-09-15T09:49:27+00:00","og_image":[{"width":2560,"height":1707,"url":"https:\/\/tsp-gis.de\/wp-content\/uploads\/2021\/06\/warehouse-photography-application-1-1-scaled.jpg","type":"image\/jpeg"}],"twitter_card":"summary_large_image","twitter_misc":{"Tiempo de lectura":"1 minuto"},"schema":{"@context":"https:\/\/schema.org","@graph":[{"@type":"WebPage","@id":"https:\/\/tsp-gis.de\/es\/pick-by-vision\/","url":"https:\/\/tsp-gis.de\/es\/pick-by-vision\/","name":"Pick by Vision | La selecci\u00f3n a la vista con gafas \u2013 T. S. P","isPartOf":{"@id":"https:\/\/tsp-gis.de\/es\/#website"},"primaryImageOfPage":{"@id":"https:\/\/tsp-gis.de\/es\/pick-by-vision\/#primaryimage"},"image":{"@id":"https:\/\/tsp-gis.de\/es\/pick-by-vision\/#primaryimage"},"thumbnailUrl":"https:\/\/tsp-gis.de\/wp-content\/uploads\/2021\/06\/warehouse-photography-application-1-1-scaled.jpg","datePublished":"2021-07-17T19:14:27+00:00","dateModified":"2022-09-15T09:49:27+00:00","breadcrumb":{"@id":"https:\/\/tsp-gis.de\/es\/pick-by-vision\/#breadcrumb"},"inLanguage":"es","potentialAction":[{"@type":"ReadAction","target":["https:\/\/tsp-gis.de\/es\/pick-by-vision\/"]}]},{"@type":"ImageObject","inLanguage":"es","@id":"https:\/\/tsp-gis.de\/es\/pick-by-vision\/#primaryimage","url":"https:\/\/tsp-gis.de\/wp-content\/uploads\/2021\/06\/warehouse-photography-application-1-1-scaled.jpg","contentUrl":"https:\/\/tsp-gis.de\/wp-content\/uploads\/2021\/06\/warehouse-photography-application-1-1-scaled.jpg","width":2560,"height":1707,"caption":"Pick by Scan"},{"@type":"BreadcrumbList","@id":"https:\/\/tsp-gis.de\/es\/pick-by-vision\/#breadcrumb","itemListElement":[{"@type":"ListItem","position":1,"name":"Startseite","item":"https:\/\/tsp-gis.de\/es\/"},{"@type":"ListItem","position":2,"name":"Pick by Vision"}]},{"@type":"WebSite","@id":"https:\/\/tsp-gis.de\/es\/#website","url":"https:\/\/tsp-gis.de\/es\/","name":"T.S.P.","description":"Warehouse Management 4.0 and Business Continuity for IBM i","publisher":{"@id":"https:\/\/tsp-gis.de\/es\/#organization"},"potentialAction":[{"@type":"SearchAction","target":{"@type":"EntryPoint","urlTemplate":"https:\/\/tsp-gis.de\/es\/?s={search_term_string}"},"query-input":{"@type":"PropertyValueSpecification","valueRequired":true,"valueName":"search_term_string"}}],"inLanguage":"es"},{"@type":"Organization","@id":"https:\/\/tsp-gis.de\/es\/#organization","name":"T.S.P. Gesellschaft f\u00fcr Informationssysteme mbH","url":"https:\/\/tsp-gis.de\/es\/","logo":{"@type":"ImageObject","inLanguage":"es","@id":"https:\/\/tsp-gis.de\/es\/#\/schema\/logo\/image\/","url":"https:\/\/tsp-gis.de\/wp-content\/uploads\/2021\/05\/logo-1.png","contentUrl":"https:\/\/tsp-gis.de\/wp-content\/uploads\/2021\/05\/logo-1.png","width":1628,"height":880,"caption":"T.S.P. Gesellschaft f\u00fcr Informationssysteme mbH"},"image":{"@id":"https:\/\/tsp-gis.de\/es\/#\/schema\/logo\/image\/"}}]}},"_links":{"self":[{"href":"https:\/\/tsp-gis.de\/es\/wp-json\/wp\/v2\/pages\/2522","targetHints":{"allow":["GET"]}}],"collection":[{"href":"https:\/\/tsp-gis.de\/es\/wp-json\/wp\/v2\/pages"}],"about":[{"href":"https:\/\/tsp-gis.de\/es\/wp-json\/wp\/v2\/types\/page"}],"author":[{"embeddable":true,"href":"https:\/\/tsp-gis.de\/es\/wp-json\/wp\/v2\/users\/2"}],"replies":[{"embeddable":true,"href":"https:\/\/tsp-gis.de\/es\/wp-json\/wp\/v2\/comments?post=2522"}],"version-history":[{"count":10,"href":"https:\/\/tsp-gis.de\/es\/wp-json\/wp\/v2\/pages\/2522\/revisions"}],"predecessor-version":[{"id":3580,"href":"https:\/\/tsp-gis.de\/es\/wp-json\/wp\/v2\/pages\/2522\/revisions\/3580"}],"wp:featuredmedia":[{"embeddable":true,"href":"https:\/\/tsp-gis.de\/es\/wp-json\/wp\/v2\/media\/2524"}],"wp:attachment":[{"href":"https:\/\/tsp-gis.de\/es\/wp-json\/wp\/v2\/media?parent=2522"}],"curies":[{"name":"wp","href":"https:\/\/api.w.org\/{rel}","templated":true}]}}