{"id":2531,"date":"2021-07-17T21:20:14","date_gmt":"2021-07-17T19:20:14","guid":{"rendered":"https:\/\/tsp-gis.de\/?page_id=2531"},"modified":"2022-09-15T11:52:47","modified_gmt":"2022-09-15T09:52:47","slug":"pick-by-voice","status":"publish","type":"page","link":"https:\/\/tsp-gis.de\/es\/pick-by-voice\/","title":{"rendered":"Pick by Voice"},"content":{"rendered":"<h1 style=\"text-align: center;\"><strong><span lang=\"EN-US\">Pick by Voice: \u00a1manos libres, ojos libres a trav\u00e9s de los auriculares!&nbsp;<\/span><\/strong><\/h1>\n<p align=\"center\"><span style=\"font-size: 19px;\" lang=\"EN-US\">Con T.S.P. Voice, para la recogida m\u00f3vil de datos por voz, no s\u00f3lo aumentar\u00e1 su eficiencia, sino tambi\u00e9n la calidad y la precisi\u00f3n del picking al estandarizar todos sus procesos de preparaci\u00f3n de pedidos.&nbsp;<\/span><span style=\"font-size: 19px;\"><span lang=\"EN-US\"><\/span><span lang=\"EN-US\">Pick by Voice funciona con la ayuda de unos auriculares, a trav\u00e9s de los cuales el recolector es guiado por comandos de voz y tambi\u00e9n confirma su trabajo mediante la introducci\u00f3n de la voz.<\/span><span lang=\"EN-US\"><\/span><span lang=\"EN-US\">No es necesario imprimir las listas de picking y el empleado tiene las dos manos libres.<\/span><span lang=\"EN-US\"><\/span><\/span><span style=\"font-size: 19px;\" lang=\"EN-US\">En resumen: Pick by Voice libera al empleado de operaciones manuales innecesarias, como el manejo de listas de papel, y garantiza as\u00ed una ergonom\u00eda \u00f3ptima y un flujo de trabajo fluido y r\u00e1pido.<\/span><\/p>\n\n","protected":false},"excerpt":{"rendered":"<p>Pick by Voice: \u00a1manos libres, ojos libres a trav\u00e9s de los auriculares!&nbsp; Con T.S.P. Voice, para la recogida m\u00f3vil de datos por voz, no s\u00f3lo aumentar\u00e1 su eficiencia, sino tambi\u00e9n la calidad y la precisi\u00f3n del picking al estandarizar todos sus procesos de preparaci\u00f3n de pedidos.&nbsp;Pick by Voice funciona con la ayuda de unos auriculares, [&hellip;]<\/p>\n","protected":false},"author":2,"featured_media":2533,"parent":0,"menu_order":0,"comment_status":"closed","ping_status":"closed","template":"","meta":{"footnotes":""},"class_list":["post-2531","page","type-page","status-publish","has-post-thumbnail","hentry","post-wrapper","thrv_wrapper"],"yoast_head":"<!-- This site is optimized with the Yoast SEO plugin v27.0 - https:\/\/yoast.com\/product\/yoast-seo-wordpress\/ -->\n<title>Pick by Voice | Adquisici\u00f3n de datos por voz \u2013 T. S. P<\/title>\n<meta name=\"robots\" content=\"index, follow, max-snippet:-1, max-image-preview:large, max-video-preview:-1\" \/>\n<link rel=\"canonical\" href=\"https:\/\/tsp-gis.de\/es\/pick-by-voice\/\" \/>\n<meta property=\"og:locale\" content=\"es_ES\" \/>\n<meta property=\"og:type\" content=\"article\" \/>\n<meta property=\"og:title\" content=\"Pick by Voice | Adquisici\u00f3n de datos por voz \u2013 T. S. P\" \/>\n<meta property=\"og:description\" content=\"Pick by Voice: \u00a1manos libres, ojos libres a trav\u00e9s de los auriculares!&nbsp; Con T.S.P. Voice, para la recogida m\u00f3vil de datos por voz, no s\u00f3lo aumentar\u00e1 su eficiencia, sino tambi\u00e9n la calidad y la precisi\u00f3n del picking al estandarizar todos sus procesos de preparaci\u00f3n de pedidos.&nbsp;Pick by Voice funciona con la ayuda de unos auriculares, [&hellip;]\" \/>\n<meta property=\"og:url\" content=\"https:\/\/tsp-gis.de\/es\/pick-by-voice\/\" \/>\n<meta property=\"og:site_name\" content=\"T.S.P.\" \/>\n<meta property=\"article:modified_time\" content=\"2022-09-15T09:52:47+00:00\" \/>\n<meta property=\"og:image\" content=\"https:\/\/tsp-gis.de\/wp-content\/uploads\/2021\/06\/iStock-530203188-1-scaled-e1623682317509.jpg\" \/>\n\t<meta property=\"og:image:width\" content=\"1708\" \/>\n\t<meta property=\"og:image:height\" content=\"1708\" \/>\n\t<meta property=\"og:image:type\" content=\"image\/jpeg\" \/>\n<meta name=\"twitter:card\" content=\"summary_large_image\" \/>\n<meta name=\"twitter:label1\" content=\"Tiempo de lectura\" \/>\n\t<meta name=\"twitter:data1\" content=\"1 minuto\" \/>\n<script type=\"application\/ld+json\" class=\"yoast-schema-graph\">{\"@context\":\"https:\/\/schema.org\",\"@graph\":[{\"@type\":\"WebPage\",\"@id\":\"https:\/\/tsp-gis.de\/es\/pick-by-voice\/\",\"url\":\"https:\/\/tsp-gis.de\/es\/pick-by-voice\/\",\"name\":\"Pick by Voice | Adquisici\u00f3n de datos por voz \u2013 T. S. P\",\"isPartOf\":{\"@id\":\"https:\/\/tsp-gis.de\/es\/#website\"},\"primaryImageOfPage\":{\"@id\":\"https:\/\/tsp-gis.de\/es\/pick-by-voice\/#primaryimage\"},\"image\":{\"@id\":\"https:\/\/tsp-gis.de\/es\/pick-by-voice\/#primaryimage\"},\"thumbnailUrl\":\"https:\/\/tsp-gis.de\/wp-content\/uploads\/2021\/06\/iStock-530203188-1-scaled-e1623682317509.jpg\",\"datePublished\":\"2021-07-17T19:20:14+00:00\",\"dateModified\":\"2022-09-15T09:52:47+00:00\",\"breadcrumb\":{\"@id\":\"https:\/\/tsp-gis.de\/es\/pick-by-voice\/#breadcrumb\"},\"inLanguage\":\"es\",\"potentialAction\":[{\"@type\":\"ReadAction\",\"target\":[\"https:\/\/tsp-gis.de\/es\/pick-by-voice\/\"]}]},{\"@type\":\"ImageObject\",\"inLanguage\":\"es\",\"@id\":\"https:\/\/tsp-gis.de\/es\/pick-by-voice\/#primaryimage\",\"url\":\"https:\/\/tsp-gis.de\/wp-content\/uploads\/2021\/06\/iStock-530203188-1-scaled-e1623682317509.jpg\",\"contentUrl\":\"https:\/\/tsp-gis.de\/wp-content\/uploads\/2021\/06\/iStock-530203188-1-scaled-e1623682317509.jpg\",\"width\":1708,\"height\":1708,\"caption\":\"Pick by Voice\"},{\"@type\":\"BreadcrumbList\",\"@id\":\"https:\/\/tsp-gis.de\/es\/pick-by-voice\/#breadcrumb\",\"itemListElement\":[{\"@type\":\"ListItem\",\"position\":1,\"name\":\"Startseite\",\"item\":\"https:\/\/tsp-gis.de\/es\/\"},{\"@type\":\"ListItem\",\"position\":2,\"name\":\"Pick by Voice\"}]},{\"@type\":\"WebSite\",\"@id\":\"https:\/\/tsp-gis.de\/es\/#website\",\"url\":\"https:\/\/tsp-gis.de\/es\/\",\"name\":\"T.S.P.\",\"description\":\"Warehouse Management 4.0 and Business Continuity for IBM i\",\"publisher\":{\"@id\":\"https:\/\/tsp-gis.de\/es\/#organization\"},\"potentialAction\":[{\"@type\":\"SearchAction\",\"target\":{\"@type\":\"EntryPoint\",\"urlTemplate\":\"https:\/\/tsp-gis.de\/es\/?s={search_term_string}\"},\"query-input\":{\"@type\":\"PropertyValueSpecification\",\"valueRequired\":true,\"valueName\":\"search_term_string\"}}],\"inLanguage\":\"es\"},{\"@type\":\"Organization\",\"@id\":\"https:\/\/tsp-gis.de\/es\/#organization\",\"name\":\"T.S.P. Gesellschaft f\u00fcr Informationssysteme mbH\",\"url\":\"https:\/\/tsp-gis.de\/es\/\",\"logo\":{\"@type\":\"ImageObject\",\"inLanguage\":\"es\",\"@id\":\"https:\/\/tsp-gis.de\/es\/#\/schema\/logo\/image\/\",\"url\":\"https:\/\/tsp-gis.de\/wp-content\/uploads\/2021\/05\/logo-1.png\",\"contentUrl\":\"https:\/\/tsp-gis.de\/wp-content\/uploads\/2021\/05\/logo-1.png\",\"width\":1628,\"height\":880,\"caption\":\"T.S.P. Gesellschaft f\u00fcr Informationssysteme mbH\"},\"image\":{\"@id\":\"https:\/\/tsp-gis.de\/es\/#\/schema\/logo\/image\/\"}}]}<\/script>\n<!-- \/ Yoast SEO plugin. -->","yoast_head_json":{"title":"Pick by Voice | Adquisici\u00f3n de datos por voz \u2013 T. S. P","robots":{"index":"index","follow":"follow","max-snippet":"max-snippet:-1","max-image-preview":"max-image-preview:large","max-video-preview":"max-video-preview:-1"},"canonical":"https:\/\/tsp-gis.de\/es\/pick-by-voice\/","og_locale":"es_ES","og_type":"article","og_title":"Pick by Voice | Adquisici\u00f3n de datos por voz \u2013 T. S. P","og_description":"Pick by Voice: \u00a1manos libres, ojos libres a trav\u00e9s de los auriculares!&nbsp; Con T.S.P. Voice, para la recogida m\u00f3vil de datos por voz, no s\u00f3lo aumentar\u00e1 su eficiencia, sino tambi\u00e9n la calidad y la precisi\u00f3n del picking al estandarizar todos sus procesos de preparaci\u00f3n de pedidos.&nbsp;Pick by Voice funciona con la ayuda de unos auriculares, [&hellip;]","og_url":"https:\/\/tsp-gis.de\/es\/pick-by-voice\/","og_site_name":"T.S.P.","article_modified_time":"2022-09-15T09:52:47+00:00","og_image":[{"width":1708,"height":1708,"url":"https:\/\/tsp-gis.de\/wp-content\/uploads\/2021\/06\/iStock-530203188-1-scaled-e1623682317509.jpg","type":"image\/jpeg"}],"twitter_card":"summary_large_image","twitter_misc":{"Tiempo de lectura":"1 minuto"},"schema":{"@context":"https:\/\/schema.org","@graph":[{"@type":"WebPage","@id":"https:\/\/tsp-gis.de\/es\/pick-by-voice\/","url":"https:\/\/tsp-gis.de\/es\/pick-by-voice\/","name":"Pick by Voice | Adquisici\u00f3n de datos por voz \u2013 T. S. P","isPartOf":{"@id":"https:\/\/tsp-gis.de\/es\/#website"},"primaryImageOfPage":{"@id":"https:\/\/tsp-gis.de\/es\/pick-by-voice\/#primaryimage"},"image":{"@id":"https:\/\/tsp-gis.de\/es\/pick-by-voice\/#primaryimage"},"thumbnailUrl":"https:\/\/tsp-gis.de\/wp-content\/uploads\/2021\/06\/iStock-530203188-1-scaled-e1623682317509.jpg","datePublished":"2021-07-17T19:20:14+00:00","dateModified":"2022-09-15T09:52:47+00:00","breadcrumb":{"@id":"https:\/\/tsp-gis.de\/es\/pick-by-voice\/#breadcrumb"},"inLanguage":"es","potentialAction":[{"@type":"ReadAction","target":["https:\/\/tsp-gis.de\/es\/pick-by-voice\/"]}]},{"@type":"ImageObject","inLanguage":"es","@id":"https:\/\/tsp-gis.de\/es\/pick-by-voice\/#primaryimage","url":"https:\/\/tsp-gis.de\/wp-content\/uploads\/2021\/06\/iStock-530203188-1-scaled-e1623682317509.jpg","contentUrl":"https:\/\/tsp-gis.de\/wp-content\/uploads\/2021\/06\/iStock-530203188-1-scaled-e1623682317509.jpg","width":1708,"height":1708,"caption":"Pick by Voice"},{"@type":"BreadcrumbList","@id":"https:\/\/tsp-gis.de\/es\/pick-by-voice\/#breadcrumb","itemListElement":[{"@type":"ListItem","position":1,"name":"Startseite","item":"https:\/\/tsp-gis.de\/es\/"},{"@type":"ListItem","position":2,"name":"Pick by Voice"}]},{"@type":"WebSite","@id":"https:\/\/tsp-gis.de\/es\/#website","url":"https:\/\/tsp-gis.de\/es\/","name":"T.S.P.","description":"Warehouse Management 4.0 and Business Continuity for IBM i","publisher":{"@id":"https:\/\/tsp-gis.de\/es\/#organization"},"potentialAction":[{"@type":"SearchAction","target":{"@type":"EntryPoint","urlTemplate":"https:\/\/tsp-gis.de\/es\/?s={search_term_string}"},"query-input":{"@type":"PropertyValueSpecification","valueRequired":true,"valueName":"search_term_string"}}],"inLanguage":"es"},{"@type":"Organization","@id":"https:\/\/tsp-gis.de\/es\/#organization","name":"T.S.P. Gesellschaft f\u00fcr Informationssysteme mbH","url":"https:\/\/tsp-gis.de\/es\/","logo":{"@type":"ImageObject","inLanguage":"es","@id":"https:\/\/tsp-gis.de\/es\/#\/schema\/logo\/image\/","url":"https:\/\/tsp-gis.de\/wp-content\/uploads\/2021\/05\/logo-1.png","contentUrl":"https:\/\/tsp-gis.de\/wp-content\/uploads\/2021\/05\/logo-1.png","width":1628,"height":880,"caption":"T.S.P. Gesellschaft f\u00fcr Informationssysteme mbH"},"image":{"@id":"https:\/\/tsp-gis.de\/es\/#\/schema\/logo\/image\/"}}]}},"_links":{"self":[{"href":"https:\/\/tsp-gis.de\/es\/wp-json\/wp\/v2\/pages\/2531","targetHints":{"allow":["GET"]}}],"collection":[{"href":"https:\/\/tsp-gis.de\/es\/wp-json\/wp\/v2\/pages"}],"about":[{"href":"https:\/\/tsp-gis.de\/es\/wp-json\/wp\/v2\/types\/page"}],"author":[{"embeddable":true,"href":"https:\/\/tsp-gis.de\/es\/wp-json\/wp\/v2\/users\/2"}],"replies":[{"embeddable":true,"href":"https:\/\/tsp-gis.de\/es\/wp-json\/wp\/v2\/comments?post=2531"}],"version-history":[{"count":6,"href":"https:\/\/tsp-gis.de\/es\/wp-json\/wp\/v2\/pages\/2531\/revisions"}],"predecessor-version":[{"id":3581,"href":"https:\/\/tsp-gis.de\/es\/wp-json\/wp\/v2\/pages\/2531\/revisions\/3581"}],"wp:featuredmedia":[{"embeddable":true,"href":"https:\/\/tsp-gis.de\/es\/wp-json\/wp\/v2\/media\/2533"}],"wp:attachment":[{"href":"https:\/\/tsp-gis.de\/es\/wp-json\/wp\/v2\/media?parent=2531"}],"curies":[{"name":"wp","href":"https:\/\/api.w.org\/{rel}","templated":true}]}}