{"id":2537,"date":"2021-07-17T21:25:02","date_gmt":"2021-07-17T19:25:02","guid":{"rendered":"https:\/\/tsp-gis.de\/?page_id=2537"},"modified":"2022-09-16T09:39:03","modified_gmt":"2022-09-16T07:39:03","slug":"business-continuity","status":"publish","type":"page","link":"https:\/\/tsp-gis.de\/es\/business-continuity\/","title":{"rendered":"Business Continuity"},"content":{"rendered":"<h1 style=\"text-align: center;\"><strong>T.S.P. es su socio de confianza para la continuidad del negocio.<\/strong><\/h1>\n<p style=\"text-align: center;\">Los datos empresariales son uno de los recursos m\u00e1s importantes de una empresa. Si los tiene bajo control, su empresa tiene una base s\u00f3lida y puede reaccionar m\u00e1s r\u00e1pido y a tiempo &#8211; lo que podr\u00eda ser un factor decisivo para el \u00e9xito.&nbsp;<\/p>\n<p style=\"text-align: center;\">Conf\u00ede en nuestras soluciones de continuidad empresarial:<\/p>\n<p><span><a href=\"https:\/\/tsp-gis.de\/es\/high-availability\"><img decoding=\"async\" alt=\"\" data-id=\"2548\" data-init-width=\"1440\" data-init-height=\"1440\" title=\"IBM i Business Continuity\" src=\"https:\/\/tsp-gis.de\/wp-content\/uploads\/2021\/06\/iStock-941005966-1-scaled-e1623657020582.jpg\" data-width=\"262\" data-height=\"262\" loading=\"lazy\" data-link-wrap=\"true\" width=\"262\" height=\"262\"><\/a><\/span><span><a href=\"https:\/\/tsp-gis.de\/es\/disaster-recovery\" rel=\"\"><img decoding=\"async\" alt=\"\" data-id=\"2558\" data-init-width=\"1708\" data-init-height=\"1708\" title=\"IBM i Disaster Recovery\" src=\"https:\/\/tsp-gis.de\/wp-content\/uploads\/2021\/06\/iStock-521310698-1-scaled-e1623657003136.jpg\" data-width=\"262\" data-height=\"262\" data-link-wrap=\"1\" loading=\"lazy\" width=\"262\" height=\"262\"><\/a><\/span><span><a href=\"https:\/\/tsp-gis.de\/es\/ha-monitoring\" rel=\"\"><img decoding=\"async\" alt=\"\" data-id=\"2575\" data-init-width=\"1440\" data-init-height=\"1440\" title=\"IBM i Monitoring\" src=\"https:\/\/tsp-gis.de\/wp-content\/uploads\/2021\/06\/iStock-808157766-1-scaled-e1623657055603.jpg\" data-width=\"262\" data-height=\"262\" data-link-wrap=\"1\" loading=\"lazy\" width=\"262\" height=\"262\"><\/a><\/span><span><a href=\"https:\/\/tsp-gis.de\/es\/power-icloud\" rel=\"\"><img decoding=\"async\" alt=\"\" data-id=\"2564\" data-init-width=\"1440\" data-init-height=\"1440\" title=\"IBM i - Business Continuity\" src=\"https:\/\/tsp-gis.de\/wp-content\/uploads\/2021\/06\/iStock-943065362-1-scaled-e1623657038800.jpg\" data-width=\"807\" data-height=\"807\" data-link-wrap=\"1\" loading=\"lazy\" width=\"807\" height=\"807\"><\/a><\/span><\/p>\n","protected":false},"excerpt":{"rendered":"<p>T.S.P. es su socio de confianza para la continuidad del negocio. Los datos empresariales son uno de los recursos m\u00e1s importantes de una empresa. Si los tiene bajo control, su empresa tiene una base s\u00f3lida y puede reaccionar m\u00e1s r\u00e1pido y a tiempo &#8211; lo que podr\u00eda ser un factor decisivo para el \u00e9xito.&nbsp; Conf\u00ede [&hellip;]<\/p>\n","protected":false},"author":2,"featured_media":2539,"parent":0,"menu_order":0,"comment_status":"closed","ping_status":"closed","template":"","meta":{"footnotes":""},"class_list":["post-2537","page","type-page","status-publish","has-post-thumbnail","hentry","post-wrapper","thrv_wrapper"],"yoast_head":"<!-- This site is optimized with the Yoast SEO plugin v27.0 - https:\/\/yoast.com\/product\/yoast-seo-wordpress\/ -->\n<title>seguro y siempre disponible | Business Continuity \u2013 T. S. P<\/title>\n<meta name=\"robots\" content=\"index, follow, max-snippet:-1, max-image-preview:large, max-video-preview:-1\" \/>\n<link rel=\"canonical\" href=\"https:\/\/tsp-gis.de\/es\/business-continuity\/\" \/>\n<meta property=\"og:locale\" content=\"es_ES\" \/>\n<meta property=\"og:type\" content=\"article\" \/>\n<meta property=\"og:title\" content=\"seguro y siempre disponible | Business Continuity \u2013 T. S. P\" \/>\n<meta property=\"og:description\" content=\"T.S.P. es su socio de confianza para la continuidad del negocio. Los datos empresariales son uno de los recursos m\u00e1s importantes de una empresa. Si los tiene bajo control, su empresa tiene una base s\u00f3lida y puede reaccionar m\u00e1s r\u00e1pido y a tiempo &#8211; lo que podr\u00eda ser un factor decisivo para el \u00e9xito.&nbsp; Conf\u00ede [&hellip;]\" \/>\n<meta property=\"og:url\" content=\"https:\/\/tsp-gis.de\/es\/business-continuity\/\" \/>\n<meta property=\"og:site_name\" content=\"T.S.P.\" \/>\n<meta property=\"article:modified_time\" content=\"2022-09-16T07:39:03+00:00\" \/>\n<meta property=\"og:image\" content=\"https:\/\/tsp-gis.de\/wp-content\/uploads\/2021\/07\/businesscontinuity-scaled-e1625131991205.jpg\" \/>\n\t<meta property=\"og:image:width\" content=\"2560\" \/>\n\t<meta property=\"og:image:height\" content=\"563\" \/>\n\t<meta property=\"og:image:type\" content=\"image\/jpeg\" \/>\n<meta name=\"twitter:card\" content=\"summary_large_image\" \/>\n<meta name=\"twitter:label1\" content=\"Tiempo de lectura\" \/>\n\t<meta name=\"twitter:data1\" content=\"2 minutos\" \/>\n<script type=\"application\/ld+json\" class=\"yoast-schema-graph\">{\"@context\":\"https:\/\/schema.org\",\"@graph\":[{\"@type\":\"WebPage\",\"@id\":\"https:\/\/tsp-gis.de\/es\/business-continuity\/\",\"url\":\"https:\/\/tsp-gis.de\/es\/business-continuity\/\",\"name\":\"seguro y siempre disponible | Business Continuity \u2013 T. S. P\",\"isPartOf\":{\"@id\":\"https:\/\/tsp-gis.de\/es\/#website\"},\"primaryImageOfPage\":{\"@id\":\"https:\/\/tsp-gis.de\/es\/business-continuity\/#primaryimage\"},\"image\":{\"@id\":\"https:\/\/tsp-gis.de\/es\/business-continuity\/#primaryimage\"},\"thumbnailUrl\":\"https:\/\/tsp-gis.de\/wp-content\/uploads\/2021\/07\/businesscontinuity-scaled-e1625131991205.jpg\",\"datePublished\":\"2021-07-17T19:25:02+00:00\",\"dateModified\":\"2022-09-16T07:39:03+00:00\",\"breadcrumb\":{\"@id\":\"https:\/\/tsp-gis.de\/es\/business-continuity\/#breadcrumb\"},\"inLanguage\":\"es\",\"potentialAction\":[{\"@type\":\"ReadAction\",\"target\":[\"https:\/\/tsp-gis.de\/es\/business-continuity\/\"]}]},{\"@type\":\"ImageObject\",\"inLanguage\":\"es\",\"@id\":\"https:\/\/tsp-gis.de\/es\/business-continuity\/#primaryimage\",\"url\":\"https:\/\/tsp-gis.de\/wp-content\/uploads\/2021\/07\/businesscontinuity-scaled-e1625131991205.jpg\",\"contentUrl\":\"https:\/\/tsp-gis.de\/wp-content\/uploads\/2021\/07\/businesscontinuity-scaled-e1625131991205.jpg\",\"width\":2560,\"height\":563,\"caption\":\"TSP - Business Continuity, Warehousemanagement & Softwareentwicklung\"},{\"@type\":\"BreadcrumbList\",\"@id\":\"https:\/\/tsp-gis.de\/es\/business-continuity\/#breadcrumb\",\"itemListElement\":[{\"@type\":\"ListItem\",\"position\":1,\"name\":\"Startseite\",\"item\":\"https:\/\/tsp-gis.de\/es\/\"},{\"@type\":\"ListItem\",\"position\":2,\"name\":\"Business Continuity\"}]},{\"@type\":\"WebSite\",\"@id\":\"https:\/\/tsp-gis.de\/es\/#website\",\"url\":\"https:\/\/tsp-gis.de\/es\/\",\"name\":\"T.S.P.\",\"description\":\"Warehouse Management 4.0 and Business Continuity for IBM i\",\"publisher\":{\"@id\":\"https:\/\/tsp-gis.de\/es\/#organization\"},\"potentialAction\":[{\"@type\":\"SearchAction\",\"target\":{\"@type\":\"EntryPoint\",\"urlTemplate\":\"https:\/\/tsp-gis.de\/es\/?s={search_term_string}\"},\"query-input\":{\"@type\":\"PropertyValueSpecification\",\"valueRequired\":true,\"valueName\":\"search_term_string\"}}],\"inLanguage\":\"es\"},{\"@type\":\"Organization\",\"@id\":\"https:\/\/tsp-gis.de\/es\/#organization\",\"name\":\"T.S.P. Gesellschaft f\u00fcr Informationssysteme mbH\",\"url\":\"https:\/\/tsp-gis.de\/es\/\",\"logo\":{\"@type\":\"ImageObject\",\"inLanguage\":\"es\",\"@id\":\"https:\/\/tsp-gis.de\/es\/#\/schema\/logo\/image\/\",\"url\":\"https:\/\/tsp-gis.de\/wp-content\/uploads\/2021\/05\/logo-1.png\",\"contentUrl\":\"https:\/\/tsp-gis.de\/wp-content\/uploads\/2021\/05\/logo-1.png\",\"width\":1628,\"height\":880,\"caption\":\"T.S.P. Gesellschaft f\u00fcr Informationssysteme mbH\"},\"image\":{\"@id\":\"https:\/\/tsp-gis.de\/es\/#\/schema\/logo\/image\/\"}}]}<\/script>\n<!-- \/ Yoast SEO plugin. -->","yoast_head_json":{"title":"seguro y siempre disponible | Business Continuity \u2013 T. S. P","robots":{"index":"index","follow":"follow","max-snippet":"max-snippet:-1","max-image-preview":"max-image-preview:large","max-video-preview":"max-video-preview:-1"},"canonical":"https:\/\/tsp-gis.de\/es\/business-continuity\/","og_locale":"es_ES","og_type":"article","og_title":"seguro y siempre disponible | Business Continuity \u2013 T. S. P","og_description":"T.S.P. es su socio de confianza para la continuidad del negocio. Los datos empresariales son uno de los recursos m\u00e1s importantes de una empresa. Si los tiene bajo control, su empresa tiene una base s\u00f3lida y puede reaccionar m\u00e1s r\u00e1pido y a tiempo &#8211; lo que podr\u00eda ser un factor decisivo para el \u00e9xito.&nbsp; Conf\u00ede [&hellip;]","og_url":"https:\/\/tsp-gis.de\/es\/business-continuity\/","og_site_name":"T.S.P.","article_modified_time":"2022-09-16T07:39:03+00:00","og_image":[{"width":2560,"height":563,"url":"https:\/\/tsp-gis.de\/wp-content\/uploads\/2021\/07\/businesscontinuity-scaled-e1625131991205.jpg","type":"image\/jpeg"}],"twitter_card":"summary_large_image","twitter_misc":{"Tiempo de lectura":"2 minutos"},"schema":{"@context":"https:\/\/schema.org","@graph":[{"@type":"WebPage","@id":"https:\/\/tsp-gis.de\/es\/business-continuity\/","url":"https:\/\/tsp-gis.de\/es\/business-continuity\/","name":"seguro y siempre disponible | Business Continuity \u2013 T. S. P","isPartOf":{"@id":"https:\/\/tsp-gis.de\/es\/#website"},"primaryImageOfPage":{"@id":"https:\/\/tsp-gis.de\/es\/business-continuity\/#primaryimage"},"image":{"@id":"https:\/\/tsp-gis.de\/es\/business-continuity\/#primaryimage"},"thumbnailUrl":"https:\/\/tsp-gis.de\/wp-content\/uploads\/2021\/07\/businesscontinuity-scaled-e1625131991205.jpg","datePublished":"2021-07-17T19:25:02+00:00","dateModified":"2022-09-16T07:39:03+00:00","breadcrumb":{"@id":"https:\/\/tsp-gis.de\/es\/business-continuity\/#breadcrumb"},"inLanguage":"es","potentialAction":[{"@type":"ReadAction","target":["https:\/\/tsp-gis.de\/es\/business-continuity\/"]}]},{"@type":"ImageObject","inLanguage":"es","@id":"https:\/\/tsp-gis.de\/es\/business-continuity\/#primaryimage","url":"https:\/\/tsp-gis.de\/wp-content\/uploads\/2021\/07\/businesscontinuity-scaled-e1625131991205.jpg","contentUrl":"https:\/\/tsp-gis.de\/wp-content\/uploads\/2021\/07\/businesscontinuity-scaled-e1625131991205.jpg","width":2560,"height":563,"caption":"TSP - Business Continuity, Warehousemanagement & Softwareentwicklung"},{"@type":"BreadcrumbList","@id":"https:\/\/tsp-gis.de\/es\/business-continuity\/#breadcrumb","itemListElement":[{"@type":"ListItem","position":1,"name":"Startseite","item":"https:\/\/tsp-gis.de\/es\/"},{"@type":"ListItem","position":2,"name":"Business Continuity"}]},{"@type":"WebSite","@id":"https:\/\/tsp-gis.de\/es\/#website","url":"https:\/\/tsp-gis.de\/es\/","name":"T.S.P.","description":"Warehouse Management 4.0 and Business Continuity for IBM i","publisher":{"@id":"https:\/\/tsp-gis.de\/es\/#organization"},"potentialAction":[{"@type":"SearchAction","target":{"@type":"EntryPoint","urlTemplate":"https:\/\/tsp-gis.de\/es\/?s={search_term_string}"},"query-input":{"@type":"PropertyValueSpecification","valueRequired":true,"valueName":"search_term_string"}}],"inLanguage":"es"},{"@type":"Organization","@id":"https:\/\/tsp-gis.de\/es\/#organization","name":"T.S.P. Gesellschaft f\u00fcr Informationssysteme mbH","url":"https:\/\/tsp-gis.de\/es\/","logo":{"@type":"ImageObject","inLanguage":"es","@id":"https:\/\/tsp-gis.de\/es\/#\/schema\/logo\/image\/","url":"https:\/\/tsp-gis.de\/wp-content\/uploads\/2021\/05\/logo-1.png","contentUrl":"https:\/\/tsp-gis.de\/wp-content\/uploads\/2021\/05\/logo-1.png","width":1628,"height":880,"caption":"T.S.P. Gesellschaft f\u00fcr Informationssysteme mbH"},"image":{"@id":"https:\/\/tsp-gis.de\/es\/#\/schema\/logo\/image\/"}}]}},"_links":{"self":[{"href":"https:\/\/tsp-gis.de\/es\/wp-json\/wp\/v2\/pages\/2537","targetHints":{"allow":["GET"]}}],"collection":[{"href":"https:\/\/tsp-gis.de\/es\/wp-json\/wp\/v2\/pages"}],"about":[{"href":"https:\/\/tsp-gis.de\/es\/wp-json\/wp\/v2\/types\/page"}],"author":[{"embeddable":true,"href":"https:\/\/tsp-gis.de\/es\/wp-json\/wp\/v2\/users\/2"}],"replies":[{"embeddable":true,"href":"https:\/\/tsp-gis.de\/es\/wp-json\/wp\/v2\/comments?post=2537"}],"version-history":[{"count":12,"href":"https:\/\/tsp-gis.de\/es\/wp-json\/wp\/v2\/pages\/2537\/revisions"}],"predecessor-version":[{"id":3651,"href":"https:\/\/tsp-gis.de\/es\/wp-json\/wp\/v2\/pages\/2537\/revisions\/3651"}],"wp:featuredmedia":[{"embeddable":true,"href":"https:\/\/tsp-gis.de\/es\/wp-json\/wp\/v2\/media\/2539"}],"wp:attachment":[{"href":"https:\/\/tsp-gis.de\/es\/wp-json\/wp\/v2\/media?parent=2537"}],"curies":[{"name":"wp","href":"https:\/\/api.w.org\/{rel}","templated":true}]}}