{"id":2556,"date":"2021-07-17T21:30:21","date_gmt":"2021-07-17T19:30:21","guid":{"rendered":"https:\/\/tsp-gis.de\/?page_id=2556"},"modified":"2022-09-15T11:46:15","modified_gmt":"2022-09-15T09:46:15","slug":"disaster-recovery","status":"publish","type":"page","link":"https:\/\/tsp-gis.de\/es\/disaster-recovery\/","title":{"rendered":"Disaster Recovery"},"content":{"rendered":"<h1 style=\"text-align: center;\"><strong><span lang=\"EN-US\">Con BUS<\/span><span lang=\"EN-US\">4<\/span><span lang=\"EN-US\">i ISB Disaster Recovery, \u00abRien ne vas plus\u00bb ya no tiene por qu\u00e9 serlo<\/span><\/strong><\/h1>\n<p style=\"text-align: center;\"><span style=\"font-size: 19px;\" lang=\"EN-US\">BUS<\/span><span style=\"font-size: 19px;\"><span style=\"color: var(--tcb-skin-color-0);\" lang=\"EN-US\">4<\/span><span lang=\"EN-US\">i<\/span><span lang=\"EN-US\">&nbsp;ISB Disaster Recovery es la puerta de entrada a una mejor disponibilidad de los valiosos datos transaccionales.<\/span><\/span><span style=\"font-size: 19px;\"><span lang=\"IT\">Nuestra soluci\u00f3n hace una copia de seguridad permanente y en tiempo real de todos los cambios en el sistema de producci\u00f3n en un sistema de almacenamiento en red remoto.<\/span><\/span><span style=\"font-size: 19px;\"><span lang=\"IT\">Esto evita la p\u00e9rdida de datos entre las copias de seguridad o las instant\u00e1neas de su entorno de producci\u00f3n.<\/span><\/span><span style=\"font-size: 19px;\" lang=\"IT\">Los datos perdidos no siempre pueden reintroducirse de una manera que requiera mucho tiempo. Los pedidos en l\u00ednea o los pedidos EDI a menudo no pueden recuperarse o reconstruirse f\u00e1cilmente.<\/span><\/p>\n\n<p style=\"text-align: center;\"><strong><span style=\"font-size: 20px;\" lang=\"EN-US\">Es bueno saberlo.<\/span><\/strong><\/p>\n<p style=\"text-align: center;\"><span lang=\"EN-US\">Tambi\u00e9n es posible comenzar con&nbsp;<\/span><span lang=\"EN-US\">BUS<\/span><span style=\"color: var(--tcb-skin-color-0);\" lang=\"EN-US\">4<\/span><span lang=\"EN-US\">i<\/span><span lang=\"EN-US\">&nbsp;ISB Disaster Recovery y luego cambiar a&nbsp;<\/span><span lang=\"EN-US\">BUS<\/span><span style=\"color: var(--tcb-skin-color-0);\" lang=\"EN-US\">4<\/span><span lang=\"EN-US\">i&nbsp;<\/span><span lang=\"EN-US\">Business Continuity completo.&nbsp;<\/span><span lang=\"IT\">Utilizando el sistema de continuidad de negocio&nbsp;<\/span><span lang=\"IT\">BUS<\/span><span style=\"color: var(--tcb-skin-color-0);\" lang=\"IT\">4<\/span><span lang=\"IT\">i,<\/span><span lang=\"IT\">&nbsp;puede realizar copias de seguridad en cinta en cualquier momento. No hay que tener en cuenta la producci\u00f3n.<\/span><span lang=\"IT\"><\/span><span lang=\"IT\">Adem\u00e1s, todas las operaciones de lectura pueden realizarse en el sistema de destino sin afectar al rendimiento del entorno de producci\u00f3n. Por ejemplo, las ejecuciones mensuales o las consultas complejas. Tambi\u00e9n es f\u00e1cil crear un almac\u00e9n de datos.<\/span><span lang=\"IT\"><\/span><span lang=\"IT\">Cuando modernice o actualice sus aplicaciones, podr\u00e1 probarlas sin riesgos y con total tranquilidad. &nbsp;<\/span><\/p>\n<h2>Solicitud de demostraci\u00f3n<\/h2>\n<p>Solicite una demostraci\u00f3n en vivo ahora y vea por s\u00ed mismo c\u00f3mo BUS4i puede ayudarle con sus requisitos operativos y de negocio de HA\/DR.<\/p>\n","protected":false},"excerpt":{"rendered":"<p>Con BUS4i ISB Disaster Recovery, \u00abRien ne vas plus\u00bb ya no tiene por qu\u00e9 serlo BUS4i&nbsp;ISB Disaster Recovery es la puerta de entrada a una mejor disponibilidad de los valiosos datos transaccionales.Nuestra soluci\u00f3n hace una copia de seguridad permanente y en tiempo real de todos los cambios en el sistema de producci\u00f3n en un sistema [&hellip;]<\/p>\n","protected":false},"author":2,"featured_media":2558,"parent":0,"menu_order":0,"comment_status":"closed","ping_status":"closed","template":"","meta":{"footnotes":""},"class_list":["post-2556","page","type-page","status-publish","has-post-thumbnail","hentry","post-wrapper","thrv_wrapper"],"yoast_head":"<!-- This site is optimized with the Yoast SEO plugin v27.0 - https:\/\/yoast.com\/product\/yoast-seo-wordpress\/ -->\n<title>Copia permanente de datos en tiempo real \u2013 T. S. P<\/title>\n<meta name=\"robots\" content=\"index, follow, max-snippet:-1, max-image-preview:large, max-video-preview:-1\" \/>\n<link rel=\"canonical\" href=\"https:\/\/tsp-gis.de\/es\/disaster-recovery\/\" \/>\n<meta property=\"og:locale\" content=\"es_ES\" \/>\n<meta property=\"og:type\" content=\"article\" \/>\n<meta property=\"og:title\" content=\"Copia permanente de datos en tiempo real \u2013 T. S. P\" \/>\n<meta property=\"og:description\" content=\"Con BUS4i ISB Disaster Recovery, \u00abRien ne vas plus\u00bb ya no tiene por qu\u00e9 serlo BUS4i&nbsp;ISB Disaster Recovery es la puerta de entrada a una mejor disponibilidad de los valiosos datos transaccionales.Nuestra soluci\u00f3n hace una copia de seguridad permanente y en tiempo real de todos los cambios en el sistema de producci\u00f3n en un sistema [&hellip;]\" \/>\n<meta property=\"og:url\" content=\"https:\/\/tsp-gis.de\/es\/disaster-recovery\/\" \/>\n<meta property=\"og:site_name\" content=\"T.S.P.\" \/>\n<meta property=\"article:modified_time\" content=\"2022-09-15T09:46:15+00:00\" \/>\n<meta property=\"og:image\" content=\"https:\/\/tsp-gis.de\/wp-content\/uploads\/2021\/06\/iStock-521310698-1-scaled-e1623657003136.jpg\" \/>\n\t<meta property=\"og:image:width\" content=\"1708\" \/>\n\t<meta property=\"og:image:height\" content=\"1708\" \/>\n\t<meta property=\"og:image:type\" content=\"image\/jpeg\" \/>\n<meta name=\"twitter:card\" content=\"summary_large_image\" \/>\n<meta name=\"twitter:label1\" content=\"Tiempo de lectura\" \/>\n\t<meta name=\"twitter:data1\" content=\"2 minutos\" \/>\n<script type=\"application\/ld+json\" class=\"yoast-schema-graph\">{\"@context\":\"https:\/\/schema.org\",\"@graph\":[{\"@type\":\"WebPage\",\"@id\":\"https:\/\/tsp-gis.de\/es\/disaster-recovery\/\",\"url\":\"https:\/\/tsp-gis.de\/es\/disaster-recovery\/\",\"name\":\"Copia permanente de datos en tiempo real \u2013 T. S. P\",\"isPartOf\":{\"@id\":\"https:\/\/tsp-gis.de\/es\/#website\"},\"primaryImageOfPage\":{\"@id\":\"https:\/\/tsp-gis.de\/es\/disaster-recovery\/#primaryimage\"},\"image\":{\"@id\":\"https:\/\/tsp-gis.de\/es\/disaster-recovery\/#primaryimage\"},\"thumbnailUrl\":\"https:\/\/tsp-gis.de\/wp-content\/uploads\/2021\/06\/iStock-521310698-1-scaled-e1623657003136.jpg\",\"datePublished\":\"2021-07-17T19:30:21+00:00\",\"dateModified\":\"2022-09-15T09:46:15+00:00\",\"breadcrumb\":{\"@id\":\"https:\/\/tsp-gis.de\/es\/disaster-recovery\/#breadcrumb\"},\"inLanguage\":\"es\",\"potentialAction\":[{\"@type\":\"ReadAction\",\"target\":[\"https:\/\/tsp-gis.de\/es\/disaster-recovery\/\"]}]},{\"@type\":\"ImageObject\",\"inLanguage\":\"es\",\"@id\":\"https:\/\/tsp-gis.de\/es\/disaster-recovery\/#primaryimage\",\"url\":\"https:\/\/tsp-gis.de\/wp-content\/uploads\/2021\/06\/iStock-521310698-1-scaled-e1623657003136.jpg\",\"contentUrl\":\"https:\/\/tsp-gis.de\/wp-content\/uploads\/2021\/06\/iStock-521310698-1-scaled-e1623657003136.jpg\",\"width\":1708,\"height\":1708,\"caption\":\"IBM i Disaster Recovery\"},{\"@type\":\"BreadcrumbList\",\"@id\":\"https:\/\/tsp-gis.de\/es\/disaster-recovery\/#breadcrumb\",\"itemListElement\":[{\"@type\":\"ListItem\",\"position\":1,\"name\":\"Startseite\",\"item\":\"https:\/\/tsp-gis.de\/es\/\"},{\"@type\":\"ListItem\",\"position\":2,\"name\":\"Disaster Recovery\"}]},{\"@type\":\"WebSite\",\"@id\":\"https:\/\/tsp-gis.de\/es\/#website\",\"url\":\"https:\/\/tsp-gis.de\/es\/\",\"name\":\"T.S.P.\",\"description\":\"Warehouse Management 4.0 and Business Continuity for IBM i\",\"publisher\":{\"@id\":\"https:\/\/tsp-gis.de\/es\/#organization\"},\"potentialAction\":[{\"@type\":\"SearchAction\",\"target\":{\"@type\":\"EntryPoint\",\"urlTemplate\":\"https:\/\/tsp-gis.de\/es\/?s={search_term_string}\"},\"query-input\":{\"@type\":\"PropertyValueSpecification\",\"valueRequired\":true,\"valueName\":\"search_term_string\"}}],\"inLanguage\":\"es\"},{\"@type\":\"Organization\",\"@id\":\"https:\/\/tsp-gis.de\/es\/#organization\",\"name\":\"T.S.P. Gesellschaft f\u00fcr Informationssysteme mbH\",\"url\":\"https:\/\/tsp-gis.de\/es\/\",\"logo\":{\"@type\":\"ImageObject\",\"inLanguage\":\"es\",\"@id\":\"https:\/\/tsp-gis.de\/es\/#\/schema\/logo\/image\/\",\"url\":\"https:\/\/tsp-gis.de\/wp-content\/uploads\/2021\/05\/logo-1.png\",\"contentUrl\":\"https:\/\/tsp-gis.de\/wp-content\/uploads\/2021\/05\/logo-1.png\",\"width\":1628,\"height\":880,\"caption\":\"T.S.P. Gesellschaft f\u00fcr Informationssysteme mbH\"},\"image\":{\"@id\":\"https:\/\/tsp-gis.de\/es\/#\/schema\/logo\/image\/\"}}]}<\/script>\n<!-- \/ Yoast SEO plugin. -->","yoast_head_json":{"title":"Copia permanente de datos en tiempo real \u2013 T. S. P","robots":{"index":"index","follow":"follow","max-snippet":"max-snippet:-1","max-image-preview":"max-image-preview:large","max-video-preview":"max-video-preview:-1"},"canonical":"https:\/\/tsp-gis.de\/es\/disaster-recovery\/","og_locale":"es_ES","og_type":"article","og_title":"Copia permanente de datos en tiempo real \u2013 T. S. P","og_description":"Con BUS4i ISB Disaster Recovery, \u00abRien ne vas plus\u00bb ya no tiene por qu\u00e9 serlo BUS4i&nbsp;ISB Disaster Recovery es la puerta de entrada a una mejor disponibilidad de los valiosos datos transaccionales.Nuestra soluci\u00f3n hace una copia de seguridad permanente y en tiempo real de todos los cambios en el sistema de producci\u00f3n en un sistema [&hellip;]","og_url":"https:\/\/tsp-gis.de\/es\/disaster-recovery\/","og_site_name":"T.S.P.","article_modified_time":"2022-09-15T09:46:15+00:00","og_image":[{"width":1708,"height":1708,"url":"https:\/\/tsp-gis.de\/wp-content\/uploads\/2021\/06\/iStock-521310698-1-scaled-e1623657003136.jpg","type":"image\/jpeg"}],"twitter_card":"summary_large_image","twitter_misc":{"Tiempo de lectura":"2 minutos"},"schema":{"@context":"https:\/\/schema.org","@graph":[{"@type":"WebPage","@id":"https:\/\/tsp-gis.de\/es\/disaster-recovery\/","url":"https:\/\/tsp-gis.de\/es\/disaster-recovery\/","name":"Copia permanente de datos en tiempo real \u2013 T. S. P","isPartOf":{"@id":"https:\/\/tsp-gis.de\/es\/#website"},"primaryImageOfPage":{"@id":"https:\/\/tsp-gis.de\/es\/disaster-recovery\/#primaryimage"},"image":{"@id":"https:\/\/tsp-gis.de\/es\/disaster-recovery\/#primaryimage"},"thumbnailUrl":"https:\/\/tsp-gis.de\/wp-content\/uploads\/2021\/06\/iStock-521310698-1-scaled-e1623657003136.jpg","datePublished":"2021-07-17T19:30:21+00:00","dateModified":"2022-09-15T09:46:15+00:00","breadcrumb":{"@id":"https:\/\/tsp-gis.de\/es\/disaster-recovery\/#breadcrumb"},"inLanguage":"es","potentialAction":[{"@type":"ReadAction","target":["https:\/\/tsp-gis.de\/es\/disaster-recovery\/"]}]},{"@type":"ImageObject","inLanguage":"es","@id":"https:\/\/tsp-gis.de\/es\/disaster-recovery\/#primaryimage","url":"https:\/\/tsp-gis.de\/wp-content\/uploads\/2021\/06\/iStock-521310698-1-scaled-e1623657003136.jpg","contentUrl":"https:\/\/tsp-gis.de\/wp-content\/uploads\/2021\/06\/iStock-521310698-1-scaled-e1623657003136.jpg","width":1708,"height":1708,"caption":"IBM i Disaster Recovery"},{"@type":"BreadcrumbList","@id":"https:\/\/tsp-gis.de\/es\/disaster-recovery\/#breadcrumb","itemListElement":[{"@type":"ListItem","position":1,"name":"Startseite","item":"https:\/\/tsp-gis.de\/es\/"},{"@type":"ListItem","position":2,"name":"Disaster Recovery"}]},{"@type":"WebSite","@id":"https:\/\/tsp-gis.de\/es\/#website","url":"https:\/\/tsp-gis.de\/es\/","name":"T.S.P.","description":"Warehouse Management 4.0 and Business Continuity for IBM i","publisher":{"@id":"https:\/\/tsp-gis.de\/es\/#organization"},"potentialAction":[{"@type":"SearchAction","target":{"@type":"EntryPoint","urlTemplate":"https:\/\/tsp-gis.de\/es\/?s={search_term_string}"},"query-input":{"@type":"PropertyValueSpecification","valueRequired":true,"valueName":"search_term_string"}}],"inLanguage":"es"},{"@type":"Organization","@id":"https:\/\/tsp-gis.de\/es\/#organization","name":"T.S.P. Gesellschaft f\u00fcr Informationssysteme mbH","url":"https:\/\/tsp-gis.de\/es\/","logo":{"@type":"ImageObject","inLanguage":"es","@id":"https:\/\/tsp-gis.de\/es\/#\/schema\/logo\/image\/","url":"https:\/\/tsp-gis.de\/wp-content\/uploads\/2021\/05\/logo-1.png","contentUrl":"https:\/\/tsp-gis.de\/wp-content\/uploads\/2021\/05\/logo-1.png","width":1628,"height":880,"caption":"T.S.P. Gesellschaft f\u00fcr Informationssysteme mbH"},"image":{"@id":"https:\/\/tsp-gis.de\/es\/#\/schema\/logo\/image\/"}}]}},"_links":{"self":[{"href":"https:\/\/tsp-gis.de\/es\/wp-json\/wp\/v2\/pages\/2556","targetHints":{"allow":["GET"]}}],"collection":[{"href":"https:\/\/tsp-gis.de\/es\/wp-json\/wp\/v2\/pages"}],"about":[{"href":"https:\/\/tsp-gis.de\/es\/wp-json\/wp\/v2\/types\/page"}],"author":[{"embeddable":true,"href":"https:\/\/tsp-gis.de\/es\/wp-json\/wp\/v2\/users\/2"}],"replies":[{"embeddable":true,"href":"https:\/\/tsp-gis.de\/es\/wp-json\/wp\/v2\/comments?post=2556"}],"version-history":[{"count":12,"href":"https:\/\/tsp-gis.de\/es\/wp-json\/wp\/v2\/pages\/2556\/revisions"}],"predecessor-version":[{"id":3574,"href":"https:\/\/tsp-gis.de\/es\/wp-json\/wp\/v2\/pages\/2556\/revisions\/3574"}],"wp:featuredmedia":[{"embeddable":true,"href":"https:\/\/tsp-gis.de\/es\/wp-json\/wp\/v2\/media\/2558"}],"wp:attachment":[{"href":"https:\/\/tsp-gis.de\/es\/wp-json\/wp\/v2\/media?parent=2556"}],"curies":[{"name":"wp","href":"https:\/\/api.w.org\/{rel}","templated":true}]}}