{"id":2567,"date":"2021-07-17T21:45:31","date_gmt":"2021-07-17T19:45:31","guid":{"rendered":"https:\/\/tsp-gis.de\/?page_id=2567"},"modified":"2022-09-15T11:45:42","modified_gmt":"2022-09-15T09:45:42","slug":"high-availability","status":"publish","type":"page","link":"https:\/\/tsp-gis.de\/es\/high-availability\/","title":{"rendered":"High Availability"},"content":{"rendered":"<h1 style=\"text-align: center;\"><strong><span lang=\"IT\">BUS<\/span><\/strong><strong><span lang=\"IT\">4<\/span><\/strong><strong><span lang=\"IT\">i<\/span><\/strong><strong><span lang=\"IT\">: \u00a1la alta disponibilidad moderna para su Servidor de Negocios IBM i!<\/span><\/strong><\/h1>\n<p style=\"text-align: center;\"><span style=\"font-size: 19px;\" lang=\"IT\">Los requisitos para la continuidad del negocio, tal como la conocemos, est\u00e1n cambiando cada vez m\u00e1s. Debido a los nuevos retos, como la nube y el alojamiento de servidores, los conceptos relacionados con el cambio de rol por falla (failover) deben revisarse y adaptarse constantemente.<\/span><\/p>\n<p style=\"text-align: center;\"><span style=\"font-size: 19px;\" lang=\"IT\">Se necesita una mayor flexibilidad y escalabilidad, pero con la mayor facilidad de uso posible. Alrededor del mundo, las instalaciones in-situ o las operaciones entre varias nubes, as\u00ed como la operaci\u00f3n por parte de los proveedores de servicios, deber\u00edan ser posibles sin complicaciones. Pero incluso los tiempos de indisponibilidad planificados, como las actualizaciones del servidor, las copias de seguridad, los procesos por lotes, etc., ya no son asumibles para muchas empresas hoy en d\u00eda. &nbsp;<\/span><\/p>\n<p style=\"text-align: center;\"><strong><span lang=\"IT\">La soluci\u00f3n: nuestro sistema de continuidad del negocio BUS<\/span><\/strong><strong><span style=\"color:var(--tcb-skin-color-0);\" lang=\"IT\">4<\/span><\/strong><strong><span lang=\"IT\">i.<\/span><\/strong><\/p>\n\n<p style=\"text-align: center;\"><strong><span style=\"font-size: 20px;\" lang=\"EN-US\">Es bueno saberlo.<\/span><\/strong><\/p>\n<p style=\"text-align: center;\"><span style=\"font-size: 19px;\"><span lang=\"EN-US\">Tambi\u00e9n es posible comenzar con&nbsp;<\/span><span lang=\"EN-US\">BUS<\/span><span style=\"color: var(--tcb-skin-color-0);\" lang=\"EN-US\">4<\/span><span lang=\"EN-US\">i<\/span><span lang=\"EN-US\">&nbsp;ISB Disaster Recovery y luego cambiar a&nbsp;<\/span><span lang=\"EN-US\">BUS<\/span><span style=\"color: var(--tcb-skin-color-0);\" lang=\"EN-US\">4<\/span><span lang=\"EN-US\">i&nbsp;<\/span><span lang=\"EN-US\">Business Continuity completo.&nbsp;<\/span><\/span><span style=\"font-size: 19px;\"><span lang=\"IT\">Utilizando el sistema de continuidad del negocio&nbsp;<\/span><span lang=\"IT\">BUS<\/span><span style=\"color: var(--tcb-skin-color-0);\" lang=\"IT\">4<\/span><span lang=\"IT\">i,<\/span><span lang=\"IT\">&nbsp;puede realizar copias de seguridad en cinta en cualquier momento. No hay que tener en cuenta la producci\u00f3n.<\/span><\/span><span style=\"font-size: 19px;\"><span lang=\"IT\">Adem\u00e1s, todas las operaciones de lectura pueden realizarse en el sistema de destino sin afectar al rendimiento del entorno de producci\u00f3n. Por ejemplo, las ejecuciones mensuales o las consultas complejas. Tambi\u00e9n es f\u00e1cil crear un almac\u00e9n de datos.<\/span><\/span><span lang=\"IT\">Cuando modernice o actualice sus aplicaciones, podr\u00e1 probarlas sin riesgos y con total tranquilidad. &nbsp;<\/span><\/p>\n<h2 style=\"text-align: center;\"><strong>Esto es lo que dicen los clientes sobre nuestro sistema de continuidad empresarial BUS<span style=\"color:var(--tcb-skin-color-0);\">4<\/span>i:<\/strong><\/h2>\n<p>Dachser se<\/p>\n<h6>Herbert Egner,<\/h6>\n<p style=\"\"><span style=\"\" lang=\"IT\">Jefe de Departamento de Sistemas Inform\u00e1ticos-Software<\/span><\/p>\n<p><em><span lang=\"IT\">\u00abAl utilizar BUS<span style=\"color: var(--tcb-skin-color-0);\">4<\/span>i HA, aseguramos el funcionamiento de nuestras complejas cadenas de suministro en todo momento.&nbsp;<\/span><span lang=\"EN-US\">Podemos concentrarnos plenamente en nuestra actividad principal\u00bb.<\/span><\/em><\/p>\n<h2>Solicitud de demostraci\u00f3n<\/h2>\n<p>Solicite una demostraci\u00f3n en vivo ahora y vea por s\u00ed mismo c\u00f3mo BUS4i puede ayudarle con sus requisitos operativos y de negocio de HA\/DR.<\/p>\n","protected":false},"excerpt":{"rendered":"<p>BUS4i: \u00a1la alta disponibilidad moderna para su Servidor de Negocios IBM i! Los requisitos para la continuidad del negocio, tal como la conocemos, est\u00e1n cambiando cada vez m\u00e1s. Debido a los nuevos retos, como la nube y el alojamiento de servidores, los conceptos relacionados con el cambio de rol por falla (failover) deben revisarse y [&hellip;]<\/p>\n","protected":false},"author":2,"featured_media":2548,"parent":0,"menu_order":0,"comment_status":"closed","ping_status":"closed","template":"","meta":{"footnotes":""},"class_list":["post-2567","page","type-page","status-publish","has-post-thumbnail","hentry","post-wrapper","thrv_wrapper"],"yoast_head":"<!-- This site is optimized with the Yoast SEO plugin v27.0 - https:\/\/yoast.com\/product\/yoast-seo-wordpress\/ -->\n<title>Alta disponibilidad para su IBM i Business Server \u2013 T. S. P<\/title>\n<meta name=\"robots\" content=\"index, follow, max-snippet:-1, max-image-preview:large, max-video-preview:-1\" \/>\n<link rel=\"canonical\" href=\"https:\/\/tsp-gis.de\/es\/high-availability\/\" \/>\n<meta property=\"og:locale\" content=\"es_ES\" \/>\n<meta property=\"og:type\" content=\"article\" \/>\n<meta property=\"og:title\" content=\"Alta disponibilidad para su IBM i Business Server \u2013 T. S. P\" \/>\n<meta property=\"og:description\" content=\"BUS4i: \u00a1la alta disponibilidad moderna para su Servidor de Negocios IBM i! Los requisitos para la continuidad del negocio, tal como la conocemos, est\u00e1n cambiando cada vez m\u00e1s. Debido a los nuevos retos, como la nube y el alojamiento de servidores, los conceptos relacionados con el cambio de rol por falla (failover) deben revisarse y [&hellip;]\" \/>\n<meta property=\"og:url\" content=\"https:\/\/tsp-gis.de\/es\/high-availability\/\" \/>\n<meta property=\"og:site_name\" content=\"T.S.P.\" \/>\n<meta property=\"article:modified_time\" content=\"2022-09-15T09:45:42+00:00\" \/>\n<meta property=\"og:image\" content=\"https:\/\/tsp-gis.de\/wp-content\/uploads\/2021\/06\/iStock-941005966-1-scaled-e1623657020582.jpg\" \/>\n\t<meta property=\"og:image:width\" content=\"1440\" \/>\n\t<meta property=\"og:image:height\" content=\"1440\" \/>\n\t<meta property=\"og:image:type\" content=\"image\/jpeg\" \/>\n<meta name=\"twitter:card\" content=\"summary_large_image\" \/>\n<meta name=\"twitter:label1\" content=\"Tiempo de lectura\" \/>\n\t<meta name=\"twitter:data1\" content=\"2 minutos\" \/>\n<script type=\"application\/ld+json\" class=\"yoast-schema-graph\">{\"@context\":\"https:\/\/schema.org\",\"@graph\":[{\"@type\":\"WebPage\",\"@id\":\"https:\/\/tsp-gis.de\/es\/high-availability\/\",\"url\":\"https:\/\/tsp-gis.de\/es\/high-availability\/\",\"name\":\"Alta disponibilidad para su IBM i Business Server \u2013 T. S. P\",\"isPartOf\":{\"@id\":\"https:\/\/tsp-gis.de\/es\/#website\"},\"primaryImageOfPage\":{\"@id\":\"https:\/\/tsp-gis.de\/es\/high-availability\/#primaryimage\"},\"image\":{\"@id\":\"https:\/\/tsp-gis.de\/es\/high-availability\/#primaryimage\"},\"thumbnailUrl\":\"https:\/\/tsp-gis.de\/wp-content\/uploads\/2021\/06\/iStock-941005966-1-scaled-e1623657020582.jpg\",\"datePublished\":\"2021-07-17T19:45:31+00:00\",\"dateModified\":\"2022-09-15T09:45:42+00:00\",\"breadcrumb\":{\"@id\":\"https:\/\/tsp-gis.de\/es\/high-availability\/#breadcrumb\"},\"inLanguage\":\"es\",\"potentialAction\":[{\"@type\":\"ReadAction\",\"target\":[\"https:\/\/tsp-gis.de\/es\/high-availability\/\"]}]},{\"@type\":\"ImageObject\",\"inLanguage\":\"es\",\"@id\":\"https:\/\/tsp-gis.de\/es\/high-availability\/#primaryimage\",\"url\":\"https:\/\/tsp-gis.de\/wp-content\/uploads\/2021\/06\/iStock-941005966-1-scaled-e1623657020582.jpg\",\"contentUrl\":\"https:\/\/tsp-gis.de\/wp-content\/uploads\/2021\/06\/iStock-941005966-1-scaled-e1623657020582.jpg\",\"width\":1440,\"height\":1440,\"caption\":\"IBM i Business Continuity\"},{\"@type\":\"BreadcrumbList\",\"@id\":\"https:\/\/tsp-gis.de\/es\/high-availability\/#breadcrumb\",\"itemListElement\":[{\"@type\":\"ListItem\",\"position\":1,\"name\":\"Startseite\",\"item\":\"https:\/\/tsp-gis.de\/es\/\"},{\"@type\":\"ListItem\",\"position\":2,\"name\":\"High Availability\"}]},{\"@type\":\"WebSite\",\"@id\":\"https:\/\/tsp-gis.de\/es\/#website\",\"url\":\"https:\/\/tsp-gis.de\/es\/\",\"name\":\"T.S.P.\",\"description\":\"Warehouse Management 4.0 and Business Continuity for IBM i\",\"publisher\":{\"@id\":\"https:\/\/tsp-gis.de\/es\/#organization\"},\"potentialAction\":[{\"@type\":\"SearchAction\",\"target\":{\"@type\":\"EntryPoint\",\"urlTemplate\":\"https:\/\/tsp-gis.de\/es\/?s={search_term_string}\"},\"query-input\":{\"@type\":\"PropertyValueSpecification\",\"valueRequired\":true,\"valueName\":\"search_term_string\"}}],\"inLanguage\":\"es\"},{\"@type\":\"Organization\",\"@id\":\"https:\/\/tsp-gis.de\/es\/#organization\",\"name\":\"T.S.P. Gesellschaft f\u00fcr Informationssysteme mbH\",\"url\":\"https:\/\/tsp-gis.de\/es\/\",\"logo\":{\"@type\":\"ImageObject\",\"inLanguage\":\"es\",\"@id\":\"https:\/\/tsp-gis.de\/es\/#\/schema\/logo\/image\/\",\"url\":\"https:\/\/tsp-gis.de\/wp-content\/uploads\/2021\/05\/logo-1.png\",\"contentUrl\":\"https:\/\/tsp-gis.de\/wp-content\/uploads\/2021\/05\/logo-1.png\",\"width\":1628,\"height\":880,\"caption\":\"T.S.P. Gesellschaft f\u00fcr Informationssysteme mbH\"},\"image\":{\"@id\":\"https:\/\/tsp-gis.de\/es\/#\/schema\/logo\/image\/\"}}]}<\/script>\n<!-- \/ Yoast SEO plugin. -->","yoast_head_json":{"title":"Alta disponibilidad para su IBM i Business Server \u2013 T. S. P","robots":{"index":"index","follow":"follow","max-snippet":"max-snippet:-1","max-image-preview":"max-image-preview:large","max-video-preview":"max-video-preview:-1"},"canonical":"https:\/\/tsp-gis.de\/es\/high-availability\/","og_locale":"es_ES","og_type":"article","og_title":"Alta disponibilidad para su IBM i Business Server \u2013 T. S. P","og_description":"BUS4i: \u00a1la alta disponibilidad moderna para su Servidor de Negocios IBM i! Los requisitos para la continuidad del negocio, tal como la conocemos, est\u00e1n cambiando cada vez m\u00e1s. Debido a los nuevos retos, como la nube y el alojamiento de servidores, los conceptos relacionados con el cambio de rol por falla (failover) deben revisarse y [&hellip;]","og_url":"https:\/\/tsp-gis.de\/es\/high-availability\/","og_site_name":"T.S.P.","article_modified_time":"2022-09-15T09:45:42+00:00","og_image":[{"width":1440,"height":1440,"url":"https:\/\/tsp-gis.de\/wp-content\/uploads\/2021\/06\/iStock-941005966-1-scaled-e1623657020582.jpg","type":"image\/jpeg"}],"twitter_card":"summary_large_image","twitter_misc":{"Tiempo de lectura":"2 minutos"},"schema":{"@context":"https:\/\/schema.org","@graph":[{"@type":"WebPage","@id":"https:\/\/tsp-gis.de\/es\/high-availability\/","url":"https:\/\/tsp-gis.de\/es\/high-availability\/","name":"Alta disponibilidad para su IBM i Business Server \u2013 T. S. P","isPartOf":{"@id":"https:\/\/tsp-gis.de\/es\/#website"},"primaryImageOfPage":{"@id":"https:\/\/tsp-gis.de\/es\/high-availability\/#primaryimage"},"image":{"@id":"https:\/\/tsp-gis.de\/es\/high-availability\/#primaryimage"},"thumbnailUrl":"https:\/\/tsp-gis.de\/wp-content\/uploads\/2021\/06\/iStock-941005966-1-scaled-e1623657020582.jpg","datePublished":"2021-07-17T19:45:31+00:00","dateModified":"2022-09-15T09:45:42+00:00","breadcrumb":{"@id":"https:\/\/tsp-gis.de\/es\/high-availability\/#breadcrumb"},"inLanguage":"es","potentialAction":[{"@type":"ReadAction","target":["https:\/\/tsp-gis.de\/es\/high-availability\/"]}]},{"@type":"ImageObject","inLanguage":"es","@id":"https:\/\/tsp-gis.de\/es\/high-availability\/#primaryimage","url":"https:\/\/tsp-gis.de\/wp-content\/uploads\/2021\/06\/iStock-941005966-1-scaled-e1623657020582.jpg","contentUrl":"https:\/\/tsp-gis.de\/wp-content\/uploads\/2021\/06\/iStock-941005966-1-scaled-e1623657020582.jpg","width":1440,"height":1440,"caption":"IBM i Business Continuity"},{"@type":"BreadcrumbList","@id":"https:\/\/tsp-gis.de\/es\/high-availability\/#breadcrumb","itemListElement":[{"@type":"ListItem","position":1,"name":"Startseite","item":"https:\/\/tsp-gis.de\/es\/"},{"@type":"ListItem","position":2,"name":"High Availability"}]},{"@type":"WebSite","@id":"https:\/\/tsp-gis.de\/es\/#website","url":"https:\/\/tsp-gis.de\/es\/","name":"T.S.P.","description":"Warehouse Management 4.0 and Business Continuity for IBM i","publisher":{"@id":"https:\/\/tsp-gis.de\/es\/#organization"},"potentialAction":[{"@type":"SearchAction","target":{"@type":"EntryPoint","urlTemplate":"https:\/\/tsp-gis.de\/es\/?s={search_term_string}"},"query-input":{"@type":"PropertyValueSpecification","valueRequired":true,"valueName":"search_term_string"}}],"inLanguage":"es"},{"@type":"Organization","@id":"https:\/\/tsp-gis.de\/es\/#organization","name":"T.S.P. Gesellschaft f\u00fcr Informationssysteme mbH","url":"https:\/\/tsp-gis.de\/es\/","logo":{"@type":"ImageObject","inLanguage":"es","@id":"https:\/\/tsp-gis.de\/es\/#\/schema\/logo\/image\/","url":"https:\/\/tsp-gis.de\/wp-content\/uploads\/2021\/05\/logo-1.png","contentUrl":"https:\/\/tsp-gis.de\/wp-content\/uploads\/2021\/05\/logo-1.png","width":1628,"height":880,"caption":"T.S.P. Gesellschaft f\u00fcr Informationssysteme mbH"},"image":{"@id":"https:\/\/tsp-gis.de\/es\/#\/schema\/logo\/image\/"}}]}},"_links":{"self":[{"href":"https:\/\/tsp-gis.de\/es\/wp-json\/wp\/v2\/pages\/2567","targetHints":{"allow":["GET"]}}],"collection":[{"href":"https:\/\/tsp-gis.de\/es\/wp-json\/wp\/v2\/pages"}],"about":[{"href":"https:\/\/tsp-gis.de\/es\/wp-json\/wp\/v2\/types\/page"}],"author":[{"embeddable":true,"href":"https:\/\/tsp-gis.de\/es\/wp-json\/wp\/v2\/users\/2"}],"replies":[{"embeddable":true,"href":"https:\/\/tsp-gis.de\/es\/wp-json\/wp\/v2\/comments?post=2567"}],"version-history":[{"count":9,"href":"https:\/\/tsp-gis.de\/es\/wp-json\/wp\/v2\/pages\/2567\/revisions"}],"predecessor-version":[{"id":3573,"href":"https:\/\/tsp-gis.de\/es\/wp-json\/wp\/v2\/pages\/2567\/revisions\/3573"}],"wp:featuredmedia":[{"embeddable":true,"href":"https:\/\/tsp-gis.de\/es\/wp-json\/wp\/v2\/media\/2548"}],"wp:attachment":[{"href":"https:\/\/tsp-gis.de\/es\/wp-json\/wp\/v2\/media?parent=2567"}],"curies":[{"name":"wp","href":"https:\/\/api.w.org\/{rel}","templated":true}]}}